{"id":15286,"date":"2025-03-24T09:40:18","date_gmt":"2025-03-24T07:40:18","guid":{"rendered":"https:\/\/duckdeco.lt\/?post_type=product&#038;p=15286"},"modified":"2025-03-24T09:48:54","modified_gmt":"2025-03-24T07:48:54","slug":"vaza-citrus","status":"publish","type":"product","link":"https:\/\/duckdeco.lt\/en\/product\/vaza-citrus\/","title":{"rendered":"Vaza Citrus"},"content":{"rendered":"<ul>\n<li><span class=\"HwtZe\" lang=\"lt\"><span class=\"jCAhz ChMk0b\"><span class=\"ryNqvb\">Dekoratyvin\u0117 vaza i\u0161 Light&amp;Living kolekcijos &#8211; unikalus ir \u012fsp\u016bdingas j\u016bs\u0173 interjero papildymas.<\/span><\/span> <\/span><\/li>\n<li><span class=\"HwtZe\" lang=\"lt\"><span class=\"jCAhz ChMk0b\"><span class=\"ryNqvb\">\u0160ioje keramin\u0117je vazoje \u0161ilti rudai oran\u017einiai tonai derinami su subtiliais \u017ealiais akcentais, sukuriant \u017eaisming\u0105, bet nat\u016bral\u0173 vaizd\u0105.<\/span><\/span>\u00a0<\/span><\/li>\n<li><span class=\"HwtZe\" lang=\"lt\"><span class=\"HwtZe\" lang=\"lt\"><span class=\"jCAhz ChMk0b\"><span class=\"ryNqvb\">Nesvarbu, ar rinksit\u0117s \u0161vie\u017eias g\u0117les, d\u017eiovintas g\u0117les ar tiesiog paliksite vaz\u0105 tu\u0161\u010di\u0105, ji visada suteiks j\u016bs\u0173 interjerui stiliaus ir spalvos.<\/span><\/span><\/span><\/span><\/li>\n<li>Detal\u0117s: med\u017eiaga &#8211; keramika.<\/li>\n<li>Spalva &#8211; ruda\/ oran\u017ein\u0117.<br \/>\n<table width=\"562\">\n<tbody>\n<tr>\n<td width=\"91\">I\u0161matavimai: Plotis 19 cm \/ Auk\u0161tis 21 cm<\/td>\n<\/tr>\n<\/tbody>\n<\/table>\n<\/li>\n<\/ul>","protected":false},"excerpt":{"rendered":"<p>Dekoratyvin\u0117 vaza i\u0161 Light&amp;Living kolekcijos &#8211; unikalus ir \u012fsp\u016bdingas j\u016bs\u0173 interjero papildymas. \u0160ioje keramin\u0117je vazoje \u0161ilti rudai oran\u017einiai tonai derinami su subtiliais \u017ealiais akcentais, sukuriant \u017eaisming\u0105, bet nat\u016bral\u0173 vaizd\u0105.\u00a0 Nesvarbu, ar rinksit\u0117s \u0161vie\u017eias g\u0117les, d\u017eiovintas g\u0117les ar tiesiog paliksite vaz\u0105 tu\u0161\u010di\u0105, ji visada suteiks j\u016bs\u0173 interjerui stiliaus ir spalvos. Detal\u0117s: med\u017eiaga &#8211; keramika. Spalva &#8211; &hellip; <br \/><a href=\"https:\/\/duckdeco.lt\/en\/product\/vaza-citrus\/\" class=\"more-link\">Continue reading <span class=\"screen-reader-text\">Vaza Citrus<\/span><\/a><\/p>","protected":false},"featured_media":15307,"template":"","meta":{"_monsterinsights_skip_tracking":false,"_monsterinsights_sitenote_active":false,"_monsterinsights_sitenote_note":"","_monsterinsights_sitenote_category":0},"product_brand":[],"product_cat":[106,103,101],"product_tag":[],"class_list":{"0":"post-15286","1":"product","2":"type-product","3":"status-publish","4":"has-post-thumbnail","6":"product_cat-dekoras-sventems","7":"product_cat-dovanu-idejos","8":"product_cat-vazos","10":"first","11":"instock","12":"taxable","13":"shipping-taxable","14":"purchasable","15":"product-type-simple"},"_links":{"self":[{"href":"https:\/\/duckdeco.lt\/en\/wp-json\/wp\/v2\/product\/15286","targetHints":{"allow":["GET"]}}],"collection":[{"href":"https:\/\/duckdeco.lt\/en\/wp-json\/wp\/v2\/product"}],"about":[{"href":"https:\/\/duckdeco.lt\/en\/wp-json\/wp\/v2\/types\/product"}],"version-history":[{"count":1,"href":"https:\/\/duckdeco.lt\/en\/wp-json\/wp\/v2\/product\/15286\/revisions"}],"predecessor-version":[{"id":15306,"href":"https:\/\/duckdeco.lt\/en\/wp-json\/wp\/v2\/product\/15286\/revisions\/15306"}],"wp:featuredmedia":[{"embeddable":true,"href":"https:\/\/duckdeco.lt\/en\/wp-json\/wp\/v2\/media\/15307"}],"wp:attachment":[{"href":"https:\/\/duckdeco.lt\/en\/wp-json\/wp\/v2\/media?parent=15286"}],"wp:term":[{"taxonomy":"product_brand","embeddable":true,"href":"https:\/\/duckdeco.lt\/en\/wp-json\/wp\/v2\/product_brand?post=15286"},{"taxonomy":"product_cat","embeddable":true,"href":"https:\/\/duckdeco.lt\/en\/wp-json\/wp\/v2\/product_cat?post=15286"},{"taxonomy":"product_tag","embeddable":true,"href":"https:\/\/duckdeco.lt\/en\/wp-json\/wp\/v2\/product_tag?post=15286"}],"curies":[{"name":"wp","href":"https:\/\/api.w.org\/{rel}","templated":true}]}}