{"id":15302,"date":"2025-03-24T09:16:20","date_gmt":"2025-03-24T07:16:20","guid":{"rendered":"https:\/\/duckdeco.lt\/?post_type=product&#038;p=15302"},"modified":"2025-03-24T09:16:20","modified_gmt":"2025-03-24T07:16:20","slug":"vaza-green","status":"publish","type":"product","link":"https:\/\/duckdeco.lt\/en\/product\/vaza-green\/","title":{"rendered":"Vaza Green"},"content":{"rendered":"<ul>\n<li><span class=\"HwtZe\" lang=\"lt\"><span class=\"jCAhz\"><span class=\"ryNqvb\">\u00a0Colmore by Diga prek\u0117s \u017eenklo vaza, \u012fsp\u016bdingo dyd\u017eio, i\u0161rai\u0161king\u0173 form\u0173, dekoro akcentas, kuris vertas papildyti J\u016bs\u0173 interjer\u0105. Suteikite savo erdvei gyvumo, pastatykite \u0161i\u0105 vaz\u0105 pa\u010dioje matomiausioje vietoje, \u012fd\u0117kite dirbtini\u0173 kompozicij\u0173, tur\u0117site unikali\u0105 puo\u0161men\u0105 . <\/span><\/span><\/span><\/li>\n<li><span class=\"HwtZe\" lang=\"lt\"><span class=\"jCAhz\"><span class=\"ryNqvb\">Norite nustebinti? tai puiki dovana J\u016bs\u0173 artimiesiems, \u012fkurtuvi\u0173, jubiliejaus ar kt. proga.\u00a0 <\/span><\/span><\/span><\/li>\n<li><span class=\"HwtZe\" lang=\"lt\"><span class=\"jCAhz\"><span class=\"ryNqvb\">Neatspari vandeniui. <\/span><\/span><\/span><\/li>\n<li><span class=\"HwtZe\" lang=\"lt\"><span class=\"jCAhz\"><span class=\"ryNqvb\">Detal\u0117s: med\u017eiaga \u2013 keramika. <\/span><\/span><\/span><\/li>\n<li><span class=\"HwtZe\" lang=\"lt\"><span class=\"jCAhz\"><span class=\"ryNqvb\">Spalva \u2013 \u017ealia.<br \/>\n<\/span><\/span><\/span><\/li>\n<\/ul>\n<table width=\"562\">\n<tbody>\n<tr>\n<td width=\"91\">I\u0161matavimai: Ilgis 31 cm \/ Plotis 32 cm \/ Auk\u0161tis 33 cm<\/td>\n<\/tr>\n<\/tbody>\n<\/table>\n<p>&nbsp;<\/p>","protected":false},"excerpt":{"rendered":"<p>\u00a0Colmore by Diga prek\u0117s \u017eenklo vaza, \u012fsp\u016bdingo dyd\u017eio, i\u0161rai\u0161king\u0173 form\u0173, dekoro akcentas, kuris vertas papildyti J\u016bs\u0173 interjer\u0105. Suteikite savo erdvei gyvumo, pastatykite \u0161i\u0105 vaz\u0105 pa\u010dioje matomiausioje vietoje, \u012fd\u0117kite dirbtini\u0173 kompozicij\u0173, tur\u0117site unikali\u0105 puo\u0161men\u0105 . Norite nustebinti? tai puiki dovana J\u016bs\u0173 artimiesiems, \u012fkurtuvi\u0173, jubiliejaus ar kt. proga.\u00a0 Neatspari vandeniui. Detal\u0117s: med\u017eiaga \u2013 keramika. Spalva \u2013 \u017ealia. &hellip; <br \/><a href=\"https:\/\/duckdeco.lt\/en\/product\/vaza-green\/\" class=\"more-link\">Continue reading <span class=\"screen-reader-text\">Vaza Green<\/span><\/a><\/p>","protected":false},"featured_media":15303,"template":"","meta":{"_monsterinsights_skip_tracking":false,"_monsterinsights_sitenote_active":false,"_monsterinsights_sitenote_note":"","_monsterinsights_sitenote_category":0},"product_brand":[],"product_cat":[106,103,101],"product_tag":[278],"class_list":{"0":"post-15302","1":"product","2":"type-product","3":"status-publish","4":"has-post-thumbnail","6":"product_cat-dekoras-sventems","7":"product_cat-dovanu-idejos","8":"product_cat-vazos","9":"product_tag-dekoratyvine-vaza","11":"first","12":"instock","13":"taxable","14":"shipping-taxable","15":"purchasable","16":"product-type-simple"},"_links":{"self":[{"href":"https:\/\/duckdeco.lt\/en\/wp-json\/wp\/v2\/product\/15302","targetHints":{"allow":["GET"]}}],"collection":[{"href":"https:\/\/duckdeco.lt\/en\/wp-json\/wp\/v2\/product"}],"about":[{"href":"https:\/\/duckdeco.lt\/en\/wp-json\/wp\/v2\/types\/product"}],"version-history":[{"count":1,"href":"https:\/\/duckdeco.lt\/en\/wp-json\/wp\/v2\/product\/15302\/revisions"}],"predecessor-version":[{"id":15304,"href":"https:\/\/duckdeco.lt\/en\/wp-json\/wp\/v2\/product\/15302\/revisions\/15304"}],"wp:featuredmedia":[{"embeddable":true,"href":"https:\/\/duckdeco.lt\/en\/wp-json\/wp\/v2\/media\/15303"}],"wp:attachment":[{"href":"https:\/\/duckdeco.lt\/en\/wp-json\/wp\/v2\/media?parent=15302"}],"wp:term":[{"taxonomy":"product_brand","embeddable":true,"href":"https:\/\/duckdeco.lt\/en\/wp-json\/wp\/v2\/product_brand?post=15302"},{"taxonomy":"product_cat","embeddable":true,"href":"https:\/\/duckdeco.lt\/en\/wp-json\/wp\/v2\/product_cat?post=15302"},{"taxonomy":"product_tag","embeddable":true,"href":"https:\/\/duckdeco.lt\/en\/wp-json\/wp\/v2\/product_tag?post=15302"}],"curies":[{"name":"wp","href":"https:\/\/api.w.org\/{rel}","templated":true}]}}