{"id":15316,"date":"2025-03-24T10:34:11","date_gmt":"2025-03-24T08:34:11","guid":{"rendered":"https:\/\/duckdeco.lt\/?post_type=product&#038;p=15316"},"modified":"2025-11-10T13:11:36","modified_gmt":"2025-11-10T11:11:36","slug":"tapyba-jautis","status":"publish","type":"product","link":"https:\/\/duckdeco.lt\/en\/product\/tapyba-jautis\/","title":{"rendered":"Tapyba &#8211; Jautis"},"content":{"rendered":"<ul>\n<li><span class=\"HwtZe\" lang=\"lt\"><span class=\"jCAhz ChMk0b\"><span class=\"ryNqvb\">I\u0161reik\u0161kite stili\u0173 su unikaliu paveikslu, \u012fr\u0117mintu gra\u017eiame mediniame r\u0117me m\u0117lyname fone.<\/span><\/span> <span class=\"jCAhz ChMk0b\"><span class=\"ryNqvb\">\u0160is meno k\u016brinys turi pop meno ir \u017eaismingo pos\u016bkio, tod\u0117l jis puikiai papildys bet kur\u012f kambar\u012f. Suteiks i\u0161skirtinio \u017eavesio J\u016bs\u0173 ofiso, kavin\u0117s, parduotuv\u0117s erdvei.\u00a0<\/span><\/span><\/span><\/li>\n<li><span class=\"HwtZe\" lang=\"lt\"><span class=\"jCAhz ChMk0b\"><span class=\"ryNqvb\">Detal\u0117s: med\u017eiaga \u2013 mdf\/ kartonas \/ drob\u0117.<br \/>\n<\/span><\/span><\/span><\/p>\n<table width=\"405\">\n<tbody>\n<tr>\n<td width=\"91\">I\u0161matavimai: Ilgis 32,5 cm \/ Plotis 32.5 cm<\/td>\n<\/tr>\n<\/tbody>\n<\/table>\n<p>&nbsp;<\/li>\n<\/ul>","protected":false},"excerpt":{"rendered":"<p>I\u0161reik\u0161kite stili\u0173 su unikaliu paveikslu, \u012fr\u0117mintu gra\u017eiame mediniame r\u0117me m\u0117lyname fone. \u0160is meno k\u016brinys turi pop meno ir \u017eaismingo pos\u016bkio, tod\u0117l jis puikiai papildys bet kur\u012f kambar\u012f. Suteiks i\u0161skirtinio \u017eavesio J\u016bs\u0173 ofiso, kavin\u0117s, parduotuv\u0117s erdvei.\u00a0 Detal\u0117s: med\u017eiaga \u2013 mdf\/ kartonas \/ drob\u0117. I\u0161matavimai: Ilgis 32,5 cm \/ Plotis 32.5 cm &nbsp;<\/p>","protected":false},"featured_media":15317,"template":"","meta":{"_monsterinsights_skip_tracking":false,"_monsterinsights_sitenote_active":false,"_monsterinsights_sitenote_note":"","_monsterinsights_sitenote_category":0},"product_brand":[],"product_cat":[103,143],"product_tag":[],"class_list":{"0":"post-15316","1":"product","2":"type-product","3":"status-publish","4":"has-post-thumbnail","6":"product_cat-dovanu-idejos","7":"product_cat-paveikslai","9":"first","10":"instock","11":"taxable","12":"shipping-taxable","13":"purchasable","14":"product-type-simple"},"_links":{"self":[{"href":"https:\/\/duckdeco.lt\/en\/wp-json\/wp\/v2\/product\/15316","targetHints":{"allow":["GET"]}}],"collection":[{"href":"https:\/\/duckdeco.lt\/en\/wp-json\/wp\/v2\/product"}],"about":[{"href":"https:\/\/duckdeco.lt\/en\/wp-json\/wp\/v2\/types\/product"}],"version-history":[{"count":1,"href":"https:\/\/duckdeco.lt\/en\/wp-json\/wp\/v2\/product\/15316\/revisions"}],"predecessor-version":[{"id":15318,"href":"https:\/\/duckdeco.lt\/en\/wp-json\/wp\/v2\/product\/15316\/revisions\/15318"}],"wp:featuredmedia":[{"embeddable":true,"href":"https:\/\/duckdeco.lt\/en\/wp-json\/wp\/v2\/media\/15317"}],"wp:attachment":[{"href":"https:\/\/duckdeco.lt\/en\/wp-json\/wp\/v2\/media?parent=15316"}],"wp:term":[{"taxonomy":"product_brand","embeddable":true,"href":"https:\/\/duckdeco.lt\/en\/wp-json\/wp\/v2\/product_brand?post=15316"},{"taxonomy":"product_cat","embeddable":true,"href":"https:\/\/duckdeco.lt\/en\/wp-json\/wp\/v2\/product_cat?post=15316"},{"taxonomy":"product_tag","embeddable":true,"href":"https:\/\/duckdeco.lt\/en\/wp-json\/wp\/v2\/product_tag?post=15316"}],"curies":[{"name":"wp","href":"https:\/\/api.w.org\/{rel}","templated":true}]}}