{"id":15353,"date":"2025-05-26T14:00:53","date_gmt":"2025-05-26T11:00:53","guid":{"rendered":"https:\/\/duckdeco.lt\/?post_type=product&#038;p=15353"},"modified":"2025-06-10T11:01:45","modified_gmt":"2025-06-10T08:01:45","slug":"stiklo-tapyba-bezdzione","status":"publish","type":"product","link":"https:\/\/duckdeco.lt\/en\/product\/stiklo-tapyba-bezdzione\/","title":{"rendered":"Stiklo tapyba Be\u017ed\u017eion\u0117"},"content":{"rendered":"<div class=\"lRu31\" dir=\"ltr\">\n<ul>\n<li><span class=\"HwtZe\" lang=\"lt\"><span class=\"jCAhz ChMk0b\"><span class=\"ryNqvb\">Sien\u0173 dekoras pagamintas i\u0161 auk\u0161tos kokyb\u0117s tvirto gr\u016bdinto stiklo.<\/span><\/span> <span class=\"jCAhz ChMk0b\"><span class=\"ryNqvb\">\u0160is stiklo paveikslas puikiai der\u0117s namuose, ar verslo patalpose.<\/span><\/span> <\/span><\/li>\n<li><span class=\"HwtZe\" lang=\"lt\"><span class=\"jCAhz ChMk0b\"><span class=\"ryNqvb\">A\u0161trus fotografijos menas, ry\u0161kus it skustuvas vaizdas.<\/span><\/span> <span class=\"jCAhz ChMk0b\"><span class=\"ryNqvb\">Unikalios iliustracijos ir spalvos suteikia jam ypating\u0105 i\u0161vaizd\u0105.<\/span><\/span> <span class=\"jCAhz ChMk0b\"><span class=\"ryNqvb\">Stiklo paveikslas yra unikalus bet kokio stiliaus interjero papildymas.<\/span><\/span><\/span><br \/>\n<table width=\"405\">\n<tbody>\n<tr>\n<td width=\"91\">I\u0161matavimai: Ilgis 80cm \/ Plotis 80cm<\/td>\n<\/tr>\n<\/tbody>\n<\/table>\n<p>&nbsp;<\/li>\n<\/ul>\n<\/div>\n<div class=\"UdTY9 WdefRb\" aria-hidden=\"true\" data-location=\"2\">\n<div class=\"kO6q6e\"><\/div>\n<\/div>\n<div class=\"XL3Kf XExWNc\">\n<div class=\"a8FIud X0rvP\">\n<div data-show-delay-ms=\"250\" data-append-to-body=\"false\" data-propagate-tooltip-mouseover-events=\"true\" data-anchor-corner=\"bottom-end\" data-enable-skip-handler=\"true\" data-popup-corner=\"top-end\">\n<div class=\"dig2sb\"><\/div>\n<\/div>\n<\/div>\n<\/div>\n<div class=\"XL3Kf XExWNc\">\n<div class=\"a8FIud X0rvP\">\n<div data-show-delay-ms=\"250\" data-append-to-body=\"false\" data-propagate-tooltip-mouseover-events=\"true\" data-anchor-corner=\"bottom-end\" data-enable-skip-handler=\"true\" data-popup-corner=\"top-end\"><\/div>\n<\/div>\n<\/div>\n<div class=\"ebT7ne VOLvac sMVRZe\">\n<div class=\"F0pQVc\"><\/div>\n<\/div>\n<div class=\"VO9ucd\">\n<div class=\"aJIq1d\" dir=\"ltr\" data-language-code=\"lt\" data-language-name=\"lietuvi\u0173\" data-text=\"\u0160is gra\u017eus stiklo paveikslas netrukus gali pavogti j\u016bs\u0173 svetain\u0117s, miegamojo ar prie\u0161kambario vaizd\u0105! Sien\u0173 dekoras pagamintas i\u0161 auk\u0161tos kokyb\u0117s tvirto gr\u016bdinto stiklo. \u0160is stiklas yra kri\u0161tolo skaidrumo ir labai tvirtas. \u0160io gra\u017eaus stiklo paveikslo negalima praleisti nei namuose, nei verslo patalpose! A\u0161trus fotografijos menas \u0160is stiklo paveikslas turi ry\u0161k\u0173 it skustuvas vaizd\u0105. Unikalios iliustracijos ir spalvos suteikia jam ypating\u0105 i\u0161vaizd\u0105. Stiklo paveikslas yra unikalus bet kokio stiliaus interjero papildymas! Visi privalumai i\u0161 pirmo \u017evilgsnio: Pagaminta i\u0161 tvirto ir gra\u017eaus gr\u016bdinto stiklo Didelis dydis! Ry\u0161kus vaizdas Lengva pakabinti Lengva pakabinti Paveikslas tiekiamas su patogia pakabinimo sistema. Tokiu b\u016bdu paveiksl\u0105 pakabinti bus labai paprasta. Rekomenduojame paveiksl\u0105 kabinti bent dviem \u017emon\u0117ms.\" data-crosslingual-hint=\"\" data-location=\"2\" data-enable-toggle-playback-speed=\"true\" data-results-count=\"1\" data-result-index=\"1\">\n<div class=\"m0Qfkd\"><\/div>\n<\/div>\n<\/div>\n<div><\/div>\n<div class=\"OlSOob\">\n<div class=\"ccvoYb\">\n<div class=\"AxqVh\">\n<div class=\"OPPzxe\">\n<div class=\"QcsUad BDJ8fb BLojaf sMVRZe hCXDsb wneUed\">\n<div class=\"usGWQd\">\n<div class=\"KkbLmb\">\n<div class=\"VO9ucd\">\n<div class=\"YJGJsb\">\n<div><\/div>\n<\/div>\n<\/div>\n<\/div>\n<\/div>\n<\/div>\n<\/div>\n<\/div>\n<div class=\"HWmS8\"><\/div>\n<\/div>\n<div><\/div>\n<\/div>\n<nav class=\"VlPnLc\" aria-labelledby=\"ucj-38\"><\/nav>\n<div class=\"ySES5\"><\/div>\n<div class=\"ySES5\"><\/div>","protected":false},"excerpt":{"rendered":"<p>Sien\u0173 dekoras pagamintas i\u0161 auk\u0161tos kokyb\u0117s tvirto gr\u016bdinto stiklo. \u0160is stiklo paveikslas puikiai der\u0117s namuose, ar verslo patalpose. A\u0161trus fotografijos menas, ry\u0161kus it skustuvas vaizdas. Unikalios iliustracijos ir spalvos suteikia jam ypating\u0105 i\u0161vaizd\u0105. Stiklo paveikslas yra unikalus bet kokio stiliaus interjero papildymas. I\u0161matavimai: Ilgis 80cm \/ Plotis 80cm &nbsp;<\/p>","protected":false},"featured_media":15354,"template":"","meta":{"_monsterinsights_skip_tracking":false,"_monsterinsights_sitenote_active":false,"_monsterinsights_sitenote_note":"","_monsterinsights_sitenote_category":0},"product_brand":[],"product_cat":[103,95,143],"product_tag":[],"class_list":{"0":"post-15353","1":"product","2":"type-product","3":"status-publish","4":"has-post-thumbnail","6":"product_cat-dovanu-idejos","7":"product_cat-interjerui","8":"product_cat-paveikslai","10":"first","11":"instock","12":"taxable","13":"shipping-taxable","14":"purchasable","15":"product-type-simple"},"_links":{"self":[{"href":"https:\/\/duckdeco.lt\/en\/wp-json\/wp\/v2\/product\/15353","targetHints":{"allow":["GET"]}}],"collection":[{"href":"https:\/\/duckdeco.lt\/en\/wp-json\/wp\/v2\/product"}],"about":[{"href":"https:\/\/duckdeco.lt\/en\/wp-json\/wp\/v2\/types\/product"}],"version-history":[{"count":2,"href":"https:\/\/duckdeco.lt\/en\/wp-json\/wp\/v2\/product\/15353\/revisions"}],"predecessor-version":[{"id":15395,"href":"https:\/\/duckdeco.lt\/en\/wp-json\/wp\/v2\/product\/15353\/revisions\/15395"}],"wp:featuredmedia":[{"embeddable":true,"href":"https:\/\/duckdeco.lt\/en\/wp-json\/wp\/v2\/media\/15354"}],"wp:attachment":[{"href":"https:\/\/duckdeco.lt\/en\/wp-json\/wp\/v2\/media?parent=15353"}],"wp:term":[{"taxonomy":"product_brand","embeddable":true,"href":"https:\/\/duckdeco.lt\/en\/wp-json\/wp\/v2\/product_brand?post=15353"},{"taxonomy":"product_cat","embeddable":true,"href":"https:\/\/duckdeco.lt\/en\/wp-json\/wp\/v2\/product_cat?post=15353"},{"taxonomy":"product_tag","embeddable":true,"href":"https:\/\/duckdeco.lt\/en\/wp-json\/wp\/v2\/product_tag?post=15353"}],"curies":[{"name":"wp","href":"https:\/\/api.w.org\/{rel}","templated":true}]}}