{"id":15360,"date":"2025-05-26T15:33:19","date_gmt":"2025-05-26T12:33:19","guid":{"rendered":"https:\/\/duckdeco.lt\/?post_type=product&#038;p=15360"},"modified":"2025-06-10T11:00:26","modified_gmt":"2025-06-10T08:00:26","slug":"stiklo-tapyba-moteris-tarp-geliu","status":"publish","type":"product","link":"https:\/\/duckdeco.lt\/en\/product\/stiklo-tapyba-moteris-tarp-geliu\/","title":{"rendered":"Stiklo tapyba Moteris tarp g\u0117li\u0173"},"content":{"rendered":"<ul>\n<li><span class=\"HwtZe\" lang=\"lt\"><span class=\"HwtZe\" lang=\"lt\"><span class=\"jCAhz ChMk0b\"><span class=\"ryNqvb\">Suteikite savo interjerui elegancijos ir meni\u0161kumo su \u0161iuo nuostabiu stiklo paveikslu.<\/span><\/span> <span class=\"jCAhz ChMk0b\"><span class=\"ryNqvb\">\u0160is meno k\u016brinys puikiai papildys bet kuri\u0105 moderni\u0105 gyvenam\u0105j\u0105 erdv\u0119. <\/span><\/span><\/span><\/span><\/li>\n<li><span class=\"HwtZe\" lang=\"lt\"><span class=\"HwtZe\" lang=\"lt\"><span class=\"jCAhz ChMk0b\"><span class=\"ryNqvb\">Paveikslas pagamintas naudojant speciali\u0105 technik\u0105, kai vaizdas spausdinamas ant stiklo nugar\u0117l\u0117s.<\/span><\/span> <span class=\"jCAhz ChMk0b\"><span class=\"ryNqvb\">\u0160is metodas sukuria ry\u0161kias spalvas ir \u012fsp\u016bding\u0105 gyl\u012f, tod\u0117l meno k\u016brinys tikrai traukia ak\u012f.<\/span><\/span><\/span><\/span><\/li>\n<\/ul>\n<table width=\"405\">\n<tbody>\n<tr>\n<td width=\"91\">I\u0161matavimai: Ilgis 80 cm \/ Plotis 80 cm<\/td>\n<\/tr>\n<\/tbody>\n<\/table>\n<p>&nbsp;<\/p>\n<div class=\"UdTY9 WdefRb\" aria-hidden=\"true\" data-location=\"2\">\n<div class=\"kO6q6e\"><\/div>\n<\/div>\n<div class=\"XL3Kf XExWNc\">\n<div class=\"a8FIud X0rvP\">\n<div data-show-delay-ms=\"250\" data-append-to-body=\"false\" data-propagate-tooltip-mouseover-events=\"true\" data-anchor-corner=\"bottom-end\" data-enable-skip-handler=\"true\" data-popup-corner=\"top-end\">\n<div class=\"dig2sb\"><\/div>\n<\/div>\n<\/div>\n<\/div>\n<div class=\"XL3Kf XExWNc\">\n<div class=\"a8FIud X0rvP\">\n<div data-show-delay-ms=\"250\" data-append-to-body=\"false\" data-propagate-tooltip-mouseover-events=\"true\" data-anchor-corner=\"bottom-end\" data-enable-skip-handler=\"true\" data-popup-corner=\"top-end\"><\/div>\n<\/div>\n<\/div>\n<div class=\"ebT7ne VOLvac sMVRZe\">\n<div class=\"F0pQVc\"><\/div>\n<\/div>\n<div class=\"VO9ucd\">\n<div class=\"aJIq1d\" dir=\"ltr\" data-language-code=\"lt\" data-language-name=\"lietuvi\u0173\" data-text=\"Suteikite savo interjerui elegancijos ir meni\u0161kumo su \u0161iuo nuostabiu 80x80 cm stiklo paveikslu. Paveiksle pavaizduota stilinga moteris, pasi\u017eyminti dideliais raudonais akiniais nuo saul\u0117s su apvaliais kra\u0161tais, kurie visi\u0161kai u\u017edengia akis. Jos ry\u0161kiai raudonos l\u016bpos ir lygi, lygi oda u\u017ebaigia vaizd\u0105. \u0160is meno k\u016brinys puikiai papildys bet kuri\u0105 moderni\u0105 gyvenam\u0105j\u0105 erdv\u0119. Stiklo tapybos technika \u0160is unikalus stiklo paveikslas pagamintas naudojant speciali\u0105 technik\u0105, kai vaizdas spausdinamas ant stiklo nugar\u0117l\u0117s. \u0160is metodas sukuria ry\u0161kias spalvas ir \u012fsp\u016bding\u0105 gyl\u012f, tod\u0117l meno k\u016brinys tikrai traukia ak\u012f. Atkreipkite d\u0117mes\u012f: \u0161is paveikslas netinka naudoti lauke. Papuo\u0161kite savo interjer\u0105 \u0161iuo ypatingu stiklo paveikslu ir m\u0117gaukit\u0117s jo meni\u0161ku \u017eavesiu.\" data-crosslingual-hint=\"\" data-location=\"2\" data-enable-toggle-playback-speed=\"true\" data-results-count=\"1\" data-result-index=\"1\">\n<div class=\"m0Qfkd\"><\/div>\n<\/div>\n<\/div>\n<div><\/div>\n<div class=\"OlSOob\">\n<div class=\"ccvoYb\">\n<div class=\"AxqVh\">\n<div class=\"OPPzxe\">\n<div class=\"QcsUad BDJ8fb BLojaf sMVRZe hCXDsb wneUed\">\n<div class=\"usGWQd\">\n<div class=\"KkbLmb\">\n<div class=\"VO9ucd\">\n<div class=\"YJGJsb\">\n<div><\/div>\n<\/div>\n<\/div>\n<\/div>\n<\/div>\n<\/div>\n<\/div>\n<\/div>\n<div class=\"HWmS8\">\n<div class=\"kGmWO\"><\/div>\n<div class=\"OwOEge\">\n<div class=\"cJ1Ndf\"><\/div>\n<\/div>\n<\/div>\n<\/div>\n<div><\/div>\n<\/div>\n<nav class=\"VlPnLc\" aria-labelledby=\"ucj-38\"><\/nav>\n<div class=\"ySES5\"><\/div>\n<div class=\"ySES5\"><\/div>","protected":false},"excerpt":{"rendered":"<p>Suteikite savo interjerui elegancijos ir meni\u0161kumo su \u0161iuo nuostabiu stiklo paveikslu. \u0160is meno k\u016brinys puikiai papildys bet kuri\u0105 moderni\u0105 gyvenam\u0105j\u0105 erdv\u0119. Paveikslas pagamintas naudojant speciali\u0105 technik\u0105, kai vaizdas spausdinamas ant stiklo nugar\u0117l\u0117s. \u0160is metodas sukuria ry\u0161kias spalvas ir \u012fsp\u016bding\u0105 gyl\u012f, tod\u0117l meno k\u016brinys tikrai traukia ak\u012f. I\u0161matavimai: Ilgis 80 cm \/ Plotis 80 cm &nbsp;<\/p>","protected":false},"featured_media":15365,"template":"","meta":{"_monsterinsights_skip_tracking":false,"_monsterinsights_sitenote_active":false,"_monsterinsights_sitenote_note":"","_monsterinsights_sitenote_category":0},"product_brand":[],"product_cat":[103,95,143],"product_tag":[342,337],"class_list":{"0":"post-15360","1":"product","2":"type-product","3":"status-publish","4":"has-post-thumbnail","6":"product_cat-dovanu-idejos","7":"product_cat-interjerui","8":"product_cat-paveikslai","9":"product_tag-modernus-paveikslas","10":"product_tag-stiklo-tapyba","12":"first","13":"instock","14":"taxable","15":"shipping-taxable","16":"purchasable","17":"product-type-simple"},"_links":{"self":[{"href":"https:\/\/duckdeco.lt\/en\/wp-json\/wp\/v2\/product\/15360","targetHints":{"allow":["GET"]}}],"collection":[{"href":"https:\/\/duckdeco.lt\/en\/wp-json\/wp\/v2\/product"}],"about":[{"href":"https:\/\/duckdeco.lt\/en\/wp-json\/wp\/v2\/types\/product"}],"version-history":[{"count":3,"href":"https:\/\/duckdeco.lt\/en\/wp-json\/wp\/v2\/product\/15360\/revisions"}],"predecessor-version":[{"id":15366,"href":"https:\/\/duckdeco.lt\/en\/wp-json\/wp\/v2\/product\/15360\/revisions\/15366"}],"wp:featuredmedia":[{"embeddable":true,"href":"https:\/\/duckdeco.lt\/en\/wp-json\/wp\/v2\/media\/15365"}],"wp:attachment":[{"href":"https:\/\/duckdeco.lt\/en\/wp-json\/wp\/v2\/media?parent=15360"}],"wp:term":[{"taxonomy":"product_brand","embeddable":true,"href":"https:\/\/duckdeco.lt\/en\/wp-json\/wp\/v2\/product_brand?post=15360"},{"taxonomy":"product_cat","embeddable":true,"href":"https:\/\/duckdeco.lt\/en\/wp-json\/wp\/v2\/product_cat?post=15360"},{"taxonomy":"product_tag","embeddable":true,"href":"https:\/\/duckdeco.lt\/en\/wp-json\/wp\/v2\/product_tag?post=15360"}],"curies":[{"name":"wp","href":"https:\/\/api.w.org\/{rel}","templated":true}]}}