{"id":15384,"date":"2025-05-27T16:23:31","date_gmt":"2025-05-27T13:23:31","guid":{"rendered":"https:\/\/duckdeco.lt\/?post_type=product&#038;p=15384"},"modified":"2025-06-20T13:55:31","modified_gmt":"2025-06-20T10:55:31","slug":"vaza-shell","status":"publish","type":"product","link":"https:\/\/duckdeco.lt\/en\/product\/vaza-shell\/","title":{"rendered":"Vaza Shell"},"content":{"rendered":"<ul>\n<li>Vaza i\u0161 Light &amp; Living prek\u0117s \u017eenklo kolekcijos, dekoruota smulkiomis kriauklyt\u0117mis, i\u0161skirtinis akcentas interjere.<\/li>\n<li>Detal\u0117s: med\u017eiaga &#8211; 50 % bambukas \/ 50 % kriaukl\u0117s.<\/li>\n<li>Spalva &#8211; kremin\u0117.<\/li>\n<\/ul>\n<table width=\"405\">\n<tbody>\n<tr>\n<td width=\"91\">I\u0161matavimai:\u00a0 Plotis 14 cm \/ Auk\u0161tis 16,5 cm.<\/td>\n<\/tr>\n<\/tbody>\n<\/table>\n<p>&nbsp;<\/p>","protected":false},"excerpt":{"rendered":"<p>Vaza i\u0161 Light &amp; Living prek\u0117s \u017eenklo kolekcijos, dekoruota smulkiomis kriauklyt\u0117mis, i\u0161skirtinis akcentas interjere. Detal\u0117s: med\u017eiaga &#8211; 50 % bambukas \/ 50 % kriaukl\u0117s. Spalva &#8211; kremin\u0117. I\u0161matavimai:\u00a0 Plotis 14 cm \/ Auk\u0161tis 16,5 cm. &nbsp;<\/p>","protected":false},"featured_media":15385,"template":"","meta":{"_monsterinsights_skip_tracking":false,"_monsterinsights_sitenote_active":false,"_monsterinsights_sitenote_note":"","_monsterinsights_sitenote_category":0},"product_brand":[],"product_cat":[103,101],"product_tag":[530],"class_list":{"0":"post-15384","1":"product","2":"type-product","3":"status-publish","4":"has-post-thumbnail","6":"product_cat-dovanu-idejos","7":"product_cat-vazos","8":"product_tag-vaza-su-kriauklemis","10":"first","11":"instock","12":"taxable","13":"shipping-taxable","14":"purchasable","15":"product-type-simple"},"_links":{"self":[{"href":"https:\/\/duckdeco.lt\/en\/wp-json\/wp\/v2\/product\/15384","targetHints":{"allow":["GET"]}}],"collection":[{"href":"https:\/\/duckdeco.lt\/en\/wp-json\/wp\/v2\/product"}],"about":[{"href":"https:\/\/duckdeco.lt\/en\/wp-json\/wp\/v2\/types\/product"}],"version-history":[{"count":1,"href":"https:\/\/duckdeco.lt\/en\/wp-json\/wp\/v2\/product\/15384\/revisions"}],"predecessor-version":[{"id":15387,"href":"https:\/\/duckdeco.lt\/en\/wp-json\/wp\/v2\/product\/15384\/revisions\/15387"}],"wp:featuredmedia":[{"embeddable":true,"href":"https:\/\/duckdeco.lt\/en\/wp-json\/wp\/v2\/media\/15385"}],"wp:attachment":[{"href":"https:\/\/duckdeco.lt\/en\/wp-json\/wp\/v2\/media?parent=15384"}],"wp:term":[{"taxonomy":"product_brand","embeddable":true,"href":"https:\/\/duckdeco.lt\/en\/wp-json\/wp\/v2\/product_brand?post=15384"},{"taxonomy":"product_cat","embeddable":true,"href":"https:\/\/duckdeco.lt\/en\/wp-json\/wp\/v2\/product_cat?post=15384"},{"taxonomy":"product_tag","embeddable":true,"href":"https:\/\/duckdeco.lt\/en\/wp-json\/wp\/v2\/product_tag?post=15384"}],"curies":[{"name":"wp","href":"https:\/\/api.w.org\/{rel}","templated":true}]}}