{"id":15404,"date":"2025-06-10T12:54:00","date_gmt":"2025-06-10T09:54:00","guid":{"rendered":"https:\/\/duckdeco.lt\/?post_type=product&#038;p=15404"},"modified":"2025-06-10T12:55:18","modified_gmt":"2025-06-10T09:55:18","slug":"vaza-lupos","status":"publish","type":"product","link":"https:\/\/duckdeco.lt\/en\/product\/vaza-lupos\/","title":{"rendered":"Vaza L\u016bpos"},"content":{"rendered":"<ul>\n<li><span class=\"HwtZe\" lang=\"lt\"><span class=\"jCAhz ChMk0b\"><span class=\"ryNqvb\">M\u0117gstate i\u0161skirtinum\u0105? tad griebkite \u0161i\u0105 gra\u017ei\u0105 ry\u0161ki\u0173 spalv\u0173 vaz\u0105, \u012fd\u0117kite \u012f j\u0105 puok\u0161t\u0119 ry\u0161kiaspalvi\u0173 dirbtini\u0173 g\u0117li\u0173 \u2013 j\u016bs\u0173 interjeras akimirksniu praskaidr\u0117s.<\/span><\/span> <\/span><\/li>\n<li>Detal\u0117s: med\u017eiaga &#8211; akmens mas\u0117s keramika.<\/li>\n<li>Spalva &#8211; balta \/ geltona.<\/li>\n<\/ul>\n<table width=\"405\">\n<tbody>\n<tr>\n<td width=\"91\">I\u0161matavimai: Skersmuo 14,2 cm \/ Auk\u0161tis 34 cm,.<\/td>\n<\/tr>\n<\/tbody>\n<\/table>\n<p>&nbsp;<\/p>\n<p>&nbsp;<\/p>","protected":false},"excerpt":{"rendered":"<p>M\u0117gstate i\u0161skirtinum\u0105? tad griebkite \u0161i\u0105 gra\u017ei\u0105 ry\u0161ki\u0173 spalv\u0173 vaz\u0105, \u012fd\u0117kite \u012f j\u0105 puok\u0161t\u0119 ry\u0161kiaspalvi\u0173 dirbtini\u0173 g\u0117li\u0173 \u2013 j\u016bs\u0173 interjeras akimirksniu praskaidr\u0117s. Detal\u0117s: med\u017eiaga &#8211; akmens mas\u0117s keramika. Spalva &#8211; balta \/ geltona. I\u0161matavimai: Skersmuo 14,2 cm \/ Auk\u0161tis 34 cm,. &nbsp; &nbsp;<\/p>","protected":false},"featured_media":15406,"template":"","meta":{"_monsterinsights_skip_tracking":false,"_monsterinsights_sitenote_active":false,"_monsterinsights_sitenote_note":"","_monsterinsights_sitenote_category":0},"product_brand":[],"product_cat":[101],"product_tag":[],"class_list":{"0":"post-15404","1":"product","2":"type-product","3":"status-publish","4":"has-post-thumbnail","6":"product_cat-vazos","8":"first","9":"instock","10":"taxable","11":"shipping-taxable","12":"purchasable","13":"product-type-simple"},"_links":{"self":[{"href":"https:\/\/duckdeco.lt\/en\/wp-json\/wp\/v2\/product\/15404","targetHints":{"allow":["GET"]}}],"collection":[{"href":"https:\/\/duckdeco.lt\/en\/wp-json\/wp\/v2\/product"}],"about":[{"href":"https:\/\/duckdeco.lt\/en\/wp-json\/wp\/v2\/types\/product"}],"version-history":[{"count":1,"href":"https:\/\/duckdeco.lt\/en\/wp-json\/wp\/v2\/product\/15404\/revisions"}],"predecessor-version":[{"id":15407,"href":"https:\/\/duckdeco.lt\/en\/wp-json\/wp\/v2\/product\/15404\/revisions\/15407"}],"wp:featuredmedia":[{"embeddable":true,"href":"https:\/\/duckdeco.lt\/en\/wp-json\/wp\/v2\/media\/15406"}],"wp:attachment":[{"href":"https:\/\/duckdeco.lt\/en\/wp-json\/wp\/v2\/media?parent=15404"}],"wp:term":[{"taxonomy":"product_brand","embeddable":true,"href":"https:\/\/duckdeco.lt\/en\/wp-json\/wp\/v2\/product_brand?post=15404"},{"taxonomy":"product_cat","embeddable":true,"href":"https:\/\/duckdeco.lt\/en\/wp-json\/wp\/v2\/product_cat?post=15404"},{"taxonomy":"product_tag","embeddable":true,"href":"https:\/\/duckdeco.lt\/en\/wp-json\/wp\/v2\/product_tag?post=15404"}],"curies":[{"name":"wp","href":"https:\/\/api.w.org\/{rel}","templated":true}]}}