{"id":15408,"date":"2025-06-10T13:06:47","date_gmt":"2025-06-10T10:06:47","guid":{"rendered":"https:\/\/duckdeco.lt\/?post_type=product&#038;p=15408"},"modified":"2026-01-06T16:31:08","modified_gmt":"2026-01-06T14:31:08","slug":"vaza-tulpes","status":"publish","type":"product","link":"https:\/\/duckdeco.lt\/en\/product\/vaza-tulpes\/","title":{"rendered":"Vaza tulp\u0117s"},"content":{"rendered":"<ul>\n<li><span class=\"HwtZe\" lang=\"lt\"><span class=\"jCAhz ChMk0b\"><span class=\"ryNqvb\">Suteikite spalv\u0173 ir elegancijos savo interjerui su Daan Kromhout\u00a0 vaza.<\/span><\/span> <span class=\"jCAhz ChMk0b\"><span class=\"ryNqvb\">\u0160velni ro\u017ein\u0117 spalva puikiai dera su moderniu ir klasikiniu stiliumi, tod\u0117l papuo\u0161 bet kur\u012f kambar\u012f.<\/span><\/span> <\/span><\/li>\n<li><span class=\"HwtZe\" lang=\"lt\"><span class=\"jCAhz ChMk0b\"><span class=\"ryNqvb\">Unikalus dizainas: Vaza pasi\u017eymi eleganti\u0161ku tulp\u0117s formos dizainu, kuris suteiks rafinuotumo.<\/span><\/span><\/span><\/li>\n<li><span class=\"HwtZe\" lang=\"lt\"><span class=\"jCAhz ChMk0b\"><span class=\"ryNqvb\">Vasari\u0161ka i\u0161vaizda: Ro\u017eini\u0173 spalv\u0173 \u017eaismas \u012fne\u0161 namams gaivumo ir linksmumo, puikiai tinkan\u010dio kiekvienam met\u0173 laikui.<\/span><\/span><\/span><\/li>\n<li><span class=\"HwtZe\" lang=\"lt\"><span class=\"jCAhz ChMk0b\"><span class=\"ryNqvb\">Universalumas: \u0160i vaza idealiai tinka g\u0117l\u0117ms, \u0161akoms laikyti arba tiesiog kaip dekoratyvinis elementas j\u016bs\u0173 svetain\u0117je, prie\u0161kambaryje ar ant valgomojo stalo.<\/span><\/span><\/span><\/li>\n<\/ul>\n<table width=\"405\">\n<tbody>\n<tr>\n<td width=\"91\">I\u0161matavimai: Skersmuo 15 cm \/ Auk\u0161tis 30 cm.<\/td>\n<\/tr>\n<\/tbody>\n<\/table>\n<p>&nbsp;<\/p>","protected":false},"excerpt":{"rendered":"<p>Suteikite spalv\u0173 ir elegancijos savo interjerui su Daan Kromhout\u00a0 vaza. \u0160velni ro\u017ein\u0117 spalva puikiai dera su moderniu ir klasikiniu stiliumi, tod\u0117l papuo\u0161 bet kur\u012f kambar\u012f. Unikalus dizainas: Vaza pasi\u017eymi eleganti\u0161ku tulp\u0117s formos dizainu, kuris suteiks rafinuotumo. Vasari\u0161ka i\u0161vaizda: Ro\u017eini\u0173 spalv\u0173 \u017eaismas \u012fne\u0161 namams gaivumo ir linksmumo, puikiai tinkan\u010dio kiekvienam met\u0173 laikui. Universalumas: \u0160i vaza idealiai &hellip; <br \/><a href=\"https:\/\/duckdeco.lt\/en\/product\/vaza-tulpes\/\" class=\"more-link\">Continue reading <span class=\"screen-reader-text\">Vaza tulp\u0117s<\/span><\/a><\/p>","protected":false},"featured_media":15409,"template":"","meta":{"_monsterinsights_skip_tracking":false,"_monsterinsights_sitenote_active":false,"_monsterinsights_sitenote_note":"","_monsterinsights_sitenote_category":0},"product_brand":[],"product_cat":[103,101],"product_tag":[],"class_list":{"0":"post-15408","1":"product","2":"type-product","3":"status-publish","4":"has-post-thumbnail","6":"product_cat-dovanu-idejos","7":"product_cat-vazos","9":"first","10":"outofstock","11":"taxable","12":"shipping-taxable","13":"purchasable","14":"product-type-simple"},"_links":{"self":[{"href":"https:\/\/duckdeco.lt\/en\/wp-json\/wp\/v2\/product\/15408","targetHints":{"allow":["GET"]}}],"collection":[{"href":"https:\/\/duckdeco.lt\/en\/wp-json\/wp\/v2\/product"}],"about":[{"href":"https:\/\/duckdeco.lt\/en\/wp-json\/wp\/v2\/types\/product"}],"version-history":[{"count":1,"href":"https:\/\/duckdeco.lt\/en\/wp-json\/wp\/v2\/product\/15408\/revisions"}],"predecessor-version":[{"id":15410,"href":"https:\/\/duckdeco.lt\/en\/wp-json\/wp\/v2\/product\/15408\/revisions\/15410"}],"wp:featuredmedia":[{"embeddable":true,"href":"https:\/\/duckdeco.lt\/en\/wp-json\/wp\/v2\/media\/15409"}],"wp:attachment":[{"href":"https:\/\/duckdeco.lt\/en\/wp-json\/wp\/v2\/media?parent=15408"}],"wp:term":[{"taxonomy":"product_brand","embeddable":true,"href":"https:\/\/duckdeco.lt\/en\/wp-json\/wp\/v2\/product_brand?post=15408"},{"taxonomy":"product_cat","embeddable":true,"href":"https:\/\/duckdeco.lt\/en\/wp-json\/wp\/v2\/product_cat?post=15408"},{"taxonomy":"product_tag","embeddable":true,"href":"https:\/\/duckdeco.lt\/en\/wp-json\/wp\/v2\/product_tag?post=15408"}],"curies":[{"name":"wp","href":"https:\/\/api.w.org\/{rel}","templated":true}]}}