{"id":15412,"date":"2025-06-10T13:29:46","date_gmt":"2025-06-10T10:29:46","guid":{"rendered":"https:\/\/duckdeco.lt\/?post_type=product&#038;p=15412"},"modified":"2025-11-17T14:40:59","modified_gmt":"2025-11-17T12:40:59","slug":"15412","status":"publish","type":"product","link":"https:\/\/duckdeco.lt\/en\/product\/15412\/","title":{"rendered":"Vaza Sring birds"},"content":{"rendered":"<ul>\n<li><span class=\"HwtZe\" lang=\"lt\"><span class=\"jCAhz ChMk0b\"><span class=\"ryNqvb\">\u012ene\u0161kite pavasario dvelksm\u0105 \u012f savo namus su \u0161ia \u017eavinga vaza i\u0161 \u201eSpring Birds\u201c kolekcijos.<\/span><\/span> <span class=\"jCAhz ChMk0b\"><span class=\"ryNqvb\">Gaivus, dekoratyvus, stilingas ir atmosferi\u0161kas j\u016bs\u0173 interjero papildymas, puikiai tinkantis kiekvienam met\u0173 laikui!<\/span><\/span><span class=\"jCAhz ChMk0b\"><span class=\"ryNqvb\">\u00a0<\/span><\/span>\u00a0<\/span><\/li>\n<li>Detal\u0117s: med\u017eiaga &#8211; keramika.<\/li>\n<li>Spalva &#8211; \u017ealia\/ \u012fvairiaspalvis.<br \/>\n<table width=\"405\">\n<tbody>\n<tr>\n<td width=\"91\">I\u0161matavimai: Skersmuo 14 cm.<\/td>\n<\/tr>\n<\/tbody>\n<\/table>\n<p>&nbsp;<\/li>\n<\/ul>","protected":false},"excerpt":{"rendered":"<p>\u012ene\u0161kite pavasario dvelksm\u0105 \u012f savo namus su \u0161ia \u017eavinga vaza i\u0161 \u201eSpring Birds\u201c kolekcijos. Gaivus, dekoratyvus, stilingas ir atmosferi\u0161kas j\u016bs\u0173 interjero papildymas, puikiai tinkantis kiekvienam met\u0173 laikui!\u00a0\u00a0 Detal\u0117s: med\u017eiaga &#8211; keramika. Spalva &#8211; \u017ealia\/ \u012fvairiaspalvis. I\u0161matavimai: Skersmuo 14 cm. &nbsp;<\/p>","protected":false},"featured_media":15413,"template":"","meta":{"_monsterinsights_skip_tracking":false,"_monsterinsights_sitenote_active":false,"_monsterinsights_sitenote_note":"","_monsterinsights_sitenote_category":0},"product_brand":[],"product_cat":[103,101],"product_tag":[],"class_list":{"0":"post-15412","1":"product","2":"type-product","3":"status-publish","4":"has-post-thumbnail","6":"product_cat-dovanu-idejos","7":"product_cat-vazos","9":"first","10":"outofstock","11":"taxable","12":"shipping-taxable","13":"purchasable","14":"product-type-simple"},"_links":{"self":[{"href":"https:\/\/duckdeco.lt\/en\/wp-json\/wp\/v2\/product\/15412","targetHints":{"allow":["GET"]}}],"collection":[{"href":"https:\/\/duckdeco.lt\/en\/wp-json\/wp\/v2\/product"}],"about":[{"href":"https:\/\/duckdeco.lt\/en\/wp-json\/wp\/v2\/types\/product"}],"version-history":[{"count":2,"href":"https:\/\/duckdeco.lt\/en\/wp-json\/wp\/v2\/product\/15412\/revisions"}],"predecessor-version":[{"id":15415,"href":"https:\/\/duckdeco.lt\/en\/wp-json\/wp\/v2\/product\/15412\/revisions\/15415"}],"wp:featuredmedia":[{"embeddable":true,"href":"https:\/\/duckdeco.lt\/en\/wp-json\/wp\/v2\/media\/15413"}],"wp:attachment":[{"href":"https:\/\/duckdeco.lt\/en\/wp-json\/wp\/v2\/media?parent=15412"}],"wp:term":[{"taxonomy":"product_brand","embeddable":true,"href":"https:\/\/duckdeco.lt\/en\/wp-json\/wp\/v2\/product_brand?post=15412"},{"taxonomy":"product_cat","embeddable":true,"href":"https:\/\/duckdeco.lt\/en\/wp-json\/wp\/v2\/product_cat?post=15412"},{"taxonomy":"product_tag","embeddable":true,"href":"https:\/\/duckdeco.lt\/en\/wp-json\/wp\/v2\/product_tag?post=15412"}],"curies":[{"name":"wp","href":"https:\/\/api.w.org\/{rel}","templated":true}]}}