{"id":15471,"date":"2025-08-04T15:40:29","date_gmt":"2025-08-04T12:40:29","guid":{"rendered":"https:\/\/duckdeco.lt\/?post_type=product&#038;p=15471"},"modified":"2026-02-26T23:25:09","modified_gmt":"2026-02-26T21:25:09","slug":"vaza-stones","status":"publish","type":"product","link":"https:\/\/duckdeco.lt\/en\/product\/vaza-stones\/","title":{"rendered":"Vaza Stones"},"content":{"rendered":"<ul>\n<li><span class=\"HwtZe\" lang=\"lt\"><span class=\"jCAhz ChMk0b\"><span class=\"ryNqvb\">Modernaus dizaino, rudo stiklo vaza, pamerkite \u012f j\u0105 g\u0117li\u0173 ar saus\u0173 \u0161akeli\u0173 ir pagyvinkite savo aplink\u0105.\u00a0<\/span><\/span><\/span><\/li>\n<li><span class=\"HwtZe\" lang=\"lt\"><span class=\"jCAhz ChMk0b\"><span class=\"ryNqvb\">Detal\u0117s: med\u017eiaga &#8211; stiklas. <\/span><\/span><\/span><\/li>\n<li><span class=\"HwtZe\" lang=\"lt\"><span class=\"jCAhz ChMk0b\"><span class=\"ryNqvb\">Spalva &#8211; ruda.<br \/>\n<\/span><\/span><\/span><\/li>\n<\/ul>\n<table width=\"405\">\n<tbody>\n<tr>\n<td width=\"91\">I\u0161matavimai: Ilgis\u00a0 16 cm \/ Plotis 14 cm \/ Auk\u0161tis 25 cm.<\/td>\n<\/tr>\n<\/tbody>\n<\/table>\n<p>&nbsp;<\/p>\n<p><span class=\"HwtZe\" lang=\"lt\"><span class=\"jCAhz ChMk0b\"><span class=\"ryNqvb\">\u00a0<\/span><\/span><\/span><\/p>","protected":false},"excerpt":{"rendered":"<p>Modernaus dizaino, rudo stiklo vaza, pamerkite \u012f j\u0105 g\u0117li\u0173 ar saus\u0173 \u0161akeli\u0173 ir pagyvinkite savo aplink\u0105.\u00a0 Detal\u0117s: med\u017eiaga &#8211; stiklas. Spalva &#8211; ruda. I\u0161matavimai: Ilgis\u00a0 16 cm \/ Plotis 14 cm \/ Auk\u0161tis 25 cm. &nbsp; \u00a0<\/p>","protected":false},"featured_media":15472,"template":"","meta":{"_monsterinsights_skip_tracking":false,"_monsterinsights_sitenote_active":false,"_monsterinsights_sitenote_note":"","_monsterinsights_sitenote_category":0},"product_brand":[],"product_cat":[106,101],"product_tag":[253],"class_list":{"0":"post-15471","1":"product","2":"type-product","3":"status-publish","4":"has-post-thumbnail","6":"product_cat-dekoras-sventems","7":"product_cat-vazos","8":"product_tag-rudo-stiklo-vaza","10":"first","11":"instock","12":"taxable","13":"shipping-taxable","14":"purchasable","15":"product-type-simple"},"_links":{"self":[{"href":"https:\/\/duckdeco.lt\/en\/wp-json\/wp\/v2\/product\/15471","targetHints":{"allow":["GET"]}}],"collection":[{"href":"https:\/\/duckdeco.lt\/en\/wp-json\/wp\/v2\/product"}],"about":[{"href":"https:\/\/duckdeco.lt\/en\/wp-json\/wp\/v2\/types\/product"}],"version-history":[{"count":1,"href":"https:\/\/duckdeco.lt\/en\/wp-json\/wp\/v2\/product\/15471\/revisions"}],"predecessor-version":[{"id":15473,"href":"https:\/\/duckdeco.lt\/en\/wp-json\/wp\/v2\/product\/15471\/revisions\/15473"}],"wp:featuredmedia":[{"embeddable":true,"href":"https:\/\/duckdeco.lt\/en\/wp-json\/wp\/v2\/media\/15472"}],"wp:attachment":[{"href":"https:\/\/duckdeco.lt\/en\/wp-json\/wp\/v2\/media?parent=15471"}],"wp:term":[{"taxonomy":"product_brand","embeddable":true,"href":"https:\/\/duckdeco.lt\/en\/wp-json\/wp\/v2\/product_brand?post=15471"},{"taxonomy":"product_cat","embeddable":true,"href":"https:\/\/duckdeco.lt\/en\/wp-json\/wp\/v2\/product_cat?post=15471"},{"taxonomy":"product_tag","embeddable":true,"href":"https:\/\/duckdeco.lt\/en\/wp-json\/wp\/v2\/product_tag?post=15471"}],"curies":[{"name":"wp","href":"https:\/\/api.w.org\/{rel}","templated":true}]}}