{"id":15482,"date":"2025-08-04T16:31:12","date_gmt":"2025-08-04T13:31:12","guid":{"rendered":"https:\/\/duckdeco.lt\/?post_type=product&#038;p=15482"},"modified":"2025-08-08T11:45:57","modified_gmt":"2025-08-08T08:45:57","slug":"keramikine-kriause-185-cm","status":"publish","type":"product","link":"https:\/\/duckdeco.lt\/en\/product\/keramikine-kriause-185-cm\/","title":{"rendered":"Keramikinis obuolys 13 cm"},"content":{"rendered":"<ul>\n<li>Dekoratyvin\u0117 statul\u0117l\u0117 \u2013 obuolys, suteikite savo virtuvei ar valgomojo zonai daugiau spalv\u0173.<\/li>\n<li>Detal\u0117s \u2013 med\u017eiaga: keramika.<\/li>\n<li>Spalva \u2013 \u017ealia.<br \/>\n<table width=\"405\">\n<tbody>\n<tr>\n<td width=\"91\">I\u0161matavimai: Skersmuo 11,5 cm \/ Auk\u0161tis 13 cm.<\/td>\n<\/tr>\n<\/tbody>\n<\/table>\n<p>&nbsp;<\/li>\n<\/ul>","protected":false},"excerpt":{"rendered":"<p>Dekoratyvin\u0117 statul\u0117l\u0117 \u2013 obuolys, suteikite savo virtuvei ar valgomojo zonai daugiau spalv\u0173. Detal\u0117s \u2013 med\u017eiaga: keramika. Spalva \u2013 \u017ealia. I\u0161matavimai: Skersmuo 11,5 cm \/ Auk\u0161tis 13 cm. &nbsp;<\/p>","protected":false},"featured_media":15495,"template":"","meta":{"_monsterinsights_skip_tracking":false,"_monsterinsights_sitenote_active":false,"_monsterinsights_sitenote_note":"","_monsterinsights_sitenote_category":0},"product_brand":[],"product_cat":[95,130],"product_tag":[],"class_list":{"0":"post-15482","1":"product","2":"type-product","3":"status-publish","4":"has-post-thumbnail","6":"product_cat-interjerui","7":"product_cat-statuleles-deco","9":"first","10":"outofstock","11":"taxable","12":"shipping-taxable","13":"purchasable","14":"product-type-simple"},"_links":{"self":[{"href":"https:\/\/duckdeco.lt\/en\/wp-json\/wp\/v2\/product\/15482","targetHints":{"allow":["GET"]}}],"collection":[{"href":"https:\/\/duckdeco.lt\/en\/wp-json\/wp\/v2\/product"}],"about":[{"href":"https:\/\/duckdeco.lt\/en\/wp-json\/wp\/v2\/types\/product"}],"version-history":[{"count":4,"href":"https:\/\/duckdeco.lt\/en\/wp-json\/wp\/v2\/product\/15482\/revisions"}],"predecessor-version":[{"id":15496,"href":"https:\/\/duckdeco.lt\/en\/wp-json\/wp\/v2\/product\/15482\/revisions\/15496"}],"wp:featuredmedia":[{"embeddable":true,"href":"https:\/\/duckdeco.lt\/en\/wp-json\/wp\/v2\/media\/15495"}],"wp:attachment":[{"href":"https:\/\/duckdeco.lt\/en\/wp-json\/wp\/v2\/media?parent=15482"}],"wp:term":[{"taxonomy":"product_brand","embeddable":true,"href":"https:\/\/duckdeco.lt\/en\/wp-json\/wp\/v2\/product_brand?post=15482"},{"taxonomy":"product_cat","embeddable":true,"href":"https:\/\/duckdeco.lt\/en\/wp-json\/wp\/v2\/product_cat?post=15482"},{"taxonomy":"product_tag","embeddable":true,"href":"https:\/\/duckdeco.lt\/en\/wp-json\/wp\/v2\/product_tag?post=15482"}],"curies":[{"name":"wp","href":"https:\/\/api.w.org\/{rel}","templated":true}]}}