{"id":15498,"date":"2025-08-08T12:09:08","date_gmt":"2025-08-08T09:09:08","guid":{"rendered":"https:\/\/duckdeco.lt\/?post_type=product&#038;p=15498"},"modified":"2025-08-08T12:21:21","modified_gmt":"2025-08-08T09:21:21","slug":"vaza-orange","status":"publish","type":"product","link":"https:\/\/duckdeco.lt\/en\/product\/vaza-orange\/","title":{"rendered":"Vaza Orange"},"content":{"rendered":"<ul>\n<li><span class=\"HwtZe\" lang=\"lt\"><span class=\"HwtZe\" lang=\"lt\">\u00a0Unikali tekst\u016bra, auk\u0161tos kokyb\u0117s keramika, sodri oran\u017ein\u0117 spalva <span class=\"jCAhz ChMk0b\"><span class=\"ryNqvb\">paver\u010dia j\u0105 tikru bet kurio kambario akcentu, puikiai tinkan\u010diu \u0161vie\u017eioms g\u0117l\u0117ms ar \u0161akel\u0117ms eksponuoti.<\/span><\/span><\/span><\/span><\/li>\n<li><span class=\"HwtZe\" lang=\"lt\"><span class=\"HwtZe\" lang=\"lt\"><span class=\"jCAhz ChMk0b\"><span class=\"ryNqvb\">Detal\u0117s &#8211; med\u017eiaga: keramika.\u00a0<\/span><\/span><\/span><\/span><\/li>\n<li>Spalva &#8211; oran\u017ein\u0117.<br \/>\n<table width=\"405\">\n<tbody>\n<tr>\n<td width=\"91\">I\u0161matavimai: Skersmuo 15 cm \/ Auk\u0161tis 30 cm.<\/td>\n<\/tr>\n<\/tbody>\n<\/table>\n<p>&nbsp;<\/li>\n<\/ul>","protected":false},"excerpt":{"rendered":"<p>\u00a0Unikali tekst\u016bra, auk\u0161tos kokyb\u0117s keramika, sodri oran\u017ein\u0117 spalva paver\u010dia j\u0105 tikru bet kurio kambario akcentu, puikiai tinkan\u010diu \u0161vie\u017eioms g\u0117l\u0117ms ar \u0161akel\u0117ms eksponuoti. Detal\u0117s &#8211; med\u017eiaga: keramika.\u00a0 Spalva &#8211; oran\u017ein\u0117. I\u0161matavimai: Skersmuo 15 cm \/ Auk\u0161tis 30 cm. &nbsp;<\/p>","protected":false},"featured_media":15501,"template":"","meta":{"_monsterinsights_skip_tracking":false,"_monsterinsights_sitenote_active":false,"_monsterinsights_sitenote_note":"","_monsterinsights_sitenote_category":0},"product_brand":[],"product_cat":[106,95,101],"product_tag":[],"class_list":{"0":"post-15498","1":"product","2":"type-product","3":"status-publish","4":"has-post-thumbnail","6":"product_cat-dekoras-sventems","7":"product_cat-interjerui","8":"product_cat-vazos","10":"first","11":"instock","12":"taxable","13":"shipping-taxable","14":"purchasable","15":"product-type-simple"},"_links":{"self":[{"href":"https:\/\/duckdeco.lt\/en\/wp-json\/wp\/v2\/product\/15498","targetHints":{"allow":["GET"]}}],"collection":[{"href":"https:\/\/duckdeco.lt\/en\/wp-json\/wp\/v2\/product"}],"about":[{"href":"https:\/\/duckdeco.lt\/en\/wp-json\/wp\/v2\/types\/product"}],"version-history":[{"count":3,"href":"https:\/\/duckdeco.lt\/en\/wp-json\/wp\/v2\/product\/15498\/revisions"}],"predecessor-version":[{"id":15502,"href":"https:\/\/duckdeco.lt\/en\/wp-json\/wp\/v2\/product\/15498\/revisions\/15502"}],"wp:featuredmedia":[{"embeddable":true,"href":"https:\/\/duckdeco.lt\/en\/wp-json\/wp\/v2\/media\/15501"}],"wp:attachment":[{"href":"https:\/\/duckdeco.lt\/en\/wp-json\/wp\/v2\/media?parent=15498"}],"wp:term":[{"taxonomy":"product_brand","embeddable":true,"href":"https:\/\/duckdeco.lt\/en\/wp-json\/wp\/v2\/product_brand?post=15498"},{"taxonomy":"product_cat","embeddable":true,"href":"https:\/\/duckdeco.lt\/en\/wp-json\/wp\/v2\/product_cat?post=15498"},{"taxonomy":"product_tag","embeddable":true,"href":"https:\/\/duckdeco.lt\/en\/wp-json\/wp\/v2\/product_tag?post=15498"}],"curies":[{"name":"wp","href":"https:\/\/api.w.org\/{rel}","templated":true}]}}