{"id":15524,"date":"2025-08-26T14:01:14","date_gmt":"2025-08-26T11:01:14","guid":{"rendered":"https:\/\/duckdeco.lt\/?post_type=product&#038;p=15524"},"modified":"2025-08-26T14:01:14","modified_gmt":"2025-08-26T11:01:14","slug":"vaza-purple","status":"publish","type":"product","link":"https:\/\/duckdeco.lt\/en\/product\/vaza-purple\/","title":{"rendered":"Vaza Purple"},"content":{"rendered":"<ul>\n<li>Modernaus dizaino vaza i\u0161 Diga Colmore kolekcijos, subtilios formos, ry\u0161ki\u0173 pereinan\u010di\u0173 spalv\u0173. Tai ne vien interjero detal\u0117, kuri atliks savo funkcij\u0105, kartu tai taps ak\u012f traukian\u010dia nam\u0173 puo\u0161mena.<\/li>\n<li>Detal\u0117s: med\u017eiaga-stiklas.<\/li>\n<li>&nbsp;\n<p>Spalva &#8211; geltona \/ violetin\u0117.<\/p>\n<table width=\"405\">\n<tbody>\n<tr>\n<td width=\"91\">I\u0161matavimai: Skersmuo 18 cm \/ Auk\u0161tis 26 cm.<\/td>\n<\/tr>\n<\/tbody>\n<\/table>\n<p>&nbsp;<\/li>\n<\/ul>","protected":false},"excerpt":{"rendered":"<p>Modernaus dizaino vaza i\u0161 Diga Colmore kolekcijos, subtilios formos, ry\u0161ki\u0173 pereinan\u010di\u0173 spalv\u0173. Tai ne vien interjero detal\u0117, kuri atliks savo funkcij\u0105, kartu tai taps ak\u012f traukian\u010dia nam\u0173 puo\u0161mena. Detal\u0117s: med\u017eiaga-stiklas. &nbsp; Spalva &#8211; geltona \/ violetin\u0117. I\u0161matavimai: Skersmuo 18 cm \/ Auk\u0161tis 26 cm. &nbsp;<\/p>","protected":false},"featured_media":15525,"template":"","meta":{"_monsterinsights_skip_tracking":false,"_monsterinsights_sitenote_active":false,"_monsterinsights_sitenote_note":"","_monsterinsights_sitenote_category":0},"product_brand":[],"product_cat":[103,101],"product_tag":[],"class_list":{"0":"post-15524","1":"product","2":"type-product","3":"status-publish","4":"has-post-thumbnail","6":"product_cat-dovanu-idejos","7":"product_cat-vazos","9":"first","10":"instock","11":"taxable","12":"shipping-taxable","13":"purchasable","14":"product-type-simple"},"_links":{"self":[{"href":"https:\/\/duckdeco.lt\/en\/wp-json\/wp\/v2\/product\/15524","targetHints":{"allow":["GET"]}}],"collection":[{"href":"https:\/\/duckdeco.lt\/en\/wp-json\/wp\/v2\/product"}],"about":[{"href":"https:\/\/duckdeco.lt\/en\/wp-json\/wp\/v2\/types\/product"}],"version-history":[{"count":1,"href":"https:\/\/duckdeco.lt\/en\/wp-json\/wp\/v2\/product\/15524\/revisions"}],"predecessor-version":[{"id":15526,"href":"https:\/\/duckdeco.lt\/en\/wp-json\/wp\/v2\/product\/15524\/revisions\/15526"}],"wp:featuredmedia":[{"embeddable":true,"href":"https:\/\/duckdeco.lt\/en\/wp-json\/wp\/v2\/media\/15525"}],"wp:attachment":[{"href":"https:\/\/duckdeco.lt\/en\/wp-json\/wp\/v2\/media?parent=15524"}],"wp:term":[{"taxonomy":"product_brand","embeddable":true,"href":"https:\/\/duckdeco.lt\/en\/wp-json\/wp\/v2\/product_brand?post=15524"},{"taxonomy":"product_cat","embeddable":true,"href":"https:\/\/duckdeco.lt\/en\/wp-json\/wp\/v2\/product_cat?post=15524"},{"taxonomy":"product_tag","embeddable":true,"href":"https:\/\/duckdeco.lt\/en\/wp-json\/wp\/v2\/product_tag?post=15524"}],"curies":[{"name":"wp","href":"https:\/\/api.w.org\/{rel}","templated":true}]}}