{"id":15527,"date":"2025-08-26T14:31:43","date_gmt":"2025-08-26T11:31:43","guid":{"rendered":"https:\/\/duckdeco.lt\/?post_type=product&#038;p=15527"},"modified":"2026-03-07T13:33:57","modified_gmt":"2026-03-07T11:33:57","slug":"vaza-pink","status":"publish","type":"product","link":"https:\/\/duckdeco.lt\/en\/product\/vaza-pink\/","title":{"rendered":"Vaza Pink"},"content":{"rendered":"<ul>\n<li>Modernaus dizaino, subtilios formos, kontrasting\u0173 spalv\u0173 vaza i\u0161 Diga Clomore kolekcijos, tai ne tik savo funkcij\u0105 atliekantis gaminys, tai meni\u0161ka interjero detal\u0117, kuri papildys J\u016bs\u0173 erdv\u0119.<\/li>\n<li>Detal\u0117s: med\u017eiaga &#8211; stiklas.<\/li>\n<li>Spalva &#8211; geltona \/ ro\u017ein\u0117.<br \/>\n<table width=\"405\">\n<tbody>\n<tr>\n<td width=\"91\">I\u0161matavimai: Skersmuo 13,5 cm \/ Auk\u0161tis 25 cm<\/td>\n<\/tr>\n<\/tbody>\n<\/table>\n<\/li>\n<\/ul>","protected":false},"excerpt":{"rendered":"<p>Modernaus dizaino, subtilios formos, kontrasting\u0173 spalv\u0173 vaza i\u0161 Diga Clomore kolekcijos, tai ne tik savo funkcij\u0105 atliekantis gaminys, tai meni\u0161ka interjero detal\u0117, kuri papildys J\u016bs\u0173 erdv\u0119. Detal\u0117s: med\u017eiaga &#8211; stiklas. Spalva &#8211; geltona \/ ro\u017ein\u0117. I\u0161matavimai: Skersmuo 13,5 cm \/ Auk\u0161tis 25 cm<\/p>","protected":false},"featured_media":15528,"template":"","meta":{"_monsterinsights_skip_tracking":false,"_monsterinsights_sitenote_active":false,"_monsterinsights_sitenote_note":"","_monsterinsights_sitenote_category":0},"product_brand":[],"product_cat":[95,122,101],"product_tag":[],"class_list":{"0":"post-15527","1":"product","2":"type-product","3":"status-publish","4":"has-post-thumbnail","6":"product_cat-interjerui","7":"product_cat-ispardavimas","8":"product_cat-vazos","10":"first","11":"instock","12":"sale","13":"taxable","14":"shipping-taxable","15":"purchasable","16":"product-type-simple"},"_links":{"self":[{"href":"https:\/\/duckdeco.lt\/en\/wp-json\/wp\/v2\/product\/15527","targetHints":{"allow":["GET"]}}],"collection":[{"href":"https:\/\/duckdeco.lt\/en\/wp-json\/wp\/v2\/product"}],"about":[{"href":"https:\/\/duckdeco.lt\/en\/wp-json\/wp\/v2\/types\/product"}],"version-history":[{"count":1,"href":"https:\/\/duckdeco.lt\/en\/wp-json\/wp\/v2\/product\/15527\/revisions"}],"predecessor-version":[{"id":15529,"href":"https:\/\/duckdeco.lt\/en\/wp-json\/wp\/v2\/product\/15527\/revisions\/15529"}],"wp:featuredmedia":[{"embeddable":true,"href":"https:\/\/duckdeco.lt\/en\/wp-json\/wp\/v2\/media\/15528"}],"wp:attachment":[{"href":"https:\/\/duckdeco.lt\/en\/wp-json\/wp\/v2\/media?parent=15527"}],"wp:term":[{"taxonomy":"product_brand","embeddable":true,"href":"https:\/\/duckdeco.lt\/en\/wp-json\/wp\/v2\/product_brand?post=15527"},{"taxonomy":"product_cat","embeddable":true,"href":"https:\/\/duckdeco.lt\/en\/wp-json\/wp\/v2\/product_cat?post=15527"},{"taxonomy":"product_tag","embeddable":true,"href":"https:\/\/duckdeco.lt\/en\/wp-json\/wp\/v2\/product_tag?post=15527"}],"curies":[{"name":"wp","href":"https:\/\/api.w.org\/{rel}","templated":true}]}}