{"id":15536,"date":"2025-08-26T15:28:04","date_gmt":"2025-08-26T12:28:04","guid":{"rendered":"https:\/\/duckdeco.lt\/?post_type=product&#038;p=15536"},"modified":"2025-08-26T15:28:04","modified_gmt":"2025-08-26T12:28:04","slug":"tapyba-apelsinmedis","status":"publish","type":"product","link":"https:\/\/duckdeco.lt\/en\/product\/tapyba-apelsinmedis\/","title":{"rendered":"Tapyba Apelsinmedis"},"content":{"rendered":"<ul>\n<li><span class=\"HwtZe\" lang=\"lt\">Nuostabus apelsinmed\u017eio \u0161akel\u0117s pie\u0161inys, <span class=\"jCAhz ChMk0b\"><span class=\"ryNqvb\">atspausdintas japoni\u0161kais archyviniais da\u017eais ant matinio \u201eHahnem\u00fchle\u201c popieriaus Kopenhagos kaime, gabi\u0173 amatinink\u0173.\u00a0<\/span><\/span><\/span><span class=\"HwtZe\" lang=\"lt\"><span class=\"jCAhz ChMk0b\"><span class=\"ryNqvb\">Nostalgi\u0161ko ir retro stiliaus paveikslas papuo\u0161 bet kuri\u0105 sien\u0105, ant kurios jis bus pakabintas, s<\/span><\/span><span class=\"jCAhz ChMk0b\"><span class=\"ryNqvb\">kleis d\u017eiaugsm\u0105, vasaros prisiminimus, laimingas mintis ir galb\u016bt lengv\u0105 ni\u016brum\u0105.\u00a0<\/span><\/span><\/span><\/li>\n<\/ul>\n<table width=\"405\">\n<tbody>\n<tr>\n<td width=\"91\">I\u0161matavimai: Ilgis 50 cm \/ Auk\u0161tis 70 cm<\/td>\n<\/tr>\n<\/tbody>\n<\/table>\n<p>&nbsp;<\/p>","protected":false},"excerpt":{"rendered":"<p>Nuostabus apelsinmed\u017eio \u0161akel\u0117s pie\u0161inys, atspausdintas japoni\u0161kais archyviniais da\u017eais ant matinio \u201eHahnem\u00fchle\u201c popieriaus Kopenhagos kaime, gabi\u0173 amatinink\u0173.\u00a0Nostalgi\u0161ko ir retro stiliaus paveikslas papuo\u0161 bet kuri\u0105 sien\u0105, ant kurios jis bus pakabintas, skleis d\u017eiaugsm\u0105, vasaros prisiminimus, laimingas mintis ir galb\u016bt lengv\u0105 ni\u016brum\u0105.\u00a0 I\u0161matavimai: Ilgis 50 cm \/ Auk\u0161tis 70 cm &nbsp;<\/p>","protected":false},"featured_media":15537,"template":"","meta":{"_monsterinsights_skip_tracking":false,"_monsterinsights_sitenote_active":false,"_monsterinsights_sitenote_note":"","_monsterinsights_sitenote_category":0},"product_brand":[],"product_cat":[95,143],"product_tag":[],"class_list":{"0":"post-15536","1":"product","2":"type-product","3":"status-publish","4":"has-post-thumbnail","6":"product_cat-interjerui","7":"product_cat-paveikslai","9":"first","10":"instock","11":"taxable","12":"shipping-taxable","13":"purchasable","14":"product-type-simple"},"_links":{"self":[{"href":"https:\/\/duckdeco.lt\/en\/wp-json\/wp\/v2\/product\/15536","targetHints":{"allow":["GET"]}}],"collection":[{"href":"https:\/\/duckdeco.lt\/en\/wp-json\/wp\/v2\/product"}],"about":[{"href":"https:\/\/duckdeco.lt\/en\/wp-json\/wp\/v2\/types\/product"}],"version-history":[{"count":1,"href":"https:\/\/duckdeco.lt\/en\/wp-json\/wp\/v2\/product\/15536\/revisions"}],"predecessor-version":[{"id":15538,"href":"https:\/\/duckdeco.lt\/en\/wp-json\/wp\/v2\/product\/15536\/revisions\/15538"}],"wp:featuredmedia":[{"embeddable":true,"href":"https:\/\/duckdeco.lt\/en\/wp-json\/wp\/v2\/media\/15537"}],"wp:attachment":[{"href":"https:\/\/duckdeco.lt\/en\/wp-json\/wp\/v2\/media?parent=15536"}],"wp:term":[{"taxonomy":"product_brand","embeddable":true,"href":"https:\/\/duckdeco.lt\/en\/wp-json\/wp\/v2\/product_brand?post=15536"},{"taxonomy":"product_cat","embeddable":true,"href":"https:\/\/duckdeco.lt\/en\/wp-json\/wp\/v2\/product_cat?post=15536"},{"taxonomy":"product_tag","embeddable":true,"href":"https:\/\/duckdeco.lt\/en\/wp-json\/wp\/v2\/product_tag?post=15536"}],"curies":[{"name":"wp","href":"https:\/\/api.w.org\/{rel}","templated":true}]}}