{"id":15543,"date":"2025-09-22T13:42:46","date_gmt":"2025-09-22T10:42:46","guid":{"rendered":"https:\/\/duckdeco.lt\/?post_type=product&#038;p=15543"},"modified":"2025-09-22T13:45:34","modified_gmt":"2025-09-22T10:45:34","slug":"vaza-granate","status":"publish","type":"product","link":"https:\/\/duckdeco.lt\/en\/product\/vaza-granate\/","title":{"rendered":"Vaza Granate"},"content":{"rendered":"<ul>\n<li><span class=\"HwtZe\" lang=\"lt\"><span class=\"HwtZe\" lang=\"lt\"><span class=\"jCAhz ChMk0b\"><span class=\"ryNqvb\">Suteikite savo interjerui nat\u016bralaus, rafinuoto \u017eavesio su sm\u0117lio spalvos \u201eCountryfield Pomegranate S\u201c vaza.<\/span><\/span> <span class=\"jCAhz ChMk0b\"><span class=\"ryNqvb\">\u0160i vaza yra organi\u0161kos formos, primenan\u010dios granat\u0105, tod\u0117l atrodo unikaliai. <\/span><\/span><\/span><\/span><\/li>\n<li><span class=\"HwtZe\" lang=\"lt\"><span class=\"HwtZe\" lang=\"lt\"><span class=\"jCAhz ChMk0b\"><span class=\"ryNqvb\">Detal\u0117s: med\u017eiaga &#8211; keramika.<\/span><\/span><\/span><\/span><\/li>\n<li><span class=\"HwtZe\" lang=\"lt\"><span class=\"HwtZe\" lang=\"lt\"><span class=\"jCAhz ChMk0b\"><span class=\"ryNqvb\">Spalva &#8211; kremin\u0117.\u00a0\u00a0<\/span><\/span><\/span><\/span><\/li>\n<\/ul>\n<table width=\"405\">\n<tbody>\n<tr>\n<td width=\"91\">I\u0161matavimai: Skersmuo 13,5 cm \/ Auk\u0161tis 16 cm.<\/td>\n<\/tr>\n<\/tbody>\n<\/table>\n<p>&nbsp;<\/p>","protected":false},"excerpt":{"rendered":"<p>Suteikite savo interjerui nat\u016bralaus, rafinuoto \u017eavesio su sm\u0117lio spalvos \u201eCountryfield Pomegranate S\u201c vaza. \u0160i vaza yra organi\u0161kos formos, primenan\u010dios granat\u0105, tod\u0117l atrodo unikaliai. Detal\u0117s: med\u017eiaga &#8211; keramika. Spalva &#8211; kremin\u0117.\u00a0\u00a0 I\u0161matavimai: Skersmuo 13,5 cm \/ Auk\u0161tis 16 cm. &nbsp;<\/p>","protected":false},"featured_media":15544,"template":"","meta":{"_monsterinsights_skip_tracking":false,"_monsterinsights_sitenote_active":false,"_monsterinsights_sitenote_note":"","_monsterinsights_sitenote_category":0},"product_brand":[],"product_cat":[101],"product_tag":[],"class_list":{"0":"post-15543","1":"product","2":"type-product","3":"status-publish","4":"has-post-thumbnail","6":"product_cat-vazos","8":"first","9":"instock","10":"taxable","11":"shipping-taxable","12":"purchasable","13":"product-type-simple"},"_links":{"self":[{"href":"https:\/\/duckdeco.lt\/en\/wp-json\/wp\/v2\/product\/15543","targetHints":{"allow":["GET"]}}],"collection":[{"href":"https:\/\/duckdeco.lt\/en\/wp-json\/wp\/v2\/product"}],"about":[{"href":"https:\/\/duckdeco.lt\/en\/wp-json\/wp\/v2\/types\/product"}],"version-history":[{"count":1,"href":"https:\/\/duckdeco.lt\/en\/wp-json\/wp\/v2\/product\/15543\/revisions"}],"predecessor-version":[{"id":15545,"href":"https:\/\/duckdeco.lt\/en\/wp-json\/wp\/v2\/product\/15543\/revisions\/15545"}],"wp:featuredmedia":[{"embeddable":true,"href":"https:\/\/duckdeco.lt\/en\/wp-json\/wp\/v2\/media\/15544"}],"wp:attachment":[{"href":"https:\/\/duckdeco.lt\/en\/wp-json\/wp\/v2\/media?parent=15543"}],"wp:term":[{"taxonomy":"product_brand","embeddable":true,"href":"https:\/\/duckdeco.lt\/en\/wp-json\/wp\/v2\/product_brand?post=15543"},{"taxonomy":"product_cat","embeddable":true,"href":"https:\/\/duckdeco.lt\/en\/wp-json\/wp\/v2\/product_cat?post=15543"},{"taxonomy":"product_tag","embeddable":true,"href":"https:\/\/duckdeco.lt\/en\/wp-json\/wp\/v2\/product_tag?post=15543"}],"curies":[{"name":"wp","href":"https:\/\/api.w.org\/{rel}","templated":true}]}}