{"id":15552,"date":"2025-09-22T15:11:17","date_gmt":"2025-09-22T12:11:17","guid":{"rendered":"https:\/\/duckdeco.lt\/?post_type=product&#038;p=15552"},"modified":"2025-09-22T15:11:17","modified_gmt":"2025-09-22T12:11:17","slug":"vaza-blue-ii","status":"publish","type":"product","link":"https:\/\/duckdeco.lt\/en\/product\/vaza-blue-ii\/","title":{"rendered":"Vaza blue II"},"content":{"rendered":"<ul>\n<li>M\u0117lynais g\u0117li\u0173 ornamentais dekoruota vaza, i\u0161skirtinis akcentas J\u016bs\u0173 interjere.\n<ul>\n<li>Detal\u0117s: med\u017eiaga \u2013 keramika.<\/li>\n<li>Spalva &#8211; balta\/ m\u0117lyna.<\/li>\n<\/ul>\n<table width=\"405\">\n<tbody>\n<tr>\n<td width=\"91\">I\u0161matavimai: Skersmuo 9 cm\u00a0 \/ Auk\u0161tis 16,5 cm<\/td>\n<\/tr>\n<\/tbody>\n<\/table>\n<\/li>\n<\/ul>","protected":false},"excerpt":{"rendered":"<p>M\u0117lynais g\u0117li\u0173 ornamentais dekoruota vaza, i\u0161skirtinis akcentas J\u016bs\u0173 interjere. Detal\u0117s: med\u017eiaga \u2013 keramika. Spalva &#8211; balta\/ m\u0117lyna. I\u0161matavimai: Skersmuo 9 cm\u00a0 \/ Auk\u0161tis 16,5 cm<\/p>","protected":false},"featured_media":15553,"template":"","meta":{"_monsterinsights_skip_tracking":false,"_monsterinsights_sitenote_active":false,"_monsterinsights_sitenote_note":"","_monsterinsights_sitenote_category":0},"product_brand":[],"product_cat":[101],"product_tag":[],"class_list":{"0":"post-15552","1":"product","2":"type-product","3":"status-publish","4":"has-post-thumbnail","6":"product_cat-vazos","8":"first","9":"instock","10":"taxable","11":"shipping-taxable","12":"purchasable","13":"product-type-simple"},"_links":{"self":[{"href":"https:\/\/duckdeco.lt\/en\/wp-json\/wp\/v2\/product\/15552","targetHints":{"allow":["GET"]}}],"collection":[{"href":"https:\/\/duckdeco.lt\/en\/wp-json\/wp\/v2\/product"}],"about":[{"href":"https:\/\/duckdeco.lt\/en\/wp-json\/wp\/v2\/types\/product"}],"version-history":[{"count":1,"href":"https:\/\/duckdeco.lt\/en\/wp-json\/wp\/v2\/product\/15552\/revisions"}],"predecessor-version":[{"id":15554,"href":"https:\/\/duckdeco.lt\/en\/wp-json\/wp\/v2\/product\/15552\/revisions\/15554"}],"wp:featuredmedia":[{"embeddable":true,"href":"https:\/\/duckdeco.lt\/en\/wp-json\/wp\/v2\/media\/15553"}],"wp:attachment":[{"href":"https:\/\/duckdeco.lt\/en\/wp-json\/wp\/v2\/media?parent=15552"}],"wp:term":[{"taxonomy":"product_brand","embeddable":true,"href":"https:\/\/duckdeco.lt\/en\/wp-json\/wp\/v2\/product_brand?post=15552"},{"taxonomy":"product_cat","embeddable":true,"href":"https:\/\/duckdeco.lt\/en\/wp-json\/wp\/v2\/product_cat?post=15552"},{"taxonomy":"product_tag","embeddable":true,"href":"https:\/\/duckdeco.lt\/en\/wp-json\/wp\/v2\/product_tag?post=15552"}],"curies":[{"name":"wp","href":"https:\/\/api.w.org\/{rel}","templated":true}]}}