{"id":15558,"date":"2025-09-24T15:41:27","date_gmt":"2025-09-24T12:41:27","guid":{"rendered":"https:\/\/duckdeco.lt\/?post_type=product&#038;p=15558"},"modified":"2025-09-24T15:41:28","modified_gmt":"2025-09-24T12:41:28","slug":"stiklo-tapyba-moteris-su-gelemis","status":"publish","type":"product","link":"https:\/\/duckdeco.lt\/en\/product\/stiklo-tapyba-moteris-su-gelemis\/","title":{"rendered":"Stiklo tapyba &#8211; moteris su g\u0117l\u0117mis"},"content":{"rendered":"<ul>\n<li class=\"lRu31\" dir=\"ltr\"><span class=\"HwtZe\" lang=\"lt\"><span class=\"jCAhz ChMk0b\"><span class=\"ryNqvb\">Ry\u0161ki fotomeno kompozicija, a\u0161trus vaizdas, unikali iliustracija ir spalvin\u0117 gama &#8211; viskas ko reikia J\u016bs\u0173 erdv\u0117s papildymui. Sienai skirtas meno k\u016brinys pagamintas i\u0161 auk\u0161tos kokyb\u0117s tvirto gr\u016bdinto stiklo, turi pakabinimo sistem\u0105.\u00a0<\/span><\/span><\/span>\n<div class=\"NQSJo\"><\/div>\n<\/li>\n<li dir=\"ltr\">Detal\u0117s: med\u017eiaga &#8211; gr\u016bdintas stiklas.<\/li>\n<li dir=\"ltr\">Spalva &#8211; \u012fvairiaspalvis.<br \/>\n<table width=\"405\">\n<tbody>\n<tr>\n<td width=\"91\">I\u0161matavimai: Plotis 80 cm \/ Auk\u0161tis 120 cm.<\/td>\n<\/tr>\n<\/tbody>\n<\/table>\n<p>&nbsp;<\/li>\n<\/ul>\n<div class=\"UdTY9 WdefRb\" aria-hidden=\"true\" data-location=\"2\">\n<div class=\"kO6q6e\"><\/div>\n<\/div>\n<div class=\"XL3Kf XExWNc\">\n<div class=\"a8FIud X0rvP\">\n<div data-show-delay-ms=\"250\" data-append-to-body=\"false\" data-propagate-tooltip-mouseover-events=\"true\" data-anchor-corner=\"bottom-end\" data-enable-skip-handler=\"true\" data-popup-corner=\"top-end\">\n<div class=\"dig2sb\"><\/div>\n<\/div>\n<\/div>\n<\/div>\n<div class=\"XL3Kf XExWNc\">\n<div class=\"a8FIud X0rvP\">\n<div data-show-delay-ms=\"250\" data-append-to-body=\"false\" data-propagate-tooltip-mouseover-events=\"true\" data-anchor-corner=\"bottom-end\" data-enable-skip-handler=\"true\" data-popup-corner=\"top-end\"><\/div>\n<\/div>\n<\/div>\n<div class=\"ebT7ne VOLvac sMVRZe\">\n<div class=\"F0pQVc\"><\/div>\n<\/div>\n<div class=\"VO9ucd\">\n<div class=\"aJIq1d\" dir=\"ltr\" data-language-code=\"lt\" data-language-name=\"lietuvi\u0173\" data-text=\"\u0160is gra\u017eus stiklo paveikslas netrukus gali pavogti j\u016bs\u0173 svetain\u0117s, miegamojo ar prie\u0161kambario spindes\u012f! Sienai skirtas meno k\u016brinys pagamintas i\u0161 auk\u0161tos kokyb\u0117s tvirto gr\u016bdinto stiklo. \u0160is stiklas yra kri\u0161tolo skaidrumo ir labai tvirtas. \u0160io gra\u017eaus stiklo paveikslo negalima praleisti j\u016bs\u0173 namuose ar verslo patalpose.Ry\u0161ki fotomeno kompozicija\u0160is stiklo paveikslas turi ry\u0161k\u0173 vaizd\u0105 kaip skutimosi skustuvo a\u0161menys. Unikali iliustracija ir spalvos suteikia jam labai gra\u017e\u0173 vaizd\u0105. Stiklo paveikslas yra unikalus bet kokio interjero stiliaus papildymas.Visi privalumai i\u0161 pirmo \u017evilgsnio:Pagaminta i\u0161 tvirto ir gra\u017eaus gr\u016bdinto stikloDidelis dydis!Ry\u0161kus vaizdasLengva pakabintiLengva pakabintiPaveikslas tiekiamas su patogia pakabinimo sistema. Tokiu b\u016bdu paveikslo pakabinimas yra vieni juokai. Rekomenduojame, kad paveiksl\u0105 pakabint\u0173 bent du \u017emon\u0117s.\" data-crosslingual-hint=\"\" data-location=\"2\" data-enable-toggle-playback-speed=\"true\" data-results-count=\"1\" data-result-index=\"1\"><\/p>\n<div class=\"m0Qfkd\"><\/div>\n<\/div>\n<\/div>\n<div><\/div>\n<nav class=\"VlPnLc\" aria-labelledby=\"ucj-38\"><\/nav>\n<div class=\"ySES5\"><\/div>\n<div class=\"ySES5\"><\/div>","protected":false},"excerpt":{"rendered":"<p>Ry\u0161ki fotomeno kompozicija, a\u0161trus vaizdas, unikali iliustracija ir spalvin\u0117 gama &#8211; viskas ko reikia J\u016bs\u0173 erdv\u0117s papildymui. Sienai skirtas meno k\u016brinys pagamintas i\u0161 auk\u0161tos kokyb\u0117s tvirto gr\u016bdinto stiklo, turi pakabinimo sistem\u0105.\u00a0 Detal\u0117s: med\u017eiaga &#8211; gr\u016bdintas stiklas. Spalva &#8211; \u012fvairiaspalvis. I\u0161matavimai: Plotis 80 cm \/ Auk\u0161tis 120 cm. &nbsp;<\/p>","protected":false},"featured_media":15559,"template":"","meta":{"_monsterinsights_skip_tracking":false,"_monsterinsights_sitenote_active":false,"_monsterinsights_sitenote_note":"","_monsterinsights_sitenote_category":0},"product_brand":[],"product_cat":[95,143],"product_tag":[],"class_list":{"0":"post-15558","1":"product","2":"type-product","3":"status-publish","4":"has-post-thumbnail","6":"product_cat-interjerui","7":"product_cat-paveikslai","9":"first","10":"instock","11":"taxable","12":"shipping-taxable","13":"purchasable","14":"product-type-simple"},"_links":{"self":[{"href":"https:\/\/duckdeco.lt\/en\/wp-json\/wp\/v2\/product\/15558","targetHints":{"allow":["GET"]}}],"collection":[{"href":"https:\/\/duckdeco.lt\/en\/wp-json\/wp\/v2\/product"}],"about":[{"href":"https:\/\/duckdeco.lt\/en\/wp-json\/wp\/v2\/types\/product"}],"version-history":[{"count":1,"href":"https:\/\/duckdeco.lt\/en\/wp-json\/wp\/v2\/product\/15558\/revisions"}],"predecessor-version":[{"id":15560,"href":"https:\/\/duckdeco.lt\/en\/wp-json\/wp\/v2\/product\/15558\/revisions\/15560"}],"wp:featuredmedia":[{"embeddable":true,"href":"https:\/\/duckdeco.lt\/en\/wp-json\/wp\/v2\/media\/15559"}],"wp:attachment":[{"href":"https:\/\/duckdeco.lt\/en\/wp-json\/wp\/v2\/media?parent=15558"}],"wp:term":[{"taxonomy":"product_brand","embeddable":true,"href":"https:\/\/duckdeco.lt\/en\/wp-json\/wp\/v2\/product_brand?post=15558"},{"taxonomy":"product_cat","embeddable":true,"href":"https:\/\/duckdeco.lt\/en\/wp-json\/wp\/v2\/product_cat?post=15558"},{"taxonomy":"product_tag","embeddable":true,"href":"https:\/\/duckdeco.lt\/en\/wp-json\/wp\/v2\/product_tag?post=15558"}],"curies":[{"name":"wp","href":"https:\/\/api.w.org\/{rel}","templated":true}]}}