{"id":15561,"date":"2025-09-24T15:52:52","date_gmt":"2025-09-24T12:52:52","guid":{"rendered":"https:\/\/duckdeco.lt\/?post_type=product&#038;p=15561"},"modified":"2025-09-24T15:52:52","modified_gmt":"2025-09-24T12:52:52","slug":"stiklo-tapyba-liutu-seima","status":"publish","type":"product","link":"https:\/\/duckdeco.lt\/en\/product\/stiklo-tapyba-liutu-seima\/","title":{"rendered":"Stiklo tapyba &#8211; li\u016bt\u0173 \u0161eima"},"content":{"rendered":"<ul>\n<li>Unikali iliustracija, a\u0161trus nuotrauk\u0173 menas &#8211; \u0161is paveikslas b\u016btinas J\u016bs\u0173 nam\u0173 ar ofiso erdvei papildyti. <span class=\"HwtZe\" lang=\"lt\"><span class=\"jCAhz ChMk0b\"><span class=\"ryNqvb\">\u0160is sienos meno k\u016brinys pagamintas i\u0161 auk\u0161tos kokyb\u0117s, tvirto gr\u016bdinto stiklo, <\/span><\/span><span class=\"jCAhz ChMk0b\"><span class=\"ryNqvb\">yra kri\u0161tolo skaidrumo<\/span><\/span><\/span>. Turi patogi\u0105 pakabinimo sistem\u0105.<\/li>\n<li>Detal\u0117s: med\u017eiaga &#8211; gr\u016bdintas stiklas.<\/li>\n<li>Spalva &#8211; \u012fvairiaspalvis.<br \/>\n<table width=\"405\">\n<tbody>\n<tr>\n<td width=\"91\">I\u0161matavimai: Plotis 160 cm \/ Ilgis 110 cm.<\/td>\n<\/tr>\n<\/tbody>\n<\/table>\n<p>&nbsp;<\/li>\n<\/ul>\n<p>&nbsp;<\/p>","protected":false},"excerpt":{"rendered":"<p>Unikali iliustracija, a\u0161trus nuotrauk\u0173 menas &#8211; \u0161is paveikslas b\u016btinas J\u016bs\u0173 nam\u0173 ar ofiso erdvei papildyti. \u0160is sienos meno k\u016brinys pagamintas i\u0161 auk\u0161tos kokyb\u0117s, tvirto gr\u016bdinto stiklo, yra kri\u0161tolo skaidrumo. Turi patogi\u0105 pakabinimo sistem\u0105. Detal\u0117s: med\u017eiaga &#8211; gr\u016bdintas stiklas. Spalva &#8211; \u012fvairiaspalvis. I\u0161matavimai: Plotis 160 cm \/ Ilgis 110 cm. &nbsp; &nbsp;<\/p>","protected":false},"featured_media":15562,"template":"","meta":{"_monsterinsights_skip_tracking":false,"_monsterinsights_sitenote_active":false,"_monsterinsights_sitenote_note":"","_monsterinsights_sitenote_category":0},"product_brand":[],"product_cat":[95,143],"product_tag":[],"class_list":{"0":"post-15561","1":"product","2":"type-product","3":"status-publish","4":"has-post-thumbnail","6":"product_cat-interjerui","7":"product_cat-paveikslai","9":"first","10":"instock","11":"taxable","12":"shipping-taxable","13":"purchasable","14":"product-type-simple"},"_links":{"self":[{"href":"https:\/\/duckdeco.lt\/en\/wp-json\/wp\/v2\/product\/15561","targetHints":{"allow":["GET"]}}],"collection":[{"href":"https:\/\/duckdeco.lt\/en\/wp-json\/wp\/v2\/product"}],"about":[{"href":"https:\/\/duckdeco.lt\/en\/wp-json\/wp\/v2\/types\/product"}],"version-history":[{"count":1,"href":"https:\/\/duckdeco.lt\/en\/wp-json\/wp\/v2\/product\/15561\/revisions"}],"predecessor-version":[{"id":15563,"href":"https:\/\/duckdeco.lt\/en\/wp-json\/wp\/v2\/product\/15561\/revisions\/15563"}],"wp:featuredmedia":[{"embeddable":true,"href":"https:\/\/duckdeco.lt\/en\/wp-json\/wp\/v2\/media\/15562"}],"wp:attachment":[{"href":"https:\/\/duckdeco.lt\/en\/wp-json\/wp\/v2\/media?parent=15561"}],"wp:term":[{"taxonomy":"product_brand","embeddable":true,"href":"https:\/\/duckdeco.lt\/en\/wp-json\/wp\/v2\/product_brand?post=15561"},{"taxonomy":"product_cat","embeddable":true,"href":"https:\/\/duckdeco.lt\/en\/wp-json\/wp\/v2\/product_cat?post=15561"},{"taxonomy":"product_tag","embeddable":true,"href":"https:\/\/duckdeco.lt\/en\/wp-json\/wp\/v2\/product_tag?post=15561"}],"curies":[{"name":"wp","href":"https:\/\/api.w.org\/{rel}","templated":true}]}}