{"id":15568,"date":"2025-10-07T15:11:50","date_gmt":"2025-10-07T12:11:50","guid":{"rendered":"https:\/\/duckdeco.lt\/?post_type=product&#038;p=15568"},"modified":"2025-10-07T15:11:50","modified_gmt":"2025-10-07T12:11:50","slug":"zvake-wine-red","status":"publish","type":"product","link":"https:\/\/duckdeco.lt\/en\/product\/zvake-wine-red\/","title":{"rendered":"\u017dvak\u0117 Wine red"},"content":{"rendered":"<ul>\n<li><span class=\"HwtZe\" lang=\"lt\"><span class=\"jCAhz ChMk0b\"><span class=\"ryNqvb\">Rank\u0173 darbo \u017evak\u0117s, pagamintos i\u0161 auk\u0161tos kokyb\u0117s parafino, kuris u\u017etikrina, jog \u017evak\u0117s nevarva, ilgai dega, o i\u0161 dagties nesklinda juodi d\u016bmai. Burgundi\u0161ko vyno spalva suteikia \u0161ilumos ir jaukumo, bet kokiam interjerui.Stilingai papuo\u0161kite savo namus ir nustebinsite draugus bei \u0161eimos narius.\u00a0<\/span><\/span><\/span><\/li>\n<li>Detal\u0117s: med\u017eiaga &#8211; parafinas.<\/li>\n<li>Spalva &#8211; bordo.<br \/>\n<table width=\"405\">\n<tbody>\n<tr>\n<td width=\"91\">I\u0161matavimai: Skersmuo 7 cm \/ Auk\u0161tis 15 cm.<\/td>\n<\/tr>\n<\/tbody>\n<\/table>\n<\/li>\n<\/ul>","protected":false},"excerpt":{"rendered":"<p>Rank\u0173 darbo \u017evak\u0117s, pagamintos i\u0161 auk\u0161tos kokyb\u0117s parafino, kuris u\u017etikrina, jog \u017evak\u0117s nevarva, ilgai dega, o i\u0161 dagties nesklinda juodi d\u016bmai. Burgundi\u0161ko vyno spalva suteikia \u0161ilumos ir jaukumo, bet kokiam interjerui.Stilingai papuo\u0161kite savo namus ir nustebinsite draugus bei \u0161eimos narius.\u00a0 Detal\u0117s: med\u017eiaga &#8211; parafinas. Spalva &#8211; bordo. I\u0161matavimai: Skersmuo 7 cm \/ Auk\u0161tis 15 cm.<\/p>","protected":false},"featured_media":15569,"template":"","meta":{"_monsterinsights_skip_tracking":false,"_monsterinsights_sitenote_active":false,"_monsterinsights_sitenote_note":"","_monsterinsights_sitenote_category":0},"product_brand":[],"product_cat":[106,144],"product_tag":[],"class_list":{"0":"post-15568","1":"product","2":"type-product","3":"status-publish","4":"has-post-thumbnail","6":"product_cat-dekoras-sventems","7":"product_cat-zvakes","9":"first","10":"instock","11":"taxable","12":"shipping-taxable","13":"purchasable","14":"product-type-simple"},"_links":{"self":[{"href":"https:\/\/duckdeco.lt\/en\/wp-json\/wp\/v2\/product\/15568","targetHints":{"allow":["GET"]}}],"collection":[{"href":"https:\/\/duckdeco.lt\/en\/wp-json\/wp\/v2\/product"}],"about":[{"href":"https:\/\/duckdeco.lt\/en\/wp-json\/wp\/v2\/types\/product"}],"version-history":[{"count":1,"href":"https:\/\/duckdeco.lt\/en\/wp-json\/wp\/v2\/product\/15568\/revisions"}],"predecessor-version":[{"id":15570,"href":"https:\/\/duckdeco.lt\/en\/wp-json\/wp\/v2\/product\/15568\/revisions\/15570"}],"wp:featuredmedia":[{"embeddable":true,"href":"https:\/\/duckdeco.lt\/en\/wp-json\/wp\/v2\/media\/15569"}],"wp:attachment":[{"href":"https:\/\/duckdeco.lt\/en\/wp-json\/wp\/v2\/media?parent=15568"}],"wp:term":[{"taxonomy":"product_brand","embeddable":true,"href":"https:\/\/duckdeco.lt\/en\/wp-json\/wp\/v2\/product_brand?post=15568"},{"taxonomy":"product_cat","embeddable":true,"href":"https:\/\/duckdeco.lt\/en\/wp-json\/wp\/v2\/product_cat?post=15568"},{"taxonomy":"product_tag","embeddable":true,"href":"https:\/\/duckdeco.lt\/en\/wp-json\/wp\/v2\/product_tag?post=15568"}],"curies":[{"name":"wp","href":"https:\/\/api.w.org\/{rel}","templated":true}]}}