{"id":15574,"date":"2025-10-08T15:57:01","date_gmt":"2025-10-08T12:57:01","guid":{"rendered":"https:\/\/duckdeco.lt\/?post_type=product&#038;p=15574"},"modified":"2025-10-08T15:57:01","modified_gmt":"2025-10-08T12:57:01","slug":"zvakide-black-i","status":"publish","type":"product","link":"https:\/\/duckdeco.lt\/en\/product\/zvakide-black-i\/","title":{"rendered":"\u017dvakid\u0117 Black I"},"content":{"rendered":"<ul>\n<li>Eleganti\u0161ko dizaino \u017evakid\u0117s i\u0161 Diga colmore kolekcijos, subtilus akcentas J\u016bs\u0173 interjere, taip pat puikus dekoro elementas \u0161vent\u0117ms.<\/li>\n<li>Detal\u0117s: med\u017eiaga &#8211; metalas.<\/li>\n<li>Spalva &#8211; juoda.<br \/>\n<table width=\"405\">\n<tbody>\n<tr>\n<td width=\"91\">I\u0161matavimai: Skersmuo 15 cm \/ Auk\u0161tis 86 cm.<\/td>\n<\/tr>\n<\/tbody>\n<\/table>\n<p>&nbsp;<\/li>\n<\/ul>","protected":false},"excerpt":{"rendered":"<p>Eleganti\u0161ko dizaino \u017evakid\u0117s i\u0161 Diga colmore kolekcijos, subtilus akcentas J\u016bs\u0173 interjere, taip pat puikus dekoro elementas \u0161vent\u0117ms. Detal\u0117s: med\u017eiaga &#8211; metalas. Spalva &#8211; juoda. I\u0161matavimai: Skersmuo 15 cm \/ Auk\u0161tis 86 cm. &nbsp;<\/p>","protected":false},"featured_media":15575,"template":"","meta":{"_monsterinsights_skip_tracking":false,"_monsterinsights_sitenote_active":false,"_monsterinsights_sitenote_note":"","_monsterinsights_sitenote_category":0},"product_brand":[],"product_cat":[106,107],"product_tag":[],"class_list":{"0":"post-15574","1":"product","2":"type-product","3":"status-publish","4":"has-post-thumbnail","6":"product_cat-dekoras-sventems","7":"product_cat-stilingos-zvakides-zvakes","9":"first","10":"instock","11":"taxable","12":"shipping-taxable","13":"purchasable","14":"product-type-simple"},"_links":{"self":[{"href":"https:\/\/duckdeco.lt\/en\/wp-json\/wp\/v2\/product\/15574","targetHints":{"allow":["GET"]}}],"collection":[{"href":"https:\/\/duckdeco.lt\/en\/wp-json\/wp\/v2\/product"}],"about":[{"href":"https:\/\/duckdeco.lt\/en\/wp-json\/wp\/v2\/types\/product"}],"version-history":[{"count":1,"href":"https:\/\/duckdeco.lt\/en\/wp-json\/wp\/v2\/product\/15574\/revisions"}],"predecessor-version":[{"id":15576,"href":"https:\/\/duckdeco.lt\/en\/wp-json\/wp\/v2\/product\/15574\/revisions\/15576"}],"wp:featuredmedia":[{"embeddable":true,"href":"https:\/\/duckdeco.lt\/en\/wp-json\/wp\/v2\/media\/15575"}],"wp:attachment":[{"href":"https:\/\/duckdeco.lt\/en\/wp-json\/wp\/v2\/media?parent=15574"}],"wp:term":[{"taxonomy":"product_brand","embeddable":true,"href":"https:\/\/duckdeco.lt\/en\/wp-json\/wp\/v2\/product_brand?post=15574"},{"taxonomy":"product_cat","embeddable":true,"href":"https:\/\/duckdeco.lt\/en\/wp-json\/wp\/v2\/product_cat?post=15574"},{"taxonomy":"product_tag","embeddable":true,"href":"https:\/\/duckdeco.lt\/en\/wp-json\/wp\/v2\/product_tag?post=15574"}],"curies":[{"name":"wp","href":"https:\/\/api.w.org\/{rel}","templated":true}]}}