{"id":15580,"date":"2025-10-09T10:47:35","date_gmt":"2025-10-09T07:47:35","guid":{"rendered":"https:\/\/duckdeco.lt\/?post_type=product&#038;p=15580"},"modified":"2025-12-04T22:54:25","modified_gmt":"2025-12-04T20:54:25","slug":"zvake-teal-blue-i","status":"publish","type":"product","link":"https:\/\/duckdeco.lt\/en\/product\/zvake-teal-blue-i\/","title":{"rendered":"\u017dvak\u0117 Teal Blue I"},"content":{"rendered":"<ul>\n<li><span class=\"HwtZe\" lang=\"lt\"><span class=\"jCAhz ChMk0b\"><span class=\"ryNqvb\">\u0160ios \u017evak\u0117s yra rank\u0173 darbo gaminys, pagamintos i\u0161 auk\u0161tos kokyb\u0117s parafino, Europoje. Tai kokybi\u0161ka \u017evak\u0117, kuri patraukliai papuo\u0161 J\u016bs\u0173 namus ir prid\u0117s jaukumo.\u00a0<\/span><\/span><\/span><\/li>\n<li>Neskleid\u017eia juod\u0173 d\u016bm\u0173.<\/li>\n<li>Dega +\/ \u2013 90 val.<\/li>\n<li>Detal\u0117s: med\u017eiaga \u2013 parafinas.<\/li>\n<li>Spalva \u2013 \u017ealsvai m\u0117lyna.<br \/>\n<table width=\"405\">\n<tbody>\n<tr>\n<td width=\"91\">I\u0161matavimai: Skersmuo 10 cm \/ Auk\u0161tis 15 cm.<\/td>\n<\/tr>\n<\/tbody>\n<\/table>\n<p>&nbsp;<\/li>\n<\/ul>","protected":false},"excerpt":{"rendered":"<p>\u0160ios \u017evak\u0117s yra rank\u0173 darbo gaminys, pagamintos i\u0161 auk\u0161tos kokyb\u0117s parafino, Europoje. Tai kokybi\u0161ka \u017evak\u0117, kuri patraukliai papuo\u0161 J\u016bs\u0173 namus ir prid\u0117s jaukumo.\u00a0 Neskleid\u017eia juod\u0173 d\u016bm\u0173. Dega +\/ \u2013 90 val. Detal\u0117s: med\u017eiaga \u2013 parafinas. Spalva \u2013 \u017ealsvai m\u0117lyna. I\u0161matavimai: Skersmuo 10 cm \/ Auk\u0161tis 15 cm. &nbsp;<\/p>","protected":false},"featured_media":15581,"template":"","meta":{"_monsterinsights_skip_tracking":false,"_monsterinsights_sitenote_active":false,"_monsterinsights_sitenote_note":"","_monsterinsights_sitenote_category":0},"product_brand":[],"product_cat":[106,144],"product_tag":[],"class_list":{"0":"post-15580","1":"product","2":"type-product","3":"status-publish","4":"has-post-thumbnail","6":"product_cat-dekoras-sventems","7":"product_cat-zvakes","9":"first","10":"instock","11":"taxable","12":"shipping-taxable","13":"purchasable","14":"product-type-simple"},"_links":{"self":[{"href":"https:\/\/duckdeco.lt\/en\/wp-json\/wp\/v2\/product\/15580","targetHints":{"allow":["GET"]}}],"collection":[{"href":"https:\/\/duckdeco.lt\/en\/wp-json\/wp\/v2\/product"}],"about":[{"href":"https:\/\/duckdeco.lt\/en\/wp-json\/wp\/v2\/types\/product"}],"version-history":[{"count":1,"href":"https:\/\/duckdeco.lt\/en\/wp-json\/wp\/v2\/product\/15580\/revisions"}],"predecessor-version":[{"id":15582,"href":"https:\/\/duckdeco.lt\/en\/wp-json\/wp\/v2\/product\/15580\/revisions\/15582"}],"wp:featuredmedia":[{"embeddable":true,"href":"https:\/\/duckdeco.lt\/en\/wp-json\/wp\/v2\/media\/15581"}],"wp:attachment":[{"href":"https:\/\/duckdeco.lt\/en\/wp-json\/wp\/v2\/media?parent=15580"}],"wp:term":[{"taxonomy":"product_brand","embeddable":true,"href":"https:\/\/duckdeco.lt\/en\/wp-json\/wp\/v2\/product_brand?post=15580"},{"taxonomy":"product_cat","embeddable":true,"href":"https:\/\/duckdeco.lt\/en\/wp-json\/wp\/v2\/product_cat?post=15580"},{"taxonomy":"product_tag","embeddable":true,"href":"https:\/\/duckdeco.lt\/en\/wp-json\/wp\/v2\/product_tag?post=15580"}],"curies":[{"name":"wp","href":"https:\/\/api.w.org\/{rel}","templated":true}]}}