{"id":15583,"date":"2025-10-09T11:06:48","date_gmt":"2025-10-09T08:06:48","guid":{"rendered":"https:\/\/duckdeco.lt\/?post_type=product&#038;p=15583"},"modified":"2025-10-09T11:06:48","modified_gmt":"2025-10-09T08:06:48","slug":"dekoratyvine-kriaukle-i","status":"publish","type":"product","link":"https:\/\/duckdeco.lt\/en\/product\/dekoratyvine-kriaukle-i\/","title":{"rendered":"Dekoratyvin\u0117 kriaukl\u0117 I"},"content":{"rendered":"<ul>\n<li>Eleganti\u0161ka ir unikali detal\u0117 j\u016bs\u0173 namams \u2013\u00a0 keramikin\u0117 kriaukl\u0117.\u00a0 Tai ne tik stilinga dekoro detal\u0117, bet ir funkcionali d\u0117tuv\u0117, puikiai tinkanti laikyti smulkius papuo\u0161alus, ar kitus ma\u017eus daiktus. interjero akcentas, kuris ras savo viet\u0105 bet kurioje patalpoje.<\/li>\n<li>Detal\u0117s: med\u017eiaga &#8211; keramika.<\/li>\n<li>Spalva &#8211; ruda\/ pilka.<br \/>\n<table width=\"405\">\n<tbody>\n<tr>\n<td width=\"91\">I\u0161matavimai:<\/td>\n<\/tr>\n<\/tbody>\n<\/table>\n<p>&nbsp;<\/li>\n<\/ul>","protected":false},"excerpt":{"rendered":"<p>Eleganti\u0161ka ir unikali detal\u0117 j\u016bs\u0173 namams \u2013\u00a0 keramikin\u0117 kriaukl\u0117.\u00a0 Tai ne tik stilinga dekoro detal\u0117, bet ir funkcionali d\u0117tuv\u0117, puikiai tinkanti laikyti smulkius papuo\u0161alus, ar kitus ma\u017eus daiktus. interjero akcentas, kuris ras savo viet\u0105 bet kurioje patalpoje. Detal\u0117s: med\u017eiaga &#8211; keramika. Spalva &#8211; ruda\/ pilka. I\u0161matavimai: &nbsp;<\/p>","protected":false},"featured_media":15585,"template":"","meta":{"_monsterinsights_skip_tracking":false,"_monsterinsights_sitenote_active":false,"_monsterinsights_sitenote_note":"","_monsterinsights_sitenote_category":0},"product_brand":[],"product_cat":[108],"product_tag":[],"class_list":{"0":"post-15583","1":"product","2":"type-product","3":"status-publish","4":"has-post-thumbnail","6":"product_cat-dekoratyvus-aksesuarai","8":"first","9":"instock","10":"taxable","11":"shipping-taxable","12":"purchasable","13":"product-type-simple"},"_links":{"self":[{"href":"https:\/\/duckdeco.lt\/en\/wp-json\/wp\/v2\/product\/15583","targetHints":{"allow":["GET"]}}],"collection":[{"href":"https:\/\/duckdeco.lt\/en\/wp-json\/wp\/v2\/product"}],"about":[{"href":"https:\/\/duckdeco.lt\/en\/wp-json\/wp\/v2\/types\/product"}],"version-history":[{"count":1,"href":"https:\/\/duckdeco.lt\/en\/wp-json\/wp\/v2\/product\/15583\/revisions"}],"predecessor-version":[{"id":15586,"href":"https:\/\/duckdeco.lt\/en\/wp-json\/wp\/v2\/product\/15583\/revisions\/15586"}],"wp:featuredmedia":[{"embeddable":true,"href":"https:\/\/duckdeco.lt\/en\/wp-json\/wp\/v2\/media\/15585"}],"wp:attachment":[{"href":"https:\/\/duckdeco.lt\/en\/wp-json\/wp\/v2\/media?parent=15583"}],"wp:term":[{"taxonomy":"product_brand","embeddable":true,"href":"https:\/\/duckdeco.lt\/en\/wp-json\/wp\/v2\/product_brand?post=15583"},{"taxonomy":"product_cat","embeddable":true,"href":"https:\/\/duckdeco.lt\/en\/wp-json\/wp\/v2\/product_cat?post=15583"},{"taxonomy":"product_tag","embeddable":true,"href":"https:\/\/duckdeco.lt\/en\/wp-json\/wp\/v2\/product_tag?post=15583"}],"curies":[{"name":"wp","href":"https:\/\/api.w.org\/{rel}","templated":true}]}}