{"id":15627,"date":"2025-12-01T13:29:20","date_gmt":"2025-12-01T11:29:20","guid":{"rendered":"https:\/\/duckdeco.lt\/?post_type=product&#038;p=15627"},"modified":"2025-12-01T13:29:20","modified_gmt":"2025-12-01T11:29:20","slug":"vaza-pepper-2","status":"publish","type":"product","link":"https:\/\/duckdeco.lt\/en\/product\/vaza-pepper-2\/","title":{"rendered":"Vaza Pepper"},"content":{"rendered":"<ul>\n<li><span class=\"HwtZe\" lang=\"lt\"><span class=\"HwtZe\" lang=\"lt\"><span class=\"jCAhz ChMk0b\"><span class=\"ryNqvb\">\u0160i nepaprastai smagi vaza, pasi\u017eyminti paprasta elegancija ir gra\u017eiomis detal\u0117mis, yra unikalus pirkinys kiekvienam, kuris i\u0161dr\u012fsta \u017eaisti su interjeru.<\/span><\/span><span class=\"jCAhz ChMk0b\"><span class=\"ryNqvb\"> Tai ne nuobodi, standartin\u0117 vaza, o meno k\u016brinys, kuris privers jus \u0161ypsotis kiekvien\u0105 dien\u0105. <\/span><\/span><\/span><\/span><\/li>\n<li><span class=\"HwtZe\" lang=\"lt\"><span class=\"HwtZe\" lang=\"lt\"><span class=\"jCAhz ChMk0b\"><span class=\"ryNqvb\">Idealiai tinka kaip ry\u0161kus dekoratyvinis elementas ant komodos arba u\u017epildyti j\u0105 viena dirbtine g\u0117le \u017eaismingam efektui sukurti.<\/span><\/span> <span class=\"jCAhz\"><span class=\"ryNqvb\">Tai daugiau nei vaza;<\/span><\/span> <span class=\"jCAhz ChMk0b\"><span class=\"ryNqvb\">tai d\u017eiaugsmo prisilietimas j\u016bs\u0173 namams!<\/span><\/span><\/span><\/span><br \/>\n<table style=\"height: 75px;\" width=\"428\">\n<tbody>\n<tr>\n<td width=\"91\">I\u0161matavimai: Ilgis 25,5 cm \/ Plotis 25,5\u00a0 cm \/ Auk\u0161tis 26 cm.<\/td>\n<\/tr>\n<\/tbody>\n<\/table>\n<\/li>\n<\/ul>","protected":false},"excerpt":{"rendered":"<p>\u0160i nepaprastai smagi vaza, pasi\u017eyminti paprasta elegancija ir gra\u017eiomis detal\u0117mis, yra unikalus pirkinys kiekvienam, kuris i\u0161dr\u012fsta \u017eaisti su interjeru. Tai ne nuobodi, standartin\u0117 vaza, o meno k\u016brinys, kuris privers jus \u0161ypsotis kiekvien\u0105 dien\u0105. Idealiai tinka kaip ry\u0161kus dekoratyvinis elementas ant komodos arba u\u017epildyti j\u0105 viena dirbtine g\u0117le \u017eaismingam efektui sukurti. Tai daugiau nei vaza; tai &hellip; <br \/><a href=\"https:\/\/duckdeco.lt\/en\/product\/vaza-pepper-2\/\" class=\"more-link\">Continue reading <span class=\"screen-reader-text\">Vaza Pepper<\/span><\/a><\/p>","protected":false},"featured_media":15628,"template":"","meta":{"_monsterinsights_skip_tracking":false,"_monsterinsights_sitenote_active":false,"_monsterinsights_sitenote_note":"","_monsterinsights_sitenote_category":0},"product_brand":[],"product_cat":[103,101],"product_tag":[],"class_list":{"0":"post-15627","1":"product","2":"type-product","3":"status-publish","4":"has-post-thumbnail","6":"product_cat-dovanu-idejos","7":"product_cat-vazos","9":"first","10":"instock","11":"taxable","12":"shipping-taxable","13":"purchasable","14":"product-type-simple"},"_links":{"self":[{"href":"https:\/\/duckdeco.lt\/en\/wp-json\/wp\/v2\/product\/15627","targetHints":{"allow":["GET"]}}],"collection":[{"href":"https:\/\/duckdeco.lt\/en\/wp-json\/wp\/v2\/product"}],"about":[{"href":"https:\/\/duckdeco.lt\/en\/wp-json\/wp\/v2\/types\/product"}],"version-history":[{"count":1,"href":"https:\/\/duckdeco.lt\/en\/wp-json\/wp\/v2\/product\/15627\/revisions"}],"predecessor-version":[{"id":15629,"href":"https:\/\/duckdeco.lt\/en\/wp-json\/wp\/v2\/product\/15627\/revisions\/15629"}],"wp:featuredmedia":[{"embeddable":true,"href":"https:\/\/duckdeco.lt\/en\/wp-json\/wp\/v2\/media\/15628"}],"wp:attachment":[{"href":"https:\/\/duckdeco.lt\/en\/wp-json\/wp\/v2\/media?parent=15627"}],"wp:term":[{"taxonomy":"product_brand","embeddable":true,"href":"https:\/\/duckdeco.lt\/en\/wp-json\/wp\/v2\/product_brand?post=15627"},{"taxonomy":"product_cat","embeddable":true,"href":"https:\/\/duckdeco.lt\/en\/wp-json\/wp\/v2\/product_cat?post=15627"},{"taxonomy":"product_tag","embeddable":true,"href":"https:\/\/duckdeco.lt\/en\/wp-json\/wp\/v2\/product_tag?post=15627"}],"curies":[{"name":"wp","href":"https:\/\/api.w.org\/{rel}","templated":true}]}}