{"id":15640,"date":"2025-12-01T14:46:26","date_gmt":"2025-12-01T12:46:26","guid":{"rendered":"https:\/\/duckdeco.lt\/?post_type=product&#038;p=15640"},"modified":"2026-02-24T15:44:46","modified_gmt":"2026-02-24T13:44:46","slug":"vaza-tomato","status":"publish","type":"product","link":"https:\/\/duckdeco.lt\/en\/product\/vaza-tomato\/","title":{"rendered":"Vaza"},"content":{"rendered":"<ul>\n<li class=\"lRu31\" dir=\"ltr\"><span class=\"HwtZe\" lang=\"lt\"><span class=\"jCAhz ChMk0b\"><span class=\"ryNqvb\">Vaza dekoruota pomidorais puikiai tinka k\u016brybingam interjerui, tai subtilus akcentas kuris \u012fne\u0161 \u012f J\u016bs\u0173 valgomojo zon\u0105 daugiau spalv\u0173.\u00a0<\/span><\/span><br \/>\n<\/span><\/p>\n<div class=\"NQSJo\">\n<table style=\"height: 75px;\" width=\"424\">\n<tbody>\n<tr>\n<td width=\"91\">I\u0161matavimai:Ilgis 17,3 cm \/ Plotis 13 cm \/ Auk\u0161tis 23,5 cm.<\/td>\n<\/tr>\n<\/tbody>\n<\/table>\n<p>&nbsp;<\/p>\n<\/div>\n<\/li>\n<\/ul>\n<div class=\"UdTY9 WdefRb\" aria-hidden=\"true\" data-location=\"2\">\n<div class=\"kO6q6e\"><\/div>\n<\/div>\n<div class=\"XL3Kf XExWNc\">\n<div class=\"a8FIud X0rvP\">\n<div data-show-delay-ms=\"250\" data-append-to-body=\"false\" data-propagate-tooltip-mouseover-events=\"true\" data-anchor-corner=\"bottom-end\" data-enable-skip-handler=\"true\" data-popup-corner=\"top-end\">\n<div class=\"dig2sb\"><\/div>\n<\/div>\n<\/div>\n<\/div>\n<div class=\"XL3Kf XExWNc\">\n<div class=\"a8FIud X0rvP\">\n<div data-show-delay-ms=\"250\" data-append-to-body=\"false\" data-propagate-tooltip-mouseover-events=\"true\" data-anchor-corner=\"bottom-end\" data-enable-skip-handler=\"true\" data-popup-corner=\"top-end\"><\/div>\n<\/div>\n<\/div>\n<div class=\"ebT7ne VOLvac sMVRZe\">\n<div class=\"F0pQVc\"><\/div>\n<\/div>\n<div class=\"VO9ucd\">\n<div class=\"aJIq1d\" dir=\"ltr\" data-language-code=\"lt\" data-language-name=\"lietuvi\u0173\" data-text=\"I\u0161dr\u012fskite padaryti \u012fsp\u016bd\u012f savo interjere? \u0160i pomidor\u0173 vaza su \u017eaismingomis \u017ealiomis juostel\u0117mis suteiks j\u016bs\u0173 namams humoro ir spalv\u0173! Puikiai tinka k\u016brybingam interjerui, kaimi\u0161ko stiliaus virtuvei arba tiesiog kaip linksmas stalo papuo\u0161alas. \u0160ios vazos matmenys yra 17,3 x 13 x 23,5 cm.\" data-crosslingual-hint=\"\" data-location=\"2\" data-enable-toggle-playback-speed=\"true\" data-results-count=\"1\" data-result-index=\"1\">\n<div class=\"m0Qfkd\"><\/div>\n<\/div>\n<\/div>","protected":false},"excerpt":{"rendered":"<p>Vaza dekoruota pomidorais puikiai tinka k\u016brybingam interjerui, tai subtilus akcentas kuris \u012fne\u0161 \u012f J\u016bs\u0173 valgomojo zon\u0105 daugiau spalv\u0173.\u00a0 I\u0161matavimai:Ilgis 17,3 cm \/ Plotis 13 cm \/ Auk\u0161tis 23,5 cm. &nbsp;<\/p>","protected":false},"featured_media":15641,"template":"","meta":{"_monsterinsights_skip_tracking":false,"_monsterinsights_sitenote_active":false,"_monsterinsights_sitenote_note":"","_monsterinsights_sitenote_category":0},"product_brand":[],"product_cat":[103,101],"product_tag":[],"class_list":{"0":"post-15640","1":"product","2":"type-product","3":"status-publish","4":"has-post-thumbnail","6":"product_cat-dovanu-idejos","7":"product_cat-vazos","9":"first","10":"outofstock","11":"taxable","12":"shipping-taxable","13":"purchasable","14":"product-type-simple"},"_links":{"self":[{"href":"https:\/\/duckdeco.lt\/en\/wp-json\/wp\/v2\/product\/15640","targetHints":{"allow":["GET"]}}],"collection":[{"href":"https:\/\/duckdeco.lt\/en\/wp-json\/wp\/v2\/product"}],"about":[{"href":"https:\/\/duckdeco.lt\/en\/wp-json\/wp\/v2\/types\/product"}],"version-history":[{"count":2,"href":"https:\/\/duckdeco.lt\/en\/wp-json\/wp\/v2\/product\/15640\/revisions"}],"predecessor-version":[{"id":15656,"href":"https:\/\/duckdeco.lt\/en\/wp-json\/wp\/v2\/product\/15640\/revisions\/15656"}],"wp:featuredmedia":[{"embeddable":true,"href":"https:\/\/duckdeco.lt\/en\/wp-json\/wp\/v2\/media\/15641"}],"wp:attachment":[{"href":"https:\/\/duckdeco.lt\/en\/wp-json\/wp\/v2\/media?parent=15640"}],"wp:term":[{"taxonomy":"product_brand","embeddable":true,"href":"https:\/\/duckdeco.lt\/en\/wp-json\/wp\/v2\/product_brand?post=15640"},{"taxonomy":"product_cat","embeddable":true,"href":"https:\/\/duckdeco.lt\/en\/wp-json\/wp\/v2\/product_cat?post=15640"},{"taxonomy":"product_tag","embeddable":true,"href":"https:\/\/duckdeco.lt\/en\/wp-json\/wp\/v2\/product_tag?post=15640"}],"curies":[{"name":"wp","href":"https:\/\/api.w.org\/{rel}","templated":true}]}}