{"id":15643,"date":"2025-12-01T15:13:10","date_gmt":"2025-12-01T13:13:10","guid":{"rendered":"https:\/\/duckdeco.lt\/?post_type=product&#038;p=15643"},"modified":"2025-12-04T14:17:01","modified_gmt":"2025-12-04T12:17:01","slug":"vaza-faba","status":"publish","type":"product","link":"https:\/\/duckdeco.lt\/en\/product\/vaza-faba\/","title":{"rendered":"Vaza Fabe"},"content":{"rendered":"<ul>\n<li>Light&amp;Living prek\u0117s \u017eenklo vaza i\u0161 auk\u0161tos kokyb\u0117s keramikos, tai puiki dekoracija restorano, kavin\u0117s patalpoms, taip pat akcentas kuris tikrai papuo\u0161 J\u016bs\u0173 valgomojo erdv\u0119.<br \/>\n<table style=\"height: 75px;\" width=\"422\">\n<tbody>\n<tr>\n<td width=\"91\">I\u0161matavimai: Ilgis 23,5 cm \/ Plotis 22,5 cm \/ Auk\u0161tis 21 cm.<\/td>\n<\/tr>\n<\/tbody>\n<\/table>\n<div class=\"lRu31\" dir=\"ltr\">\n<div class=\"OvtS8d\"><\/div>\n<div class=\"NQSJo\"><\/div>\n<\/div>\n<div class=\"UdTY9 WdefRb\" aria-hidden=\"true\" data-location=\"2\">\n<div class=\"kO6q6e\"><\/div>\n<\/div>\n<\/li>\n<\/ul>","protected":false},"excerpt":{"rendered":"<p>Light&amp;Living prek\u0117s \u017eenklo vaza i\u0161 auk\u0161tos kokyb\u0117s keramikos, tai puiki dekoracija restorano, kavin\u0117s patalpoms, taip pat akcentas kuris tikrai papuo\u0161 J\u016bs\u0173 valgomojo erdv\u0119. I\u0161matavimai: Ilgis 23,5 cm \/ Plotis 22,5 cm \/ Auk\u0161tis 21 cm.<\/p>","protected":false},"featured_media":15644,"template":"","meta":{"_monsterinsights_skip_tracking":false,"_monsterinsights_sitenote_active":false,"_monsterinsights_sitenote_note":"","_monsterinsights_sitenote_category":0},"product_brand":[],"product_cat":[103,101],"product_tag":[],"class_list":{"0":"post-15643","1":"product","2":"type-product","3":"status-publish","4":"has-post-thumbnail","6":"product_cat-dovanu-idejos","7":"product_cat-vazos","9":"first","10":"instock","11":"taxable","12":"shipping-taxable","13":"purchasable","14":"product-type-simple"},"_links":{"self":[{"href":"https:\/\/duckdeco.lt\/en\/wp-json\/wp\/v2\/product\/15643","targetHints":{"allow":["GET"]}}],"collection":[{"href":"https:\/\/duckdeco.lt\/en\/wp-json\/wp\/v2\/product"}],"about":[{"href":"https:\/\/duckdeco.lt\/en\/wp-json\/wp\/v2\/types\/product"}],"version-history":[{"count":3,"href":"https:\/\/duckdeco.lt\/en\/wp-json\/wp\/v2\/product\/15643\/revisions"}],"predecessor-version":[{"id":15655,"href":"https:\/\/duckdeco.lt\/en\/wp-json\/wp\/v2\/product\/15643\/revisions\/15655"}],"wp:featuredmedia":[{"embeddable":true,"href":"https:\/\/duckdeco.lt\/en\/wp-json\/wp\/v2\/media\/15644"}],"wp:attachment":[{"href":"https:\/\/duckdeco.lt\/en\/wp-json\/wp\/v2\/media?parent=15643"}],"wp:term":[{"taxonomy":"product_brand","embeddable":true,"href":"https:\/\/duckdeco.lt\/en\/wp-json\/wp\/v2\/product_brand?post=15643"},{"taxonomy":"product_cat","embeddable":true,"href":"https:\/\/duckdeco.lt\/en\/wp-json\/wp\/v2\/product_cat?post=15643"},{"taxonomy":"product_tag","embeddable":true,"href":"https:\/\/duckdeco.lt\/en\/wp-json\/wp\/v2\/product_tag?post=15643"}],"curies":[{"name":"wp","href":"https:\/\/api.w.org\/{rel}","templated":true}]}}