{"id":15647,"date":"2025-12-01T15:34:27","date_gmt":"2025-12-01T13:34:27","guid":{"rendered":"https:\/\/duckdeco.lt\/?post_type=product&#038;p=15647"},"modified":"2025-12-01T15:34:27","modified_gmt":"2025-12-01T13:34:27","slug":"vaza-shell-2","status":"publish","type":"product","link":"https:\/\/duckdeco.lt\/en\/product\/vaza-shell-2\/","title":{"rendered":"Vaza Shell"},"content":{"rendered":"<ul>\n<li>Rank\u0173 darbo vaza, dekoruota smulkiomis kriauklyt\u0117mis, tai ak\u012f traukiantis k\u016brinys, kuris papildys kiekvien\u0105 erdv\u0119.<\/li>\n<li>Detal\u0117s: med\u017eiaga \u2013 50 proc. bambukas\/ 50 proc. kriaukl\u0117s.<\/li>\n<li>Spalva \u2013 kremin\u0117\/ pilka\/ sm\u0117lio, ruda.<br \/>\n<table width=\"405\">\n<tbody>\n<tr>\n<td width=\"91\">I\u0161matavimai: Skersmuo 11 cm\/ Auk\u0161tis 11 cm.<\/td>\n<\/tr>\n<\/tbody>\n<\/table>\n<p>&nbsp;<\/li>\n<\/ul>","protected":false},"excerpt":{"rendered":"<p>Rank\u0173 darbo vaza, dekoruota smulkiomis kriauklyt\u0117mis, tai ak\u012f traukiantis k\u016brinys, kuris papildys kiekvien\u0105 erdv\u0119. Detal\u0117s: med\u017eiaga \u2013 50 proc. bambukas\/ 50 proc. kriaukl\u0117s. Spalva \u2013 kremin\u0117\/ pilka\/ sm\u0117lio, ruda. I\u0161matavimai: Skersmuo 11 cm\/ Auk\u0161tis 11 cm. &nbsp;<\/p>","protected":false},"featured_media":15648,"template":"","meta":{"_monsterinsights_skip_tracking":false,"_monsterinsights_sitenote_active":false,"_monsterinsights_sitenote_note":"","_monsterinsights_sitenote_category":0},"product_brand":[],"product_cat":[103,101],"product_tag":[],"class_list":{"0":"post-15647","1":"product","2":"type-product","3":"status-publish","4":"has-post-thumbnail","6":"product_cat-dovanu-idejos","7":"product_cat-vazos","9":"first","10":"instock","11":"taxable","12":"shipping-taxable","13":"purchasable","14":"product-type-simple"},"_links":{"self":[{"href":"https:\/\/duckdeco.lt\/en\/wp-json\/wp\/v2\/product\/15647","targetHints":{"allow":["GET"]}}],"collection":[{"href":"https:\/\/duckdeco.lt\/en\/wp-json\/wp\/v2\/product"}],"about":[{"href":"https:\/\/duckdeco.lt\/en\/wp-json\/wp\/v2\/types\/product"}],"version-history":[{"count":1,"href":"https:\/\/duckdeco.lt\/en\/wp-json\/wp\/v2\/product\/15647\/revisions"}],"predecessor-version":[{"id":15649,"href":"https:\/\/duckdeco.lt\/en\/wp-json\/wp\/v2\/product\/15647\/revisions\/15649"}],"wp:featuredmedia":[{"embeddable":true,"href":"https:\/\/duckdeco.lt\/en\/wp-json\/wp\/v2\/media\/15648"}],"wp:attachment":[{"href":"https:\/\/duckdeco.lt\/en\/wp-json\/wp\/v2\/media?parent=15647"}],"wp:term":[{"taxonomy":"product_brand","embeddable":true,"href":"https:\/\/duckdeco.lt\/en\/wp-json\/wp\/v2\/product_brand?post=15647"},{"taxonomy":"product_cat","embeddable":true,"href":"https:\/\/duckdeco.lt\/en\/wp-json\/wp\/v2\/product_cat?post=15647"},{"taxonomy":"product_tag","embeddable":true,"href":"https:\/\/duckdeco.lt\/en\/wp-json\/wp\/v2\/product_tag?post=15647"}],"curies":[{"name":"wp","href":"https:\/\/api.w.org\/{rel}","templated":true}]}}