{"id":15650,"date":"2025-12-01T15:57:54","date_gmt":"2025-12-01T13:57:54","guid":{"rendered":"https:\/\/duckdeco.lt\/?post_type=product&#038;p=15650"},"modified":"2026-01-21T09:58:59","modified_gmt":"2026-01-21T07:58:59","slug":"dubuo-ace","status":"publish","type":"product","link":"https:\/\/duckdeco.lt\/en\/product\/dubuo-ace\/","title":{"rendered":"Dubuo Ice"},"content":{"rendered":"<ul>\n<li>Dubuo i\u0161 Eichholtz prek\u0117s \u017eenklo kolekcijos, kuri pasi\u017eymi prabangiais, patvariais gaminiais, unikaliomis konstrukcijomis.<\/li>\n<li><span class=\"HwtZe\" lang=\"lt\"><span class=\"jCAhz ChMk0b\"><span class=\"ryNqvb\">\u0160is energingo dizaino rankomis p\u016bstas dubuo i\u0161 turkio spalvos stiklo suteiks bet kokiam interjerui gyvybingumo.<\/span><\/span> <span class=\"jCAhz ChMk0b\"><span class=\"ryNqvb\">Kiekvienas gaminys \u0161iek tiek skiriasi spalva, ra\u0161tu ir dyd\u017eiu.<\/span><\/span><\/span><\/li>\n<li>Tai puiki dovanos id\u0117ja, bei originalus dekoro elementas.<\/li>\n<li>Detal\u0117s: med\u017eiaga \u2013 kri\u0161tolas.<\/li>\n<li>Spalva \u2013 m\u0117lyna.<br \/>\n<table width=\"405\">\n<tbody>\n<tr>\n<td width=\"91\">I\u0161matavimai: Ilgis 27 cm\/ Plotis 42 cm\/ Auk\u0161tis 25 cm.<\/td>\n<\/tr>\n<\/tbody>\n<\/table>\n<p>&nbsp;<\/li>\n<\/ul>","protected":false},"excerpt":{"rendered":"<p>Dubuo i\u0161 Eichholtz prek\u0117s \u017eenklo kolekcijos, kuri pasi\u017eymi prabangiais, patvariais gaminiais, unikaliomis konstrukcijomis. \u0160is energingo dizaino rankomis p\u016bstas dubuo i\u0161 turkio spalvos stiklo suteiks bet kokiam interjerui gyvybingumo. Kiekvienas gaminys \u0161iek tiek skiriasi spalva, ra\u0161tu ir dyd\u017eiu. Tai puiki dovanos id\u0117ja, bei originalus dekoro elementas. Detal\u0117s: med\u017eiaga \u2013 kri\u0161tolas. Spalva \u2013 m\u0117lyna. I\u0161matavimai: Ilgis 27 &hellip; <br \/><a href=\"https:\/\/duckdeco.lt\/en\/product\/dubuo-ace\/\" class=\"more-link\">Continue reading <span class=\"screen-reader-text\">Dubuo Ice<\/span><\/a><\/p>","protected":false},"featured_media":15651,"template":"","meta":{"_monsterinsights_skip_tracking":false,"_monsterinsights_sitenote_active":false,"_monsterinsights_sitenote_note":"","_monsterinsights_sitenote_category":0},"product_brand":[],"product_cat":[103,101],"product_tag":[],"class_list":{"0":"post-15650","1":"product","2":"type-product","3":"status-publish","4":"has-post-thumbnail","6":"product_cat-dovanu-idejos","7":"product_cat-vazos","9":"first","10":"outofstock","11":"taxable","12":"shipping-taxable","13":"purchasable","14":"product-type-simple"},"_links":{"self":[{"href":"https:\/\/duckdeco.lt\/en\/wp-json\/wp\/v2\/product\/15650","targetHints":{"allow":["GET"]}}],"collection":[{"href":"https:\/\/duckdeco.lt\/en\/wp-json\/wp\/v2\/product"}],"about":[{"href":"https:\/\/duckdeco.lt\/en\/wp-json\/wp\/v2\/types\/product"}],"version-history":[{"count":2,"href":"https:\/\/duckdeco.lt\/en\/wp-json\/wp\/v2\/product\/15650\/revisions"}],"predecessor-version":[{"id":15654,"href":"https:\/\/duckdeco.lt\/en\/wp-json\/wp\/v2\/product\/15650\/revisions\/15654"}],"wp:featuredmedia":[{"embeddable":true,"href":"https:\/\/duckdeco.lt\/en\/wp-json\/wp\/v2\/media\/15651"}],"wp:attachment":[{"href":"https:\/\/duckdeco.lt\/en\/wp-json\/wp\/v2\/media?parent=15650"}],"wp:term":[{"taxonomy":"product_brand","embeddable":true,"href":"https:\/\/duckdeco.lt\/en\/wp-json\/wp\/v2\/product_brand?post=15650"},{"taxonomy":"product_cat","embeddable":true,"href":"https:\/\/duckdeco.lt\/en\/wp-json\/wp\/v2\/product_cat?post=15650"},{"taxonomy":"product_tag","embeddable":true,"href":"https:\/\/duckdeco.lt\/en\/wp-json\/wp\/v2\/product_tag?post=15650"}],"curies":[{"name":"wp","href":"https:\/\/api.w.org\/{rel}","templated":true}]}}