{"id":15660,"date":"2025-12-04T16:51:59","date_gmt":"2025-12-04T14:51:59","guid":{"rendered":"https:\/\/duckdeco.lt\/?post_type=product&#038;p=15660"},"modified":"2025-12-04T16:51:59","modified_gmt":"2025-12-04T14:51:59","slug":"vaza-berries-27-cm","status":"publish","type":"product","link":"https:\/\/duckdeco.lt\/en\/product\/vaza-berries-27-cm\/","title":{"rendered":"Vaza Berries 27 cm"},"content":{"rendered":"<ul>\n<li>Suteikite savo namams \u017eaismingo ir stilingo akcento su \u201eLight &amp; Living\u201c vaza \u201eBerries\u201c. \u0160i rank\u0173 darbo vaza pasi\u017eymi unikalia uog\u0173 tekst\u016bra, sodria, blizgia tamsiai m\u0117lyna spalva. D\u0117l ry\u0161kaus dizaino ji ne tik puikiai tinka g\u0117l\u0117ms, bet tai ir \u012fsp\u016bdingas dekoratyvinis akcentas.<\/li>\n<\/ul>\n<ul>\n<li>Detal\u0117s: med\u017eiaga \u2013 keramika.<\/li>\n<li>Spalva: tamsi m\u0117lyna.<\/li>\n<\/ul>\n<table width=\"405\">\n<tbody>\n<tr>\n<td width=\"91\">I\u0161matavimai: Skersmuo 25,5 cm \/ Auk\u0161tis 27 cm.<\/td>\n<\/tr>\n<\/tbody>\n<\/table>\n<p>&nbsp;<\/p>","protected":false},"excerpt":{"rendered":"<p>Suteikite savo namams \u017eaismingo ir stilingo akcento su \u201eLight &amp; Living\u201c vaza \u201eBerries\u201c. \u0160i rank\u0173 darbo vaza pasi\u017eymi unikalia uog\u0173 tekst\u016bra, sodria, blizgia tamsiai m\u0117lyna spalva. D\u0117l ry\u0161kaus dizaino ji ne tik puikiai tinka g\u0117l\u0117ms, bet tai ir \u012fsp\u016bdingas dekoratyvinis akcentas. Detal\u0117s: med\u017eiaga \u2013 keramika. Spalva: tamsi m\u0117lyna. I\u0161matavimai: Skersmuo 25,5 cm \/ Auk\u0161tis 27 &hellip; <br \/><a href=\"https:\/\/duckdeco.lt\/en\/product\/vaza-berries-27-cm\/\" class=\"more-link\">Continue reading <span class=\"screen-reader-text\">Vaza Berries 27 cm<\/span><\/a><\/p>","protected":false},"featured_media":15661,"template":"","meta":{"_monsterinsights_skip_tracking":false,"_monsterinsights_sitenote_active":false,"_monsterinsights_sitenote_note":"","_monsterinsights_sitenote_category":0},"product_brand":[],"product_cat":[103,101],"product_tag":[],"class_list":{"0":"post-15660","1":"product","2":"type-product","3":"status-publish","4":"has-post-thumbnail","6":"product_cat-dovanu-idejos","7":"product_cat-vazos","9":"first","10":"instock","11":"taxable","12":"shipping-taxable","13":"purchasable","14":"product-type-simple"},"_links":{"self":[{"href":"https:\/\/duckdeco.lt\/en\/wp-json\/wp\/v2\/product\/15660","targetHints":{"allow":["GET"]}}],"collection":[{"href":"https:\/\/duckdeco.lt\/en\/wp-json\/wp\/v2\/product"}],"about":[{"href":"https:\/\/duckdeco.lt\/en\/wp-json\/wp\/v2\/types\/product"}],"version-history":[{"count":1,"href":"https:\/\/duckdeco.lt\/en\/wp-json\/wp\/v2\/product\/15660\/revisions"}],"predecessor-version":[{"id":15662,"href":"https:\/\/duckdeco.lt\/en\/wp-json\/wp\/v2\/product\/15660\/revisions\/15662"}],"wp:featuredmedia":[{"embeddable":true,"href":"https:\/\/duckdeco.lt\/en\/wp-json\/wp\/v2\/media\/15661"}],"wp:attachment":[{"href":"https:\/\/duckdeco.lt\/en\/wp-json\/wp\/v2\/media?parent=15660"}],"wp:term":[{"taxonomy":"product_brand","embeddable":true,"href":"https:\/\/duckdeco.lt\/en\/wp-json\/wp\/v2\/product_brand?post=15660"},{"taxonomy":"product_cat","embeddable":true,"href":"https:\/\/duckdeco.lt\/en\/wp-json\/wp\/v2\/product_cat?post=15660"},{"taxonomy":"product_tag","embeddable":true,"href":"https:\/\/duckdeco.lt\/en\/wp-json\/wp\/v2\/product_tag?post=15660"}],"curies":[{"name":"wp","href":"https:\/\/api.w.org\/{rel}","templated":true}]}}