{"id":15694,"date":"2025-12-08T11:05:34","date_gmt":"2025-12-08T09:05:34","guid":{"rendered":"https:\/\/duckdeco.lt\/?post_type=product&#038;p=15694"},"modified":"2025-12-08T11:05:35","modified_gmt":"2025-12-08T09:05:35","slug":"zvakidziu-rinkinys","status":"publish","type":"product","link":"https:\/\/duckdeco.lt\/en\/product\/zvakidziu-rinkinys\/","title":{"rendered":"\u017dvakid\u017ei\u0173 rinkinys"},"content":{"rendered":"<ul>\n<li><span class=\"HwtZe\" lang=\"lt\"><span class=\"jCAhz ChMk0b\"><span class=\"ryNqvb\">Eicholtz prek\u0117s \u017eenklo arbatini\u0173 \u017evakid\u017ei\u0173 rinkinys \u201eGiancarlo\u201c \u2013 tai stulbinantis rafinuotos elegancijos ir akinan\u010dio gro\u017eio ansamblis.<\/span><\/span> <span class=\"jCAhz ChMk0b\"><span class=\"ryNqvb\">Kiekvienas \u0161io rinkinio elementas, pagamintas i\u0161 skaidraus kri\u0161tolo stiklo, spinduliuoja nesenstan\u010diu \u017eavesiu ir sukuria tobul\u0105 aplink\u0105 mirgan\u010diai \u017evaki\u0173 \u0161viesai atspind\u0117ti. <\/span><br \/>\n<\/span><\/span><\/li>\n<li><span class=\"HwtZe\" lang=\"lt\"><span class=\"HwtZe\" lang=\"lt\">Detal\u0117s: med\u017eiaga &#8211; kri\u0161tolas.<\/span><\/span><br \/>\n<table width=\"405\">\n<tbody>\n<tr>\n<td width=\"91\">I\u0161matavimai: Skersmuo 7,5 cm \/ Auk\u0161tis 14,5 cm\/ Skersmuo 7,5 cm \/ Auk\u0161tis 16,5 \/ Skersmuo 7,5 cm \/ 18 cm \/ Skersmuo 7,5 cm \/ Auk\u0161tis 20 cm<\/td>\n<\/tr>\n<\/tbody>\n<\/table>\n<p>&nbsp;<\/li>\n<\/ul>","protected":false},"excerpt":{"rendered":"<p>Eicholtz prek\u0117s \u017eenklo arbatini\u0173 \u017evakid\u017ei\u0173 rinkinys \u201eGiancarlo\u201c \u2013 tai stulbinantis rafinuotos elegancijos ir akinan\u010dio gro\u017eio ansamblis. Kiekvienas \u0161io rinkinio elementas, pagamintas i\u0161 skaidraus kri\u0161tolo stiklo, spinduliuoja nesenstan\u010diu \u017eavesiu ir sukuria tobul\u0105 aplink\u0105 mirgan\u010diai \u017evaki\u0173 \u0161viesai atspind\u0117ti. Detal\u0117s: med\u017eiaga &#8211; kri\u0161tolas. I\u0161matavimai: Skersmuo 7,5 cm \/ Auk\u0161tis 14,5 cm\/ Skersmuo 7,5 cm \/ Auk\u0161tis 16,5 \/ &hellip; <br \/><a href=\"https:\/\/duckdeco.lt\/en\/product\/zvakidziu-rinkinys\/\" class=\"more-link\">Continue reading <span class=\"screen-reader-text\">\u017dvakid\u017ei\u0173 rinkinys<\/span><\/a><\/p>","protected":false},"featured_media":15695,"template":"","meta":{"_monsterinsights_skip_tracking":false,"_monsterinsights_sitenote_active":false,"_monsterinsights_sitenote_note":"","_monsterinsights_sitenote_category":0},"product_brand":[],"product_cat":[103,107],"product_tag":[],"class_list":{"0":"post-15694","1":"product","2":"type-product","3":"status-publish","4":"has-post-thumbnail","6":"product_cat-dovanu-idejos","7":"product_cat-stilingos-zvakides-zvakes","9":"first","10":"instock","11":"taxable","12":"shipping-taxable","13":"purchasable","14":"product-type-simple"},"_links":{"self":[{"href":"https:\/\/duckdeco.lt\/en\/wp-json\/wp\/v2\/product\/15694","targetHints":{"allow":["GET"]}}],"collection":[{"href":"https:\/\/duckdeco.lt\/en\/wp-json\/wp\/v2\/product"}],"about":[{"href":"https:\/\/duckdeco.lt\/en\/wp-json\/wp\/v2\/types\/product"}],"version-history":[{"count":1,"href":"https:\/\/duckdeco.lt\/en\/wp-json\/wp\/v2\/product\/15694\/revisions"}],"predecessor-version":[{"id":15697,"href":"https:\/\/duckdeco.lt\/en\/wp-json\/wp\/v2\/product\/15694\/revisions\/15697"}],"wp:featuredmedia":[{"embeddable":true,"href":"https:\/\/duckdeco.lt\/en\/wp-json\/wp\/v2\/media\/15695"}],"wp:attachment":[{"href":"https:\/\/duckdeco.lt\/en\/wp-json\/wp\/v2\/media?parent=15694"}],"wp:term":[{"taxonomy":"product_brand","embeddable":true,"href":"https:\/\/duckdeco.lt\/en\/wp-json\/wp\/v2\/product_brand?post=15694"},{"taxonomy":"product_cat","embeddable":true,"href":"https:\/\/duckdeco.lt\/en\/wp-json\/wp\/v2\/product_cat?post=15694"},{"taxonomy":"product_tag","embeddable":true,"href":"https:\/\/duckdeco.lt\/en\/wp-json\/wp\/v2\/product_tag?post=15694"}],"curies":[{"name":"wp","href":"https:\/\/api.w.org\/{rel}","templated":true}]}}