{"id":15706,"date":"2025-12-08T11:59:32","date_gmt":"2025-12-08T09:59:32","guid":{"rendered":"https:\/\/duckdeco.lt\/?post_type=product&#038;p=15706"},"modified":"2025-12-08T11:59:32","modified_gmt":"2025-12-08T09:59:32","slug":"zvakide-luci","status":"publish","type":"product","link":"https:\/\/duckdeco.lt\/en\/product\/zvakide-luci\/","title":{"rendered":"\u017dvakid\u0117 Luci"},"content":{"rendered":"<ul>\n<li dir=\"ltr\"><span class=\"HwtZe\" lang=\"lt\"><span class=\"jCAhz ChMk0b\"><span class=\"ryNqvb\">Suteikite savo interjerui prabangos su \u0161ia stilinga \u017evakide i\u0161 Eicholtz prek\u0117s \u017eenklo kolekcijos.\u00a0 <\/span><\/span><span class=\"jCAhz ChMk0b\"><span class=\"ryNqvb\">Briaunotas dizainas sukuria gra\u017e\u0173 \u0161viesos ir \u0161e\u0161\u0117lio \u017eaism\u0105, akimirksniu sukurdamas \u0161ilt\u0105, eleganti\u0161k\u0105 atmosfer\u0105.<\/span><\/span> <\/span><\/li>\n<li dir=\"ltr\"><span class=\"HwtZe\" lang=\"lt\"><span class=\"jCAhz ChMk0b\"><span class=\"ryNqvb\">D\u0117l tvirtos konstrukcijos ir svorio \u0161is aksesuaras ne tik spinduliuoja rafinuotumu, bet ir yra stabilus.<\/span><\/span> <span class=\"jCAhz ChMk0b\"><span class=\"ryNqvb\">\u0160is nesenstantis dizaino objektas yra subtilus akcentas, kuris lengvai papuo\u0161ia bet koki\u0105 erdv\u0119 i\u0161skirtine i\u0161vaizda ir suteikia ramyb\u0117s bei harmonijos poj\u016bt\u012f. <\/span><\/span><\/span><\/li>\n<li dir=\"ltr\"><span class=\"HwtZe\" lang=\"lt\"><span class=\"HwtZe\" lang=\"lt\"><span class=\"jCAhz ChMk0b\"><span class=\"ryNqvb\">Detal\u0117s: med\u017eiaga &#8211; stiklas.<\/span><\/span><\/span><\/span><br \/>\n<table width=\"405\">\n<tbody>\n<tr>\n<td width=\"91\">I\u0161matavimai: Skersmuo 13,5 cm \/ Auk\u0161tis 12 cm.<\/td>\n<\/tr>\n<\/tbody>\n<\/table>\n<p>&nbsp;<\/li>\n<\/ul>","protected":false},"excerpt":{"rendered":"<p>Suteikite savo interjerui prabangos su \u0161ia stilinga \u017evakide i\u0161 Eicholtz prek\u0117s \u017eenklo kolekcijos.\u00a0 Briaunotas dizainas sukuria gra\u017e\u0173 \u0161viesos ir \u0161e\u0161\u0117lio \u017eaism\u0105, akimirksniu sukurdamas \u0161ilt\u0105, eleganti\u0161k\u0105 atmosfer\u0105. D\u0117l tvirtos konstrukcijos ir svorio \u0161is aksesuaras ne tik spinduliuoja rafinuotumu, bet ir yra stabilus. \u0160is nesenstantis dizaino objektas yra subtilus akcentas, kuris lengvai papuo\u0161ia bet koki\u0105 erdv\u0119 i\u0161skirtine &hellip; <br \/><a href=\"https:\/\/duckdeco.lt\/en\/product\/zvakide-luci\/\" class=\"more-link\">Continue reading <span class=\"screen-reader-text\">\u017dvakid\u0117 Luci<\/span><\/a><\/p>","protected":false},"featured_media":15707,"template":"","meta":{"_monsterinsights_skip_tracking":false,"_monsterinsights_sitenote_active":false,"_monsterinsights_sitenote_note":"","_monsterinsights_sitenote_category":0},"product_brand":[],"product_cat":[142,107],"product_tag":[],"class_list":{"0":"post-15706","1":"product","2":"type-product","3":"status-publish","4":"has-post-thumbnail","6":"product_cat-dovanu-kuponas","7":"product_cat-stilingos-zvakides-zvakes","9":"first","10":"instock","11":"taxable","12":"shipping-taxable","13":"purchasable","14":"product-type-simple"},"_links":{"self":[{"href":"https:\/\/duckdeco.lt\/en\/wp-json\/wp\/v2\/product\/15706","targetHints":{"allow":["GET"]}}],"collection":[{"href":"https:\/\/duckdeco.lt\/en\/wp-json\/wp\/v2\/product"}],"about":[{"href":"https:\/\/duckdeco.lt\/en\/wp-json\/wp\/v2\/types\/product"}],"version-history":[{"count":1,"href":"https:\/\/duckdeco.lt\/en\/wp-json\/wp\/v2\/product\/15706\/revisions"}],"predecessor-version":[{"id":15708,"href":"https:\/\/duckdeco.lt\/en\/wp-json\/wp\/v2\/product\/15706\/revisions\/15708"}],"wp:featuredmedia":[{"embeddable":true,"href":"https:\/\/duckdeco.lt\/en\/wp-json\/wp\/v2\/media\/15707"}],"wp:attachment":[{"href":"https:\/\/duckdeco.lt\/en\/wp-json\/wp\/v2\/media?parent=15706"}],"wp:term":[{"taxonomy":"product_brand","embeddable":true,"href":"https:\/\/duckdeco.lt\/en\/wp-json\/wp\/v2\/product_brand?post=15706"},{"taxonomy":"product_cat","embeddable":true,"href":"https:\/\/duckdeco.lt\/en\/wp-json\/wp\/v2\/product_cat?post=15706"},{"taxonomy":"product_tag","embeddable":true,"href":"https:\/\/duckdeco.lt\/en\/wp-json\/wp\/v2\/product_tag?post=15706"}],"curies":[{"name":"wp","href":"https:\/\/api.w.org\/{rel}","templated":true}]}}