{"id":15724,"date":"2026-02-25T09:58:39","date_gmt":"2026-02-25T07:58:39","guid":{"rendered":"https:\/\/duckdeco.lt\/?post_type=product&#038;p=15724"},"modified":"2026-02-25T09:58:39","modified_gmt":"2026-02-25T07:58:39","slug":"vaza-lemon-3","status":"publish","type":"product","link":"https:\/\/duckdeco.lt\/en\/product\/vaza-lemon-3\/","title":{"rendered":"Vaza Lemon"},"content":{"rendered":"<ul>\n<li><span class=\"HwtZe\" lang=\"lt\"><span class=\"HwtZe\" lang=\"lt\"><span class=\"jCAhz ChMk0b\"><span class=\"ryNqvb\">\u00a0\u012ene\u0161kite \u012f savo namus gaivos, linksmos gaidos. \u0160i \u017eaisminga vaza dekoruota citrinomis sukurs saul\u0117t\u0105 kampel\u012f J\u016bs\u0173 namuose.\u00a0<\/span><\/span><span class=\"jCAhz ChMk0b\"><span class=\"ryNqvb\">Puikiai tinka vienai g\u0117li\u0173 \u0161akelei arba pilnai g\u0117li\u0173 puok\u0161tei \u2013 ji akimirksniu suteiks J\u016bs\u0173 interjerui spalv\u0173, jaukumo ir vasari\u0161ko \u017eavesio.\u00a0<\/span><\/span><span class=\"jCAhz ChMk0b\"><span class=\"ryNqvb\"><br \/>\n<\/span><\/span><\/span><\/span><\/li>\n<li>Detal\u0117s: keramika.<\/li>\n<li>Spalva &#8211; \u017ealia, geltona.<\/li>\n<\/ul>\n<table width=\"457\">\n<tbody>\n<tr>\n<td width=\"91\">I\u0161matavimai: Skersmuo 16,5 cm\/ Auk\u0161tis 19,9 cm<\/td>\n<\/tr>\n<\/tbody>\n<\/table>\n<p>&nbsp;<\/p>\n<div class=\"OvtS8d\"><\/div>\n<div class=\"NQSJo\"><\/div>\n<div class=\"UdTY9 WdefRb\" aria-hidden=\"true\" data-location=\"2\">\n<div class=\"kO6q6e\"><\/div>\n<\/div>\n<div class=\"XL3Kf XExWNc\">\n<div class=\"a8FIud X0rvP\">\n<div data-show-delay-ms=\"250\" data-append-to-body=\"false\" data-propagate-tooltip-mouseover-events=\"true\" data-anchor-corner=\"bottom-end\" data-enable-skip-handler=\"true\" data-popup-corner=\"top-end\">\n<div class=\"dig2sb\"><\/div>\n<\/div>\n<\/div>\n<\/div>\n<div class=\"XL3Kf XExWNc\">\n<div class=\"a8FIud X0rvP\">\n<div data-show-delay-ms=\"250\" data-append-to-body=\"false\" data-propagate-tooltip-mouseover-events=\"true\" data-anchor-corner=\"bottom-end\" data-enable-skip-handler=\"true\" data-popup-corner=\"top-end\"><\/div>\n<\/div>\n<\/div>\n<div class=\"ebT7ne VOLvac sMVRZe\">\n<div class=\"F0pQVc\"><\/div>\n<\/div>\n<div class=\"VO9ucd\">\n<div class=\"aJIq1d\" dir=\"ltr\" data-language-code=\"lt\" data-language-name=\"lietuvi\u0173\" data-text=\"\u201eCountryfield\u201c citrinin\u0117 vaza\u012ene\u0161kite \u012f savo namus gaivos, linksmos gaidos su \u201eSisi\u201c citrinine vaza \ud83c\udf4b\u0160i \u017ealia vaza su \u017eaisminga citrinos detale tikrai patrauks ak\u012f. Puikiai tinka vienai g\u0117li\u0173 \u0161akelei arba gra\u017eiai, pilnai g\u0117li\u0173 puok\u0161tei \u2013 ji akimirksniu praskaidrina bet koki\u0105 erdv\u0119.Papildomas privalumas: \u0161i vaza taip pat gra\u017eiai papildo auk\u0161t\u0105 citrinin\u0119 vaz\u0105. Kartu jos sukuria \u017eaisming\u0105 duet\u0105, lengvai sukurdamos saul\u0117t\u0105 kampel\u012f j\u016bs\u0173 namuose ar ant stalo \u2728Kod\u0117l \u0161i vaza tokia miela:\ud83c\udf4b \u017daisminga citrinos detal\u0117\ud83d\udc9a Gaivi \u017ealia spalva\ud83c\udf3f Linksma ir dekoratyvi\" data-crosslingual-hint=\"\" data-location=\"2\" data-enable-toggle-playback-speed=\"true\" data-results-count=\"1\" data-result-index=\"1\"><\/p>\n<div class=\"m0Qfkd\"><\/div>\n<\/div>\n<\/div>\n<div><\/div>\n<nav class=\"VlPnLc\" aria-labelledby=\"ucj-38\"><\/nav>\n<div class=\"ySES5\"><\/div>\n<div class=\"ySES5\"><\/div>","protected":false},"excerpt":{"rendered":"<p>\u00a0\u012ene\u0161kite \u012f savo namus gaivos, linksmos gaidos. \u0160i \u017eaisminga vaza dekoruota citrinomis sukurs saul\u0117t\u0105 kampel\u012f J\u016bs\u0173 namuose.\u00a0Puikiai tinka vienai g\u0117li\u0173 \u0161akelei arba pilnai g\u0117li\u0173 puok\u0161tei \u2013 ji akimirksniu suteiks J\u016bs\u0173 interjerui spalv\u0173, jaukumo ir vasari\u0161ko \u017eavesio.\u00a0 Detal\u0117s: keramika. Spalva &#8211; \u017ealia, geltona. I\u0161matavimai: Skersmuo 16,5 cm\/ Auk\u0161tis 19,9 cm &nbsp;<\/p>","protected":false},"featured_media":15726,"template":"","meta":{"_monsterinsights_skip_tracking":false,"_monsterinsights_sitenote_active":false,"_monsterinsights_sitenote_note":"","_monsterinsights_sitenote_category":0},"product_brand":[],"product_cat":[101],"product_tag":[535],"class_list":{"0":"post-15724","1":"product","2":"type-product","3":"status-publish","4":"has-post-thumbnail","6":"product_cat-vazos","7":"product_tag-vaza-dekoruota-citrinomis","9":"first","10":"instock","11":"taxable","12":"shipping-taxable","13":"purchasable","14":"product-type-simple"},"_links":{"self":[{"href":"https:\/\/duckdeco.lt\/en\/wp-json\/wp\/v2\/product\/15724","targetHints":{"allow":["GET"]}}],"collection":[{"href":"https:\/\/duckdeco.lt\/en\/wp-json\/wp\/v2\/product"}],"about":[{"href":"https:\/\/duckdeco.lt\/en\/wp-json\/wp\/v2\/types\/product"}],"version-history":[{"count":1,"href":"https:\/\/duckdeco.lt\/en\/wp-json\/wp\/v2\/product\/15724\/revisions"}],"predecessor-version":[{"id":15727,"href":"https:\/\/duckdeco.lt\/en\/wp-json\/wp\/v2\/product\/15724\/revisions\/15727"}],"wp:featuredmedia":[{"embeddable":true,"href":"https:\/\/duckdeco.lt\/en\/wp-json\/wp\/v2\/media\/15726"}],"wp:attachment":[{"href":"https:\/\/duckdeco.lt\/en\/wp-json\/wp\/v2\/media?parent=15724"}],"wp:term":[{"taxonomy":"product_brand","embeddable":true,"href":"https:\/\/duckdeco.lt\/en\/wp-json\/wp\/v2\/product_brand?post=15724"},{"taxonomy":"product_cat","embeddable":true,"href":"https:\/\/duckdeco.lt\/en\/wp-json\/wp\/v2\/product_cat?post=15724"},{"taxonomy":"product_tag","embeddable":true,"href":"https:\/\/duckdeco.lt\/en\/wp-json\/wp\/v2\/product_tag?post=15724"}],"curies":[{"name":"wp","href":"https:\/\/api.w.org\/{rel}","templated":true}]}}