{"id":15731,"date":"2026-02-25T10:59:48","date_gmt":"2026-02-25T08:59:48","guid":{"rendered":"https:\/\/duckdeco.lt\/?post_type=product&#038;p=15731"},"modified":"2026-02-25T10:59:48","modified_gmt":"2026-02-25T08:59:48","slug":"vaza-florentina","status":"publish","type":"product","link":"https:\/\/duckdeco.lt\/en\/product\/vaza-florentina\/","title":{"rendered":"Vaza Florentina"},"content":{"rendered":"<ul>\n<li dir=\"ltr\"><span class=\"HwtZe\" lang=\"lt\"><span class=\"jCAhz ChMk0b\"><span class=\"ryNqvb\">Suteikite namams elegancijos su \u201eBroste Copenhagen\u201c vaza \u201eFlorentina\u201c. <\/span><\/span><\/span><span class=\"HwtZe\" lang=\"lt\"><span class=\"jCAhz ChMk0b\"><span class=\"ryNqvb\">Eleganti\u0161ka, minimalistin\u0117 vaza, <\/span><\/span><\/span><span class=\"HwtZe\" lang=\"lt\"><span class=\"jCAhz ChMk0b\"><span class=\"ryNqvb\">pagaminta i\u0161 auk\u0161tos kokyb\u0117s akmens mas\u0117s, padengta gra\u017eia matine balta glaz\u016bra, kuri sukuria \u0161veln\u0173 ir rafinuot\u0105 vaizd\u0105. <\/span><\/span><\/span><\/li>\n<li dir=\"ltr\"><span class=\"HwtZe\" lang=\"lt\"><span class=\"HwtZe\" lang=\"lt\"><span class=\"jCAhz ChMk0b\"><span class=\"ryNqvb\">Minimalistinio dizaino ir puikaus meistri\u0161kumo d\u0117ka \u201eFlorentina\u201c vaza \u012fk\u016bnija sant\u016bri\u0105 elegancij\u0105.<\/span><\/span> <span class=\"jCAhz ChMk0b\"><span class=\"ryNqvb\">D\u0117l neutralaus, kremin\u0117s spalvos pavir\u0161iaus ji skland\u017eiai dera prie \u012fvairi\u0173 interjero stili\u0173 \u2013 nuo \u200b\u200bmodernaus iki tradicinio.<\/span><\/span> <span class=\"jCAhz ChMk0b\"><span class=\"ryNqvb\">Nesvarbu, ar ji stovi ant valgomojo stalo, \u017eidinio atbrailos ar palang\u0117s, \u0161i vaza suteikia kambariui rafinuotumo ir meni\u0161kumo.\u00a0<\/span><\/span><\/span><\/span><\/li>\n<li dir=\"ltr\">Detal\u0117s: akmens mas\u0117.<\/li>\n<li dir=\"ltr\">Spalva &#8211; kremin\u0117.<\/li>\n<li dir=\"ltr\">&nbsp;<br \/>\n<table width=\"457\">\n<tbody>\n<tr>\n<td width=\"91\">I\u0161matavimai: Skersmuo 9,5 cm\/ Auk\u0161tis 14 cm.<\/td>\n<\/tr>\n<\/tbody>\n<\/table>\n<p>&nbsp;<\/li>\n<\/ul>\n<div class=\"lRu31\" dir=\"ltr\">\n<div class=\"OvtS8d\"><\/div>\n<div class=\"NQSJo\"><\/div>\n<\/div>\n<div class=\"UdTY9 WdefRb\" aria-hidden=\"true\" data-location=\"2\">\n<div class=\"kO6q6e\"><\/div>\n<\/div>\n<div class=\"XL3Kf XExWNc\">\n<div class=\"a8FIud X0rvP\">\n<div data-show-delay-ms=\"250\" data-append-to-body=\"false\" data-propagate-tooltip-mouseover-events=\"true\" data-anchor-corner=\"bottom-end\" data-enable-skip-handler=\"true\" data-popup-corner=\"top-end\">\n<div class=\"dig2sb\"><\/div>\n<\/div>\n<\/div>\n<\/div>\n<div class=\"XL3Kf XExWNc\">\n<div class=\"a8FIud X0rvP\">\n<div data-show-delay-ms=\"250\" data-append-to-body=\"false\" data-propagate-tooltip-mouseover-events=\"true\" data-anchor-corner=\"bottom-end\" data-enable-skip-handler=\"true\" data-popup-corner=\"top-end\"><\/div>\n<\/div>\n<\/div>\n<div class=\"ebT7ne VOLvac sMVRZe\">\n<div class=\"F0pQVc\"><\/div>\n<\/div>\n<div class=\"VO9ucd\">\n<div class=\"aJIq1d\" dir=\"ltr\" data-language-code=\"lt\" data-language-name=\"lietuvi\u0173\" data-text=\"Eleganti\u0161ka, minimalistin\u0117 vaza, pagaminta i\u0161 akmens mas\u0117sSuteikite namams elegancijos su \u201eBroste Copenhagen\u201c \u201eFlorentina\u201c vaza. Vaza pagaminta i\u0161 auk\u0161tos kokyb\u0117s akmens mas\u0117s ir padengta gra\u017eia matine balta glaz\u016bra, kuri sukuria \u0161veln\u0173 ir rafinuot\u0105 vaizd\u0105, tinkant\u012f bet kokiam interjerui. Subalansuotos proporcijos leid\u017eia \u201eFlorentina\u201c vazai puikiai tinka eksponuoti \u0161vie\u017eias g\u0117les, d\u017eiovintas kompozicijas arba kaip atskiras baldas.Minimalistinio dizaino ir puikaus meistri\u0161kumo d\u0117ka \u201eFlorentina\u201c vaza \u012fk\u016bnija sant\u016bri\u0105 elegancij\u0105. D\u0117l neutralaus, kremin\u0117s spalvos pavir\u0161iaus ji skland\u017eiai dera prie \u012fvairi\u0173 interjero stili\u0173 \u2013 nuo \u200b\u200bmodernaus iki tradicinio. Nesvarbu, ar ji stovi ant valgomojo stalo, \u017eidinio atbrailos ar palang\u0117s, \u0161i vaza suteikia kambariui rafinuotumo ir meni\u0161kumo.\" data-crosslingual-hint=\"\" data-location=\"2\" data-enable-toggle-playback-speed=\"true\" data-results-count=\"1\" data-result-index=\"1\"><\/p>\n<div class=\"m0Qfkd\"><\/div>\n<\/div>\n<\/div>\n<div><\/div>\n<div class=\"AxqVh\">\n<div class=\"OPPzxe\">\n<div class=\"QcsUad BDJ8fb BLojaf sMVRZe hCXDsb wneUed\">\n<div class=\"usGWQd\">\n<div class=\"KkbLmb\">\n<div class=\"VO9ucd\">\n<div class=\"YJGJsb\">\n<div><\/div>\n<\/div>\n<\/div>\n<\/div>\n<\/div>\n<\/div>\n<\/div>\n<\/div>\n<div class=\"HWmS8\">\n<div class=\"kGmWO\"><\/div>\n<div class=\"OwOEge\">\n<div class=\"cJ1Ndf\"><\/div>\n<\/div>\n<\/div>","protected":false},"excerpt":{"rendered":"<p>Suteikite namams elegancijos su \u201eBroste Copenhagen\u201c vaza \u201eFlorentina\u201c. Eleganti\u0161ka, minimalistin\u0117 vaza, pagaminta i\u0161 auk\u0161tos kokyb\u0117s akmens mas\u0117s, padengta gra\u017eia matine balta glaz\u016bra, kuri sukuria \u0161veln\u0173 ir rafinuot\u0105 vaizd\u0105. Minimalistinio dizaino ir puikaus meistri\u0161kumo d\u0117ka \u201eFlorentina\u201c vaza \u012fk\u016bnija sant\u016bri\u0105 elegancij\u0105. D\u0117l neutralaus, kremin\u0117s spalvos pavir\u0161iaus ji skland\u017eiai dera prie \u012fvairi\u0173 interjero stili\u0173 \u2013 nuo \u200b\u200bmodernaus iki &hellip; <br \/><a href=\"https:\/\/duckdeco.lt\/en\/product\/vaza-florentina\/\" class=\"more-link\">Continue reading <span class=\"screen-reader-text\">Vaza Florentina<\/span><\/a><\/p>","protected":false},"featured_media":15732,"template":"","meta":{"_monsterinsights_skip_tracking":false,"_monsterinsights_sitenote_active":false,"_monsterinsights_sitenote_note":"","_monsterinsights_sitenote_category":0},"product_brand":[],"product_cat":[101],"product_tag":[536],"class_list":{"0":"post-15731","1":"product","2":"type-product","3":"status-publish","4":"has-post-thumbnail","6":"product_cat-vazos","7":"product_tag-akmens-mases-vaza","9":"first","10":"instock","11":"taxable","12":"shipping-taxable","13":"purchasable","14":"product-type-simple"},"_links":{"self":[{"href":"https:\/\/duckdeco.lt\/en\/wp-json\/wp\/v2\/product\/15731","targetHints":{"allow":["GET"]}}],"collection":[{"href":"https:\/\/duckdeco.lt\/en\/wp-json\/wp\/v2\/product"}],"about":[{"href":"https:\/\/duckdeco.lt\/en\/wp-json\/wp\/v2\/types\/product"}],"version-history":[{"count":1,"href":"https:\/\/duckdeco.lt\/en\/wp-json\/wp\/v2\/product\/15731\/revisions"}],"predecessor-version":[{"id":15734,"href":"https:\/\/duckdeco.lt\/en\/wp-json\/wp\/v2\/product\/15731\/revisions\/15734"}],"wp:featuredmedia":[{"embeddable":true,"href":"https:\/\/duckdeco.lt\/en\/wp-json\/wp\/v2\/media\/15732"}],"wp:attachment":[{"href":"https:\/\/duckdeco.lt\/en\/wp-json\/wp\/v2\/media?parent=15731"}],"wp:term":[{"taxonomy":"product_brand","embeddable":true,"href":"https:\/\/duckdeco.lt\/en\/wp-json\/wp\/v2\/product_brand?post=15731"},{"taxonomy":"product_cat","embeddable":true,"href":"https:\/\/duckdeco.lt\/en\/wp-json\/wp\/v2\/product_cat?post=15731"},{"taxonomy":"product_tag","embeddable":true,"href":"https:\/\/duckdeco.lt\/en\/wp-json\/wp\/v2\/product_tag?post=15731"}],"curies":[{"name":"wp","href":"https:\/\/api.w.org\/{rel}","templated":true}]}}