{"id":15735,"date":"2026-02-25T11:22:26","date_gmt":"2026-02-25T09:22:26","guid":{"rendered":"https:\/\/duckdeco.lt\/?post_type=product&#038;p=15735"},"modified":"2026-02-25T11:22:26","modified_gmt":"2026-02-25T09:22:26","slug":"vaza-verde","status":"publish","type":"product","link":"https:\/\/duckdeco.lt\/en\/product\/vaza-verde\/","title":{"rendered":"Vaza Verde"},"content":{"rendered":"<ul>\n<li><span class=\"HwtZe\" lang=\"lt\"><span class=\"HwtZe\" lang=\"lt\"><span class=\"jCAhz ChMk0b\"><span class=\"ryNqvb\">\u0160velni bei \u0161viesi \u0161ios vazos spalva ir forma sukuria rami\u0105 ir \u0161ilt\u0105 atmosfer\u0105, tod\u0117l ji puikiai tinka daugeliui interjer\u0173.<\/span><\/span> <span class=\"jCAhz ChMk0b\"><span class=\"ryNqvb\">Ji gra\u017eiai atrodo su keliomis atskiromis g\u0117l\u0117mis, grak\u0161\u010diomis \u0161akel\u0117mis arba tiesiog kaip dekoratyvinis elementas.<\/span><\/span> <span class=\"jCAhz ChMk0b\"><span class=\"ryNqvb\">Pad\u0117kite j\u0105 ant stalo, spintel\u0117s ar koridoriuje, kad j\u016bs\u0173 erdv\u0117 atrodyt\u0173 nat\u016braliai ir stilingai. <\/span><\/span><\/span><\/span><\/li>\n<li><span class=\"HwtZe\" lang=\"lt\"><span class=\"HwtZe\" lang=\"lt\"><span class=\"jCAhz ChMk0b\"><span class=\"ryNqvb\">Detal\u0117s: keramika.\u00a0<\/span><\/span><\/span><\/span><\/li>\n<li>Spalva &#8211; balta.<\/li>\n<\/ul>\n<table width=\"457\">\n<tbody>\n<tr>\n<td width=\"91\">I\u0161matavimai:Skersmuo 14,5 cm \/ Auk\u0161tis 26 cm.<\/td>\n<\/tr>\n<\/tbody>\n<\/table>\n<p>&nbsp;<\/p>","protected":false},"excerpt":{"rendered":"<p>\u0160velni bei \u0161viesi \u0161ios vazos spalva ir forma sukuria rami\u0105 ir \u0161ilt\u0105 atmosfer\u0105, tod\u0117l ji puikiai tinka daugeliui interjer\u0173. Ji gra\u017eiai atrodo su keliomis atskiromis g\u0117l\u0117mis, grak\u0161\u010diomis \u0161akel\u0117mis arba tiesiog kaip dekoratyvinis elementas. Pad\u0117kite j\u0105 ant stalo, spintel\u0117s ar koridoriuje, kad j\u016bs\u0173 erdv\u0117 atrodyt\u0173 nat\u016braliai ir stilingai. Detal\u0117s: keramika.\u00a0 Spalva &#8211; balta. I\u0161matavimai:Skersmuo 14,5 cm &hellip; <br \/><a href=\"https:\/\/duckdeco.lt\/en\/product\/vaza-verde\/\" class=\"more-link\">Continue reading <span class=\"screen-reader-text\">Vaza Verde<\/span><\/a><\/p>","protected":false},"featured_media":15736,"template":"","meta":{"_monsterinsights_skip_tracking":false,"_monsterinsights_sitenote_active":false,"_monsterinsights_sitenote_note":"","_monsterinsights_sitenote_category":0},"product_brand":[],"product_cat":[101],"product_tag":[468],"class_list":{"0":"post-15735","1":"product","2":"type-product","3":"status-publish","4":"has-post-thumbnail","6":"product_cat-vazos","7":"product_tag-keramikine-vaza","9":"first","10":"instock","11":"taxable","12":"shipping-taxable","13":"purchasable","14":"product-type-simple"},"_links":{"self":[{"href":"https:\/\/duckdeco.lt\/en\/wp-json\/wp\/v2\/product\/15735","targetHints":{"allow":["GET"]}}],"collection":[{"href":"https:\/\/duckdeco.lt\/en\/wp-json\/wp\/v2\/product"}],"about":[{"href":"https:\/\/duckdeco.lt\/en\/wp-json\/wp\/v2\/types\/product"}],"version-history":[{"count":1,"href":"https:\/\/duckdeco.lt\/en\/wp-json\/wp\/v2\/product\/15735\/revisions"}],"predecessor-version":[{"id":15738,"href":"https:\/\/duckdeco.lt\/en\/wp-json\/wp\/v2\/product\/15735\/revisions\/15738"}],"wp:featuredmedia":[{"embeddable":true,"href":"https:\/\/duckdeco.lt\/en\/wp-json\/wp\/v2\/media\/15736"}],"wp:attachment":[{"href":"https:\/\/duckdeco.lt\/en\/wp-json\/wp\/v2\/media?parent=15735"}],"wp:term":[{"taxonomy":"product_brand","embeddable":true,"href":"https:\/\/duckdeco.lt\/en\/wp-json\/wp\/v2\/product_brand?post=15735"},{"taxonomy":"product_cat","embeddable":true,"href":"https:\/\/duckdeco.lt\/en\/wp-json\/wp\/v2\/product_cat?post=15735"},{"taxonomy":"product_tag","embeddable":true,"href":"https:\/\/duckdeco.lt\/en\/wp-json\/wp\/v2\/product_tag?post=15735"}],"curies":[{"name":"wp","href":"https:\/\/api.w.org\/{rel}","templated":true}]}}