{"id":15752,"date":"2026-02-25T14:46:15","date_gmt":"2026-02-25T12:46:15","guid":{"rendered":"https:\/\/duckdeco.lt\/?post_type=product&#038;p=15752"},"modified":"2026-03-07T13:32:20","modified_gmt":"2026-03-07T11:32:20","slug":"asotis-vaza","status":"publish","type":"product","link":"https:\/\/duckdeco.lt\/en\/product\/asotis-vaza\/","title":{"rendered":"\u0104sotis &#8211; vaza"},"content":{"rendered":"<ul>\n<li><span class=\"HwtZe\" lang=\"lt\"><span class=\"jCAhz ChMk0b\"><span class=\"ryNqvb\">Porcelianinis \u0105sotis i\u0161 ANAFI kolekcijos \u017eavi vertikaliomis m\u0117lynomis juostel\u0117mis baltame fone, primenan\u010diomis gaivi\u0105 ir nesenstan\u010di\u0105 Vidur\u017eemio j\u016bros regiono dvasi\u0105. Grafi\u0161kas ir subalansuotas dizainas daro j\u012f ne tik dekoratyv\u0173, bet ir funkcional\u0173.<span class=\"jCAhz\"> Idealiai tinka vandeniui, at\u0161aldytiems g\u0117rimams patiekti ar net kaip vaza, suteikianti vasari\u0161kos elegancijos bet kokiam erdvei. <\/span><\/span><\/span><\/span><\/li>\n<li><span class=\"HwtZe\" lang=\"lt\"><span class=\"jCAhz ChMk0b\"><span class=\"ryNqvb\"><span class=\"jCAhz\">Talpa 1,2 l. <\/span><\/span><\/span><\/span><\/li>\n<li><span class=\"HwtZe\" lang=\"lt\"><span class=\"jCAhz ChMk0b\"><span class=\"ryNqvb\"><span class=\"jCAhz\">Detal\u0117s: keramika. <\/span><\/span><\/span><\/span><\/li>\n<li><span class=\"HwtZe\" lang=\"lt\"><span class=\"jCAhz ChMk0b\"><span class=\"ryNqvb\"><span class=\"jCAhz\">Spalva &#8211; balta\/ m\u0117lyna.\u00a0<\/span><\/span><\/span><\/span><\/li>\n<\/ul>\n<table width=\"457\">\n<tbody>\n<tr>\n<td width=\"91\">I\u0161matavimai: Gylis 12.5 cm \/ Plotis 19 cm \/ Auk\u0161tis 23,5 cm.<\/td>\n<\/tr>\n<\/tbody>\n<\/table>\n<p>&nbsp;<\/p>\n<div class=\"lRu31\" dir=\"ltr\"><\/div>\n<div class=\"XL3Kf XExWNc\">\n<div class=\"a8FIud X0rvP\">\n<div data-show-delay-ms=\"250\" data-append-to-body=\"false\" data-propagate-tooltip-mouseover-events=\"true\" data-anchor-corner=\"bottom-end\" data-enable-skip-handler=\"true\" data-popup-corner=\"top-end\">\n<div class=\"dig2sb\"><\/div>\n<\/div>\n<\/div>\n<\/div>\n<div class=\"XL3Kf XExWNc\">\n<div class=\"a8FIud X0rvP\">\n<div data-show-delay-ms=\"250\" data-append-to-body=\"false\" data-propagate-tooltip-mouseover-events=\"true\" data-anchor-corner=\"bottom-end\" data-enable-skip-handler=\"true\" data-popup-corner=\"top-end\"><\/div>\n<\/div>\n<\/div>\n<div class=\"ebT7ne VOLvac sMVRZe\">\n<div class=\"F0pQVc\"><\/div>\n<\/div>\n<div class=\"VO9ucd\">\n<div class=\"aJIq1d\" dir=\"ltr\" data-language-code=\"lt\" data-language-name=\"lietuvi\u0173\" data-text=\"Su \u201ePomax\u201c \u201eAnafi\u201c kolekcija kelion\u0117 \u012f Kiklad\u0173 salas, saul\u0119 ir Eg\u0117jo j\u016bros m\u0117lynum\u0105 garantuota. Atraskite arba i\u0161 naujo atraskite porcelianin\u012f \u0105sot\u012f i\u0161 \u0161ios kolekcijos! Gra\u017eios juostel\u0117s ir \u0161vytinti m\u0117lyna spalva patraukia ak\u012f ir papuo\u0161ia j\u016bs\u0173 interjer\u0105. Derinkite su kitais \u201eAnafi\u201c kolekcijos gaminiais arba naudokite j\u012f vien\u0105, kad sukurtum\u0117te unikal\u0173, nederant\u012f vaizd\u0105.\u0160is porcelianinis \u0105sotis su pla\u010dia rankena yra ergonomi\u0161kas ir lengvai naudojamas. Nesvarbu, ar juo kasdien patiekiamas vanduo, ar g\u0117rimai, pavyzd\u017eiui, sultys, dideli\u0173 piet\u0173 su \u0161eima ir draugais metu, \u0161is eleganti\u0161kas \u0105sotis padeda suma\u017einti plastikini\u0173 buteli\u0173 naudojim\u0105 ir taip pat gali b\u016bti naudojamas kaip vaza gra\u017eioms g\u0117li\u0173 puok\u0161t\u0117ms eksponuoti arba kaip stalo \u012franki\u0173 laikiklis virtuv\u0117je.Specifikacijos:Med\u017eiaga: PorcelianasMatmenys: A 23,5 cm x G 12,5 cm x P 19 cmTalpa: Ma\u017edaug 1,2 l\" data-crosslingual-hint=\"\" data-location=\"2\" data-enable-toggle-playback-speed=\"true\" data-results-count=\"1\" data-result-index=\"1\"><\/p>\n<div class=\"m0Qfkd\"><\/div>\n<\/div>\n<\/div>\n<div><\/div>\n<div class=\"AxqVh\">\n<div class=\"OPPzxe\">\n<div class=\"QcsUad BDJ8fb BLojaf sMVRZe hCXDsb wneUed\">\n<div class=\"usGWQd\">\n<div class=\"KkbLmb\">\n<div class=\"VO9ucd\">\n<div class=\"YJGJsb\">\n<div><\/div>\n<\/div>\n<\/div>\n<\/div>\n<\/div>\n<\/div>\n<\/div>\n<\/div>\n<div class=\"HWmS8\">\n<div class=\"kGmWO\"><\/div>\n<div class=\"OwOEge\">\n<div class=\"cJ1Ndf\"><\/div>\n<\/div>\n<\/div>","protected":false},"excerpt":{"rendered":"<p>Porcelianinis \u0105sotis i\u0161 ANAFI kolekcijos \u017eavi vertikaliomis m\u0117lynomis juostel\u0117mis baltame fone, primenan\u010diomis gaivi\u0105 ir nesenstan\u010di\u0105 Vidur\u017eemio j\u016bros regiono dvasi\u0105. Grafi\u0161kas ir subalansuotas dizainas daro j\u012f ne tik dekoratyv\u0173, bet ir funkcional\u0173. Idealiai tinka vandeniui, at\u0161aldytiems g\u0117rimams patiekti ar net kaip vaza, suteikianti vasari\u0161kos elegancijos bet kokiam erdvei. Talpa 1,2 l. Detal\u0117s: keramika. Spalva &#8211; balta\/ &hellip; <br \/><a href=\"https:\/\/duckdeco.lt\/en\/product\/asotis-vaza\/\" class=\"more-link\">Continue reading <span class=\"screen-reader-text\">\u0104sotis &#8211; vaza<\/span><\/a><\/p>","protected":false},"featured_media":15753,"template":"","meta":{"_monsterinsights_skip_tracking":false,"_monsterinsights_sitenote_active":false,"_monsterinsights_sitenote_note":"","_monsterinsights_sitenote_category":0},"product_brand":[],"product_cat":[95,122,109,101],"product_tag":[538],"class_list":{"0":"post-15752","1":"product","2":"type-product","3":"status-publish","4":"has-post-thumbnail","6":"product_cat-interjerui","7":"product_cat-ispardavimas","8":"product_cat-serviravimo-indai","9":"product_cat-vazos","10":"product_tag-keramikinis-asotis","12":"first","13":"instock","14":"sale","15":"taxable","16":"shipping-taxable","17":"purchasable","18":"product-type-simple"},"_links":{"self":[{"href":"https:\/\/duckdeco.lt\/en\/wp-json\/wp\/v2\/product\/15752","targetHints":{"allow":["GET"]}}],"collection":[{"href":"https:\/\/duckdeco.lt\/en\/wp-json\/wp\/v2\/product"}],"about":[{"href":"https:\/\/duckdeco.lt\/en\/wp-json\/wp\/v2\/types\/product"}],"version-history":[{"count":1,"href":"https:\/\/duckdeco.lt\/en\/wp-json\/wp\/v2\/product\/15752\/revisions"}],"predecessor-version":[{"id":15754,"href":"https:\/\/duckdeco.lt\/en\/wp-json\/wp\/v2\/product\/15752\/revisions\/15754"}],"wp:featuredmedia":[{"embeddable":true,"href":"https:\/\/duckdeco.lt\/en\/wp-json\/wp\/v2\/media\/15753"}],"wp:attachment":[{"href":"https:\/\/duckdeco.lt\/en\/wp-json\/wp\/v2\/media?parent=15752"}],"wp:term":[{"taxonomy":"product_brand","embeddable":true,"href":"https:\/\/duckdeco.lt\/en\/wp-json\/wp\/v2\/product_brand?post=15752"},{"taxonomy":"product_cat","embeddable":true,"href":"https:\/\/duckdeco.lt\/en\/wp-json\/wp\/v2\/product_cat?post=15752"},{"taxonomy":"product_tag","embeddable":true,"href":"https:\/\/duckdeco.lt\/en\/wp-json\/wp\/v2\/product_tag?post=15752"}],"curies":[{"name":"wp","href":"https:\/\/api.w.org\/{rel}","templated":true}]}}