{"id":15755,"date":"2026-02-25T15:15:26","date_gmt":"2026-02-25T13:15:26","guid":{"rendered":"https:\/\/duckdeco.lt\/?post_type=product&#038;p=15755"},"modified":"2026-03-07T12:31:03","modified_gmt":"2026-03-07T10:31:03","slug":"gertuve-termosas","status":"publish","type":"product","link":"https:\/\/duckdeco.lt\/en\/product\/gertuve-termosas\/","title":{"rendered":"Gertuv\u0117 &#8211; termosas"},"content":{"rendered":"<ul>\n<li><span class=\"HwtZe\" lang=\"lt\"><span class=\"jCAhz ChMk0b\"><span class=\"ryNqvb\">\u201eHeinen Delfts Blauw\u201c<\/span><\/span><\/span> kolekcijos gertuv\u0117 &#8211; termosas,\u00a0<span class=\"HwtZe\" lang=\"lt\"><span class=\"jCAhz ChMk0b\"><span class=\"ryNqvb\">papuo\u0161tas spalving\u0173 mi\u0161ko pauk\u0161\u010di\u0173, betupin\u010di\u0173 ant \u0161akos pie\u0161iniu.<\/span><\/span>\u00a0<span class=\"jCAhz ChMk0b\"><span class=\"ryNqvb\">Kiekvienas dizainas pasakoja istorij\u0105 ir pats savaime yra meno k\u016brinys.<\/span><\/span> <\/span><\/li>\n<li><span class=\"HwtZe\" lang=\"lt\">P<span class=\"jCAhz ChMk0b\"><span class=\"ryNqvb\">agaminti i\u0161 auk\u0161tos kokyb\u0117s ner\u016bdijan\u010dio plieno, tod\u0117l jie yra ne tik stilingi, bet ir patvar\u016bs bei draugi\u0161ki aplinkai.<\/span><\/span> <span class=\"jCAhz ChMk0b\"><span class=\"ryNqvb\">Dvigubos sienel\u0117s izoliacija i\u0161laiko j\u016bs\u0173 g\u0117rimus \u0161altus iki 24 valand\u0173 ir kar\u0161tus iki 12 valand\u0173, tod\u0117l idealiai tinka kelion\u0117ms ar naudojimui namuose. Butelio talpa yra 500 ml, jame visi\u0161kai n\u0117ra BPA. <\/span><\/span><\/span><\/li>\n<li><span class=\"HwtZe\" lang=\"lt\"><span class=\"jCAhz ChMk0b\"><span class=\"ryNqvb\">Supakuotas gra\u017eioje dovan\u0173 d\u0117\u017eut\u0117je tai puiki dovana,<\/span><\/span><\/span><span class=\"HwtZe\" lang=\"lt\"><span class=\"jCAhz ChMk0b\"><span class=\"ryNqvb\"> kuri gra\u017eiai sujungia funkcionalum\u0105, kokyb\u0119 ir oland\u0173 kult\u016br\u0105.\u00a0<\/span><\/span><\/span><\/li>\n<li><span class=\"HwtZe\" lang=\"lt\"><span class=\"jCAhz ChMk0b\"><span class=\"ryNqvb\">Detal\u0117s: ner\u016bdijantis plienas. <\/span><\/span><\/span><\/li>\n<li><span class=\"HwtZe\" lang=\"lt\"><span class=\"jCAhz ChMk0b\"><span class=\"ryNqvb\">Spalva &#8211; balta\/ \u012fvairiaspalvis.\u00a0<\/span><\/span><\/span><\/li>\n<li>Rekomenduojama plauti rankomis.<\/li>\n<\/ul>\n<div class=\"lRu31\" dir=\"ltr\">\n<div class=\"OvtS8d\">\n<table width=\"444\">\n<tbody>\n<tr>\n<td width=\"91\">I\u0161matavimai: Skersmuo 7 cm\/ Auk\u0161tis 22 cm<\/td>\n<\/tr>\n<\/tbody>\n<\/table>\n<p>&nbsp;<\/p>\n<\/div>\n<div class=\"NQSJo\"><\/div>\n<\/div>\n<div class=\"UdTY9 WdefRb\" aria-hidden=\"true\" data-location=\"2\">\n<div class=\"kO6q6e\"><\/div>\n<\/div>","protected":false},"excerpt":{"rendered":"<p>\u201eHeinen Delfts Blauw\u201c kolekcijos gertuv\u0117 &#8211; termosas,\u00a0papuo\u0161tas spalving\u0173 mi\u0161ko pauk\u0161\u010di\u0173, betupin\u010di\u0173 ant \u0161akos pie\u0161iniu.\u00a0Kiekvienas dizainas pasakoja istorij\u0105 ir pats savaime yra meno k\u016brinys. Pagaminti i\u0161 auk\u0161tos kokyb\u0117s ner\u016bdijan\u010dio plieno, tod\u0117l jie yra ne tik stilingi, bet ir patvar\u016bs bei draugi\u0161ki aplinkai. Dvigubos sienel\u0117s izoliacija i\u0161laiko j\u016bs\u0173 g\u0117rimus \u0161altus iki 24 valand\u0173 ir kar\u0161tus iki 12 &hellip; <br \/><a href=\"https:\/\/duckdeco.lt\/en\/product\/gertuve-termosas\/\" class=\"more-link\">Continue reading <span class=\"screen-reader-text\">Gertuv\u0117 &#8211; termosas<\/span><\/a><\/p>","protected":false},"featured_media":15756,"template":"","meta":{"_monsterinsights_skip_tracking":false,"_monsterinsights_sitenote_active":false,"_monsterinsights_sitenote_note":"","_monsterinsights_sitenote_category":0},"product_brand":[],"product_cat":[103,109,104],"product_tag":[539],"class_list":{"0":"post-15755","1":"product","2":"type-product","3":"status-publish","4":"has-post-thumbnail","6":"product_cat-dovanu-idejos","7":"product_cat-serviravimo-indai","8":"product_cat-vaikams","9":"product_tag-nerudijancio-plieno-gertuve","11":"first","12":"instock","13":"taxable","14":"shipping-taxable","15":"purchasable","16":"product-type-simple"},"_links":{"self":[{"href":"https:\/\/duckdeco.lt\/en\/wp-json\/wp\/v2\/product\/15755","targetHints":{"allow":["GET"]}}],"collection":[{"href":"https:\/\/duckdeco.lt\/en\/wp-json\/wp\/v2\/product"}],"about":[{"href":"https:\/\/duckdeco.lt\/en\/wp-json\/wp\/v2\/types\/product"}],"version-history":[{"count":1,"href":"https:\/\/duckdeco.lt\/en\/wp-json\/wp\/v2\/product\/15755\/revisions"}],"predecessor-version":[{"id":15758,"href":"https:\/\/duckdeco.lt\/en\/wp-json\/wp\/v2\/product\/15755\/revisions\/15758"}],"wp:featuredmedia":[{"embeddable":true,"href":"https:\/\/duckdeco.lt\/en\/wp-json\/wp\/v2\/media\/15756"}],"wp:attachment":[{"href":"https:\/\/duckdeco.lt\/en\/wp-json\/wp\/v2\/media?parent=15755"}],"wp:term":[{"taxonomy":"product_brand","embeddable":true,"href":"https:\/\/duckdeco.lt\/en\/wp-json\/wp\/v2\/product_brand?post=15755"},{"taxonomy":"product_cat","embeddable":true,"href":"https:\/\/duckdeco.lt\/en\/wp-json\/wp\/v2\/product_cat?post=15755"},{"taxonomy":"product_tag","embeddable":true,"href":"https:\/\/duckdeco.lt\/en\/wp-json\/wp\/v2\/product_tag?post=15755"}],"curies":[{"name":"wp","href":"https:\/\/api.w.org\/{rel}","templated":true}]}}