{"id":15759,"date":"2026-02-25T15:23:38","date_gmt":"2026-02-25T13:23:38","guid":{"rendered":"https:\/\/duckdeco.lt\/?post_type=product&#038;p=15759"},"modified":"2026-02-25T15:24:26","modified_gmt":"2026-02-25T13:24:26","slug":"gertuve-termosas-2","status":"publish","type":"product","link":"https:\/\/duckdeco.lt\/en\/product\/gertuve-termosas-2\/","title":{"rendered":"Gertuv\u0117 &#8211; termosas"},"content":{"rendered":"<p>&nbsp;<\/p>\n<div class=\"tab-content\">\n<div id=\"tabs-list-description\" class=\"tab-pane active in\">\n<ul>\n<li><span class=\"HwtZe\" lang=\"lt\"><span class=\"jCAhz ChMk0b\"><span class=\"ryNqvb\">\u201eHeinen Delfts Blauw\u201c<\/span><\/span><\/span> kolekcijos gertuv\u0117 \u2013 termosas, \u017eaismingas, dekoruotas m\u0117lynais, ma\u017eais dvira\u010diais.<span class=\"HwtZe\" lang=\"lt\">\u00a0<span class=\"jCAhz ChMk0b\"><span class=\"ryNqvb\">Kiekvienas dizainas pasakoja istorij\u0105 ir pats savaime yra meno k\u016brinys.<\/span><\/span> <\/span><\/li>\n<li><span class=\"HwtZe\" lang=\"lt\">P<span class=\"jCAhz ChMk0b\"><span class=\"ryNqvb\">agaminti i\u0161 auk\u0161tos kokyb\u0117s ner\u016bdijan\u010dio plieno, tod\u0117l jie yra ne tik stilingi, bet ir patvar\u016bs bei draugi\u0161ki aplinkai.<\/span><\/span> <span class=\"jCAhz ChMk0b\"><span class=\"ryNqvb\">Dvigubos sienel\u0117s izoliacija i\u0161laiko j\u016bs\u0173 g\u0117rimus \u0161altus iki 24 valand\u0173 ir kar\u0161tus iki 12 valand\u0173, tod\u0117l idealiai tinka kelion\u0117ms ar naudojimui namuose. Butelio talpa yra 500 ml, jame visi\u0161kai n\u0117ra BPA. <\/span><\/span><\/span><\/li>\n<li><span class=\"HwtZe\" lang=\"lt\"><span class=\"jCAhz ChMk0b\"><span class=\"ryNqvb\">Supakuotas gra\u017eioje dovan\u0173 d\u0117\u017eut\u0117je tai puiki dovana,<\/span><\/span><\/span><span class=\"HwtZe\" lang=\"lt\"><span class=\"jCAhz ChMk0b\"><span class=\"ryNqvb\"> kuri gra\u017eiai sujungia funkcionalum\u0105, kokyb\u0119 ir oland\u0173 kult\u016br\u0105.\u00a0<\/span><\/span><\/span><\/li>\n<li><span class=\"HwtZe\" lang=\"lt\"><span class=\"jCAhz ChMk0b\"><span class=\"ryNqvb\">Detal\u0117s: ner\u016bdijantis plienas. <\/span><\/span><\/span><\/li>\n<li><span class=\"HwtZe\" lang=\"lt\"><span class=\"jCAhz ChMk0b\"><span class=\"ryNqvb\">Spalva \u2013 balta\/ \u012fvairiaspalvis.\u00a0<\/span><\/span><\/span><\/li>\n<li>Rekomenduojama plauti rankomis.<\/li>\n<\/ul>\n<div class=\"lRu31\" dir=\"ltr\">\n<div class=\"OvtS8d\">\n<table width=\"444\">\n<tbody>\n<tr>\n<td width=\"91\">I\u0161matavimai: Skersmuo 7 cm\/ Auk\u0161tis 22 cm<\/td>\n<\/tr>\n<\/tbody>\n<\/table>\n<p>&nbsp;<\/p>\n<\/div>\n<\/div>\n<\/div>\n<\/div>","protected":false},"excerpt":{"rendered":"<p>&nbsp; \u201eHeinen Delfts Blauw\u201c kolekcijos gertuv\u0117 \u2013 termosas, \u017eaismingas, dekoruotas m\u0117lynais, ma\u017eais dvira\u010diais.\u00a0Kiekvienas dizainas pasakoja istorij\u0105 ir pats savaime yra meno k\u016brinys. Pagaminti i\u0161 auk\u0161tos kokyb\u0117s ner\u016bdijan\u010dio plieno, tod\u0117l jie yra ne tik stilingi, bet ir patvar\u016bs bei draugi\u0161ki aplinkai. Dvigubos sienel\u0117s izoliacija i\u0161laiko j\u016bs\u0173 g\u0117rimus \u0161altus iki 24 valand\u0173 ir kar\u0161tus iki 12 valand\u0173, &hellip; <br \/><a href=\"https:\/\/duckdeco.lt\/en\/product\/gertuve-termosas-2\/\" class=\"more-link\">Continue reading <span class=\"screen-reader-text\">Gertuv\u0117 &#8211; termosas<\/span><\/a><\/p>","protected":false},"featured_media":15760,"template":"","meta":{"_monsterinsights_skip_tracking":false,"_monsterinsights_sitenote_active":false,"_monsterinsights_sitenote_note":"","_monsterinsights_sitenote_category":0},"product_brand":[],"product_cat":[103,109,104],"product_tag":[539],"class_list":{"0":"post-15759","1":"product","2":"type-product","3":"status-publish","4":"has-post-thumbnail","6":"product_cat-dovanu-idejos","7":"product_cat-serviravimo-indai","8":"product_cat-vaikams","9":"product_tag-nerudijancio-plieno-gertuve","11":"first","12":"instock","13":"taxable","14":"shipping-taxable","15":"purchasable","16":"product-type-simple"},"_links":{"self":[{"href":"https:\/\/duckdeco.lt\/en\/wp-json\/wp\/v2\/product\/15759","targetHints":{"allow":["GET"]}}],"collection":[{"href":"https:\/\/duckdeco.lt\/en\/wp-json\/wp\/v2\/product"}],"about":[{"href":"https:\/\/duckdeco.lt\/en\/wp-json\/wp\/v2\/types\/product"}],"version-history":[{"count":1,"href":"https:\/\/duckdeco.lt\/en\/wp-json\/wp\/v2\/product\/15759\/revisions"}],"predecessor-version":[{"id":15761,"href":"https:\/\/duckdeco.lt\/en\/wp-json\/wp\/v2\/product\/15759\/revisions\/15761"}],"wp:featuredmedia":[{"embeddable":true,"href":"https:\/\/duckdeco.lt\/en\/wp-json\/wp\/v2\/media\/15760"}],"wp:attachment":[{"href":"https:\/\/duckdeco.lt\/en\/wp-json\/wp\/v2\/media?parent=15759"}],"wp:term":[{"taxonomy":"product_brand","embeddable":true,"href":"https:\/\/duckdeco.lt\/en\/wp-json\/wp\/v2\/product_brand?post=15759"},{"taxonomy":"product_cat","embeddable":true,"href":"https:\/\/duckdeco.lt\/en\/wp-json\/wp\/v2\/product_cat?post=15759"},{"taxonomy":"product_tag","embeddable":true,"href":"https:\/\/duckdeco.lt\/en\/wp-json\/wp\/v2\/product_tag?post=15759"}],"curies":[{"name":"wp","href":"https:\/\/api.w.org\/{rel}","templated":true}]}}