{"id":15762,"date":"2026-02-26T09:54:13","date_gmt":"2026-02-26T07:54:13","guid":{"rendered":"https:\/\/duckdeco.lt\/?post_type=product&#038;p=15762"},"modified":"2026-02-26T09:55:13","modified_gmt":"2026-02-26T07:55:13","slug":"vaza-spring","status":"publish","type":"product","link":"https:\/\/duckdeco.lt\/en\/product\/vaza-spring\/","title":{"rendered":"Vaza Spring"},"content":{"rendered":"<div class=\"lRu31\" dir=\"ltr\">\n<ul>\n<li class=\"lRu31\" dir=\"ltr\"><span class=\"HwtZe\" lang=\"lt\"><span class=\"HwtZe\" lang=\"lt\"><span class=\"jCAhz ChMk0b\"><span class=\"ryNqvb\">Prek\u0117s \u017eenklo Villa Pottery vaza Spring su keliomis ma\u017eomis angomis, kuri\u0173 kiekviena papuo\u0161ta grak\u0161\u010diais \u017eiedais aplink kra\u0161t\u0105, sukuriant \u017eaisming\u0105 spalving\u0173 g\u0117li\u0173 kompozicij\u0105. D\u0117l nat\u016brali\u0173 linij\u0173 ir apvalaus kaklelio vaza yra stilingas bet kokio interjero papildymas.<\/span><\/span> <\/span><\/span><\/li>\n<li class=\"lRu31\" dir=\"ltr\"><span class=\"HwtZe\" lang=\"lt\"><span class=\"HwtZe\" lang=\"lt\"><span class=\"jCAhz ChMk0b\"><span class=\"ryNqvb\">Vazos gaminamos naudojant tradicinius, profesionalius metodus, tod\u0117l j\u0173 spalva ir dydis gali \u0161iek tiek skirtis.<\/span><\/span><\/span><\/span><\/li>\n<li class=\"lRu31\" dir=\"ltr\"><span class=\"HwtZe\" lang=\"lt\"><span class=\"HwtZe\" lang=\"lt\"><span class=\"jCAhz ChMk0b\"><span class=\"ryNqvb\">Detal\u0117s: keramika. <\/span><\/span><\/span><\/span><\/li>\n<li class=\"lRu31\" dir=\"ltr\"><span class=\"HwtZe\" lang=\"lt\"><span class=\"HwtZe\" lang=\"lt\"><span class=\"jCAhz ChMk0b\"><span class=\"ryNqvb\">Spalva &#8211; raudona\/ geltona.\u00a0<\/span><\/span><\/span><\/span><br \/>\n<table width=\"405\">\n<tbody>\n<tr>\n<td width=\"91\">I\u0161matavimai: Skersmuo 20 cm\/\u00a0 Auk\u0161tis 17 cm.<\/td>\n<\/tr>\n<\/tbody>\n<\/table>\n<p>&nbsp;<\/p>\n<div class=\"OvtS8d\"><\/div>\n<div class=\"NQSJo\"><\/div>\n<\/li>\n<\/ul>\n<div class=\"UdTY9 WdefRb\" aria-hidden=\"true\" data-location=\"2\">\n<div class=\"kO6q6e\"><\/div>\n<\/div>\n<div class=\"XL3Kf XExWNc\">\n<div class=\"a8FIud X0rvP\">\n<div data-show-delay-ms=\"250\" data-append-to-body=\"false\" data-propagate-tooltip-mouseover-events=\"true\" data-anchor-corner=\"bottom-end\" data-enable-skip-handler=\"true\" data-popup-corner=\"top-end\">\n<div class=\"dig2sb\"><\/div>\n<\/div>\n<\/div>\n<\/div>\n<div class=\"XL3Kf XExWNc\">\n<div class=\"a8FIud X0rvP\">\n<div data-show-delay-ms=\"250\" data-append-to-body=\"false\" data-propagate-tooltip-mouseover-events=\"true\" data-anchor-corner=\"bottom-end\" data-enable-skip-handler=\"true\" data-popup-corner=\"top-end\"><\/div>\n<\/div>\n<\/div>\n<div class=\"ebT7ne VOLvac sMVRZe\">\n<div class=\"F0pQVc\"><\/div>\n<\/div>\n<div class=\"VO9ucd\">\n<div class=\"aJIq1d\" dir=\"ltr\" data-language-code=\"lt\" data-language-name=\"lietuvi\u0173\" data-text=\"Geltona g\u0117li\u0173 vaza \u201eFlowerfield\u201c Geltona g\u0117li\u0173 vaza \u201eFlowerfield\u201c yra klasterin\u0117 vaza su keliomis ma\u017eomis angomis, kuri\u0173 kiekviena papuo\u0161ta grak\u0161\u010diais \u017eiedais aplink kra\u0161t\u0105, sukuriant \u017eaisming\u0105 spalving\u0173 g\u0117li\u0173 kompozicij\u0105. D\u0117l nat\u016brali\u0173 linij\u0173 ir apvalaus kaklelio geltona vaza \u201eFlowerfield\u201c yra stilingas bet kokio interjero papildymas. Ji suteikia kiekvienai g\u0117lei ypatingo d\u0117mesio. Grak\u0161t\u016bs \u017eiedai aplink kra\u0161t\u0105 suteikia ypating\u0105 akcent\u0105, kuris vis\u0105 kompozicij\u0105 paver\u010dia \u017eavinga. Keramin\u0117s vazos gaminamos i\u0161 molio (\u017eodis \u201eceramic\u201c pa\u017eod\u017eiui rei\u0161kia \u201ei\u0161kepta \u017eem\u0117\u201c), kuris v\u0117liau glaz\u016bruojamas. Vazos gaminamos naudojant tradicinius, profesionalius metodus, tod\u0117l j\u0173 spalva ir dydis gali \u0161iek tiek skirtis. Statant vaz\u0105 rekomenduojama naudoti pad\u0117kliuk\u0105 arba veltinio pagalv\u0117l\u0119, kad pavir\u0161ius nepakeist\u0173 spalvos. Vaza yra \u012fvairi\u0173 dyd\u017ei\u0173.\" data-crosslingual-hint=\"\" data-location=\"2\" data-enable-toggle-playback-speed=\"true\" data-results-count=\"1\" data-result-index=\"1\">\n<div class=\"m0Qfkd\"><\/div>\n<\/div>\n<\/div>\n<div><\/div>\n<div class=\"AxqVh\">\n<div class=\"OPPzxe\">\n<div class=\"QcsUad BDJ8fb BLojaf sMVRZe hCXDsb wneUed\">\n<div class=\"usGWQd\">\n<div class=\"KkbLmb\">\n<div class=\"VO9ucd\">\n<div class=\"YJGJsb\">\n<div><\/div>\n<\/div>\n<\/div>\n<\/div>\n<\/div>\n<\/div>\n<\/div>\n<\/div>\n<div class=\"HWmS8\">\n<div class=\"kGmWO\"><\/div>\n<div class=\"OwOEge\">\n<div class=\"cJ1Ndf\"><\/div>\n<\/div>\n<\/div>\n<div class=\"OvtS8d\"><\/div>\n<div class=\"NQSJo\"><\/div>\n<\/div>\n<div class=\"UdTY9 WdefRb\" aria-hidden=\"true\" data-location=\"2\">\n<div class=\"kO6q6e\"><\/div>\n<\/div>\n<div class=\"XL3Kf XExWNc\">\n<div class=\"a8FIud X0rvP\">\n<div data-show-delay-ms=\"250\" data-append-to-body=\"false\" data-propagate-tooltip-mouseover-events=\"true\" data-anchor-corner=\"bottom-end\" data-enable-skip-handler=\"true\" data-popup-corner=\"top-end\">\n<div class=\"dig2sb\"><\/div>\n<\/div>\n<\/div>\n<\/div>\n<div class=\"XL3Kf XExWNc\">\n<div class=\"a8FIud X0rvP\">\n<div data-show-delay-ms=\"250\" data-append-to-body=\"false\" data-propagate-tooltip-mouseover-events=\"true\" data-anchor-corner=\"bottom-end\" data-enable-skip-handler=\"true\" data-popup-corner=\"top-end\"><\/div>\n<\/div>\n<\/div>\n<div class=\"ebT7ne VOLvac sMVRZe\">\n<div class=\"F0pQVc\"><\/div>\n<\/div>\n<div class=\"VO9ucd\">\n<div class=\"aJIq1d\" dir=\"ltr\" data-language-code=\"lt\" data-language-name=\"lietuvi\u0173\" data-text=\"Geltona \u201eFlowerfield\u201c vaza Geltona \u201eFlowerfield\u201c vaza yra sudaryta i\u0161 keli\u0173 ma\u017e\u0173 ang\u0173, papuo\u0161t\u0173 eleganti\u0161komis g\u0117l\u0117mis aplink kra\u0161t\u0105, sukurian\u010di\u0173 \u017eaisming\u0105 ansambl\u012f su ry\u0161kiais \u017eiedais. Nat\u016bralios linijos ir apvalus kra\u0161tas paver\u010dia gelton\u0105 \u201eSpringfield\u201c vaz\u0105 maloniu bet kokio interjero papildymu. Ji pabr\u0117\u017eia kiekvienos g\u0117l\u0117s gro\u017e\u012f. Eleganti\u0161kos g\u0117l\u0117s ant kra\u0161to suteikia vazai ypatingo \u017eavesio, d\u0117l kurio ji i\u0161ties \u017eavi. Keramin\u0117s vazos pagamintos i\u0161 molio (\u017eodis \u201ekeramika\u201c pa\u017eod\u017eiui rei\u0161kia \u201ei\u0161kepta \u017eem\u0117\u201c), kuris v\u0117liau glaz\u016bruojamas. Pagamintos naudojant kvalifikuot\u0105, tradicin\u012f metod\u0105, gali \u0161iek tiek skirtis spalva ir dydis. Statant vaz\u0105 rekomenduojame j\u0105 pastatyti ant pad\u0117klo arba veltinio, kad i\u0161vengtum\u0117te spalvos pakitimo. Vaza yra \u012fvairi\u0173 dyd\u017ei\u0173.\" data-crosslingual-hint=\"\" data-location=\"2\" data-enable-toggle-playback-speed=\"true\" data-results-count=\"1\" data-result-index=\"1\">\n<div class=\"m0Qfkd\"><\/div>\n<\/div>\n<\/div>\n<div><\/div>\n<div class=\"OlSOob\">\n<div class=\"ccvoYb\">\n<div class=\"AxqVh\">\n<div class=\"OPPzxe\">\n<div class=\"QcsUad BDJ8fb BLojaf sMVRZe hCXDsb wneUed\">\n<div class=\"usGWQd\">\n<div class=\"KkbLmb\">\n<div class=\"VO9ucd\">\n<div class=\"YJGJsb\">\n<div><\/div>\n<\/div>\n<\/div>\n<\/div>\n<\/div>\n<\/div>\n<\/div>\n<\/div>\n<div class=\"HWmS8\">\n<div class=\"kGmWO\"><\/div>\n<div class=\"OwOEge\">\n<div class=\"cJ1Ndf\"><\/div>\n<\/div>\n<\/div>\n<\/div>\n<div><\/div>\n<\/div>\n<nav class=\"VlPnLc\" aria-labelledby=\"ucj-38\"><\/nav>\n<div class=\"ySES5\"><\/div>\n<div class=\"ySES5\"><\/div>","protected":false},"excerpt":{"rendered":"<p>Prek\u0117s \u017eenklo Villa Pottery vaza Spring su keliomis ma\u017eomis angomis, kuri\u0173 kiekviena papuo\u0161ta grak\u0161\u010diais \u017eiedais aplink kra\u0161t\u0105, sukuriant \u017eaisming\u0105 spalving\u0173 g\u0117li\u0173 kompozicij\u0105. D\u0117l nat\u016brali\u0173 linij\u0173 ir apvalaus kaklelio vaza yra stilingas bet kokio interjero papildymas. Vazos gaminamos naudojant tradicinius, profesionalius metodus, tod\u0117l j\u0173 spalva ir dydis gali \u0161iek tiek skirtis. Detal\u0117s: keramika. Spalva &#8211; raudona\/ &hellip; <br \/><a href=\"https:\/\/duckdeco.lt\/en\/product\/vaza-spring\/\" class=\"more-link\">Continue reading <span class=\"screen-reader-text\">Vaza Spring<\/span><\/a><\/p>","protected":false},"featured_media":15763,"template":"","meta":{"_monsterinsights_skip_tracking":false,"_monsterinsights_sitenote_active":false,"_monsterinsights_sitenote_note":"","_monsterinsights_sitenote_category":0},"product_brand":[],"product_cat":[101],"product_tag":[468],"class_list":{"0":"post-15762","1":"product","2":"type-product","3":"status-publish","4":"has-post-thumbnail","6":"product_cat-vazos","7":"product_tag-keramikine-vaza","9":"first","10":"instock","11":"taxable","12":"shipping-taxable","13":"purchasable","14":"product-type-simple"},"_links":{"self":[{"href":"https:\/\/duckdeco.lt\/en\/wp-json\/wp\/v2\/product\/15762","targetHints":{"allow":["GET"]}}],"collection":[{"href":"https:\/\/duckdeco.lt\/en\/wp-json\/wp\/v2\/product"}],"about":[{"href":"https:\/\/duckdeco.lt\/en\/wp-json\/wp\/v2\/types\/product"}],"version-history":[{"count":2,"href":"https:\/\/duckdeco.lt\/en\/wp-json\/wp\/v2\/product\/15762\/revisions"}],"predecessor-version":[{"id":15765,"href":"https:\/\/duckdeco.lt\/en\/wp-json\/wp\/v2\/product\/15762\/revisions\/15765"}],"wp:featuredmedia":[{"embeddable":true,"href":"https:\/\/duckdeco.lt\/en\/wp-json\/wp\/v2\/media\/15763"}],"wp:attachment":[{"href":"https:\/\/duckdeco.lt\/en\/wp-json\/wp\/v2\/media?parent=15762"}],"wp:term":[{"taxonomy":"product_brand","embeddable":true,"href":"https:\/\/duckdeco.lt\/en\/wp-json\/wp\/v2\/product_brand?post=15762"},{"taxonomy":"product_cat","embeddable":true,"href":"https:\/\/duckdeco.lt\/en\/wp-json\/wp\/v2\/product_cat?post=15762"},{"taxonomy":"product_tag","embeddable":true,"href":"https:\/\/duckdeco.lt\/en\/wp-json\/wp\/v2\/product_tag?post=15762"}],"curies":[{"name":"wp","href":"https:\/\/api.w.org\/{rel}","templated":true}]}}