{"id":15778,"date":"2026-02-26T13:21:02","date_gmt":"2026-02-26T11:21:02","guid":{"rendered":"https:\/\/duckdeco.lt\/?post_type=product&#038;p=15778"},"modified":"2026-02-26T13:21:02","modified_gmt":"2026-02-26T11:21:02","slug":"namu-kvapas-aroma-art-vanilla-noir","status":"publish","type":"product","link":"https:\/\/duckdeco.lt\/en\/product\/namu-kvapas-aroma-art-vanilla-noir\/","title":{"rendered":"Nam\u0173 kvapas Aroma Art Vanilla Noir"},"content":{"rendered":"<ul>\n<li><span class=\"HwtZe\" lang=\"lt\"><span class=\"jCAhz ChMk0b\"><span class=\"ryNqvb\">Pasinerkite \u012f ramyb\u0117s, prabangos ir rafinuot\u0173 kvap\u0173 pasaul\u012f su \u0161iuo nuostabiu difuzoriumi, pripildytu \u017eavingo \u201eVanilla Noir\u201c nam\u0173 kvapo.<\/span><\/span> <span class=\"jCAhz ChMk0b\"><span class=\"ryNqvb\">D\u0117l savo <\/span><\/span><\/span><span class=\"HwtZe\" lang=\"lt\"><span class=\"HwtZe\" lang=\"lt\"><span class=\"jCAhz ChMk0b\"><span class=\"ryNqvb\">stilingos i\u0161vaizdos \u0161is nam\u0173 kvapas akimirksniu suteiks j\u016bs\u0173 interjerui harmonijos ir i\u0161skirtinumo poj\u016bt\u012f. Talpa 800 ml.\u00a0<\/span><\/span><\/span><\/span><br \/>\n<table width=\"457\">\n<tbody>\n<tr>\n<td width=\"91\">I\u0161matavimai: Skersmuo 23 cm\/ Auk\u0161tis 39 cm.<\/td>\n<\/tr>\n<\/tbody>\n<\/table>\n<p>&nbsp;<\/p>\n<p><span class=\"HwtZe\" lang=\"lt\"><span class=\"jCAhz ChMk0b\"><span class=\"ryNqvb\"><span class=\"jCAhz\">.<\/span><\/span><\/span><\/span><\/li>\n<\/ul>","protected":false},"excerpt":{"rendered":"<p>Pasinerkite \u012f ramyb\u0117s, prabangos ir rafinuot\u0173 kvap\u0173 pasaul\u012f su \u0161iuo nuostabiu difuzoriumi, pripildytu \u017eavingo \u201eVanilla Noir\u201c nam\u0173 kvapo. D\u0117l savo stilingos i\u0161vaizdos \u0161is nam\u0173 kvapas akimirksniu suteiks j\u016bs\u0173 interjerui harmonijos ir i\u0161skirtinumo poj\u016bt\u012f. Talpa 800 ml.\u00a0 I\u0161matavimai: Skersmuo 23 cm\/ Auk\u0161tis 39 cm. &nbsp; .<\/p>","protected":false},"featured_media":15779,"template":"","meta":{"_monsterinsights_skip_tracking":false,"_monsterinsights_sitenote_active":false,"_monsterinsights_sitenote_note":"","_monsterinsights_sitenote_category":0},"product_brand":[],"product_cat":[95,53],"product_tag":[541],"class_list":{"0":"post-15778","1":"product","2":"type-product","3":"status-publish","4":"has-post-thumbnail","6":"product_cat-interjerui","7":"product_cat-sub-category","8":"product_tag-namu-kvapas","10":"first","11":"instock","12":"taxable","13":"shipping-taxable","14":"purchasable","15":"product-type-simple"},"_links":{"self":[{"href":"https:\/\/duckdeco.lt\/en\/wp-json\/wp\/v2\/product\/15778","targetHints":{"allow":["GET"]}}],"collection":[{"href":"https:\/\/duckdeco.lt\/en\/wp-json\/wp\/v2\/product"}],"about":[{"href":"https:\/\/duckdeco.lt\/en\/wp-json\/wp\/v2\/types\/product"}],"version-history":[{"count":1,"href":"https:\/\/duckdeco.lt\/en\/wp-json\/wp\/v2\/product\/15778\/revisions"}],"predecessor-version":[{"id":15781,"href":"https:\/\/duckdeco.lt\/en\/wp-json\/wp\/v2\/product\/15778\/revisions\/15781"}],"wp:featuredmedia":[{"embeddable":true,"href":"https:\/\/duckdeco.lt\/en\/wp-json\/wp\/v2\/media\/15779"}],"wp:attachment":[{"href":"https:\/\/duckdeco.lt\/en\/wp-json\/wp\/v2\/media?parent=15778"}],"wp:term":[{"taxonomy":"product_brand","embeddable":true,"href":"https:\/\/duckdeco.lt\/en\/wp-json\/wp\/v2\/product_brand?post=15778"},{"taxonomy":"product_cat","embeddable":true,"href":"https:\/\/duckdeco.lt\/en\/wp-json\/wp\/v2\/product_cat?post=15778"},{"taxonomy":"product_tag","embeddable":true,"href":"https:\/\/duckdeco.lt\/en\/wp-json\/wp\/v2\/product_tag?post=15778"}],"curies":[{"name":"wp","href":"https:\/\/api.w.org\/{rel}","templated":true}]}}