{"id":15791,"date":"2026-02-26T14:58:25","date_gmt":"2026-02-26T12:58:25","guid":{"rendered":"https:\/\/duckdeco.lt\/?post_type=product&#038;p=15791"},"modified":"2026-02-26T14:59:37","modified_gmt":"2026-02-26T12:59:37","slug":"vaza-okki-brown","status":"publish","type":"product","link":"https:\/\/duckdeco.lt\/en\/product\/vaza-okki-brown\/","title":{"rendered":"Vaza Okki Brown"},"content":{"rendered":"<ul>\n<li><span class=\"HwtZe\" lang=\"lt\"><span class=\"HwtZe\" lang=\"lt\"><span class=\"jCAhz ChMk0b\"><span class=\"ryNqvb\">I\u0161skirtin\u0117 spalvin\u0117 gama, modernus dizainas, sferin\u0117 vaza su daugybe ang\u0173, <\/span><\/span><span class=\"jCAhz ChMk0b\"><span class=\"ryNqvb\">pripildyta g\u0117li\u0173, neabejotinai sukurs \u017eaisming\u0105 efekt\u0105. Tai unikalus interjero akcentas, kuris puikiai tiks kaip dovana arba ak\u012f traukiantis dekoro elementas J\u016bs\u0173 namuose.<\/span><\/span><\/span><\/span><\/li>\n<li><span class=\"HwtZe\" lang=\"lt\"><span class=\"HwtZe\" lang=\"lt\"><span class=\"jCAhz ChMk0b\"><span class=\"ryNqvb\">Detal\u0117s: keramika. <\/span><\/span><\/span><\/span><\/li>\n<li><span class=\"HwtZe\" lang=\"lt\"><span class=\"HwtZe\" lang=\"lt\"><span class=\"jCAhz ChMk0b\"><span class=\"ryNqvb\">Spalva &#8211; ruda\/ balta.\u00a0<\/span><\/span><\/span><\/span><br \/>\n<table style=\"height: 66px;\" width=\"435\">\n<tbody>\n<tr>\n<td width=\"91\">I\u0161matavimai: Ilgis 23,5 cm \/ Plotis 21,5 cm \/ Auk\u0161tis 18 cm.<\/td>\n<\/tr>\n<\/tbody>\n<\/table>\n<p>&nbsp;<\/li>\n<\/ul>","protected":false},"excerpt":{"rendered":"<p>I\u0161skirtin\u0117 spalvin\u0117 gama, modernus dizainas, sferin\u0117 vaza su daugybe ang\u0173, pripildyta g\u0117li\u0173, neabejotinai sukurs \u017eaisming\u0105 efekt\u0105. Tai unikalus interjero akcentas, kuris puikiai tiks kaip dovana arba ak\u012f traukiantis dekoro elementas J\u016bs\u0173 namuose. Detal\u0117s: keramika. Spalva &#8211; ruda\/ balta.\u00a0 I\u0161matavimai: Ilgis 23,5 cm \/ Plotis 21,5 cm \/ Auk\u0161tis 18 cm. &nbsp;<\/p>","protected":false},"featured_media":15795,"template":"","meta":{"_monsterinsights_skip_tracking":false,"_monsterinsights_sitenote_active":false,"_monsterinsights_sitenote_note":"","_monsterinsights_sitenote_category":0},"product_brand":[],"product_cat":[103,101],"product_tag":[468],"class_list":{"0":"post-15791","1":"product","2":"type-product","3":"status-publish","4":"has-post-thumbnail","6":"product_cat-dovanu-idejos","7":"product_cat-vazos","8":"product_tag-keramikine-vaza","10":"first","11":"instock","12":"taxable","13":"shipping-taxable","14":"purchasable","15":"product-type-simple"},"_links":{"self":[{"href":"https:\/\/duckdeco.lt\/en\/wp-json\/wp\/v2\/product\/15791","targetHints":{"allow":["GET"]}}],"collection":[{"href":"https:\/\/duckdeco.lt\/en\/wp-json\/wp\/v2\/product"}],"about":[{"href":"https:\/\/duckdeco.lt\/en\/wp-json\/wp\/v2\/types\/product"}],"version-history":[{"count":2,"href":"https:\/\/duckdeco.lt\/en\/wp-json\/wp\/v2\/product\/15791\/revisions"}],"predecessor-version":[{"id":15797,"href":"https:\/\/duckdeco.lt\/en\/wp-json\/wp\/v2\/product\/15791\/revisions\/15797"}],"wp:featuredmedia":[{"embeddable":true,"href":"https:\/\/duckdeco.lt\/en\/wp-json\/wp\/v2\/media\/15795"}],"wp:attachment":[{"href":"https:\/\/duckdeco.lt\/en\/wp-json\/wp\/v2\/media?parent=15791"}],"wp:term":[{"taxonomy":"product_brand","embeddable":true,"href":"https:\/\/duckdeco.lt\/en\/wp-json\/wp\/v2\/product_brand?post=15791"},{"taxonomy":"product_cat","embeddable":true,"href":"https:\/\/duckdeco.lt\/en\/wp-json\/wp\/v2\/product_cat?post=15791"},{"taxonomy":"product_tag","embeddable":true,"href":"https:\/\/duckdeco.lt\/en\/wp-json\/wp\/v2\/product_tag?post=15791"}],"curies":[{"name":"wp","href":"https:\/\/api.w.org\/{rel}","templated":true}]}}