{"id":15804,"date":"2026-02-26T15:50:45","date_gmt":"2026-02-26T13:50:45","guid":{"rendered":"https:\/\/duckdeco.lt\/?post_type=product&#038;p=15804"},"modified":"2026-02-26T15:50:46","modified_gmt":"2026-02-26T13:50:46","slug":"vaza-otare","status":"publish","type":"product","link":"https:\/\/duckdeco.lt\/en\/product\/vaza-otare\/","title":{"rendered":"Vaza Otare"},"content":{"rendered":"<ul>\n<li><span class=\"HwtZe\" lang=\"lt\"><span class=\"HwtZe\" lang=\"lt\"><span class=\"jCAhz ChMk0b\"><span class=\"ryNqvb\">Prek\u0117s \u017eenklo \u201eLight &amp; Living\u201c kolekcijos<\/span><\/span><span class=\"jCAhz ChMk0b\"><span class=\"ryNqvb\"> vaza pasi\u017eymi eleganti\u0161ka forma, subtilia spalvine tekst\u016bra, tai dekoro elementas, kuris der\u0117s tiek moderniame, tiek klasikiniame stiliuje. <\/span><\/span><\/span><\/span><\/li>\n<li><span class=\"HwtZe\" lang=\"lt\"><span class=\"HwtZe\" lang=\"lt\"><span class=\"jCAhz ChMk0b\"><span class=\"ryNqvb\">Detal\u0117s: keramika. <\/span><\/span><\/span><\/span><\/li>\n<li><span class=\"HwtZe\" lang=\"lt\"><span class=\"HwtZe\" lang=\"lt\"><span class=\"jCAhz ChMk0b\"><span class=\"ryNqvb\">Spalva &#8211; alyvuogi\u0173.\u00a0<\/span><\/span><\/span><\/span><br \/>\n<table width=\"405\">\n<tbody>\n<tr>\n<td width=\"91\">I\u0161matavimai: Skersmuo 11 cm\/ Auk\u0161tis 21 cm.<\/td>\n<\/tr>\n<\/tbody>\n<\/table>\n<p>&nbsp;<\/li>\n<\/ul>","protected":false},"excerpt":{"rendered":"<p>Prek\u0117s \u017eenklo \u201eLight &amp; Living\u201c kolekcijos vaza pasi\u017eymi eleganti\u0161ka forma, subtilia spalvine tekst\u016bra, tai dekoro elementas, kuris der\u0117s tiek moderniame, tiek klasikiniame stiliuje. Detal\u0117s: keramika. Spalva &#8211; alyvuogi\u0173.\u00a0 I\u0161matavimai: Skersmuo 11 cm\/ Auk\u0161tis 21 cm. &nbsp;<\/p>","protected":false},"featured_media":15805,"template":"","meta":{"_monsterinsights_skip_tracking":false,"_monsterinsights_sitenote_active":false,"_monsterinsights_sitenote_note":"","_monsterinsights_sitenote_category":0},"product_brand":[],"product_cat":[101],"product_tag":[468],"class_list":{"0":"post-15804","1":"product","2":"type-product","3":"status-publish","4":"has-post-thumbnail","6":"product_cat-vazos","7":"product_tag-keramikine-vaza","9":"first","10":"instock","11":"taxable","12":"shipping-taxable","13":"purchasable","14":"product-type-simple"},"_links":{"self":[{"href":"https:\/\/duckdeco.lt\/en\/wp-json\/wp\/v2\/product\/15804","targetHints":{"allow":["GET"]}}],"collection":[{"href":"https:\/\/duckdeco.lt\/en\/wp-json\/wp\/v2\/product"}],"about":[{"href":"https:\/\/duckdeco.lt\/en\/wp-json\/wp\/v2\/types\/product"}],"version-history":[{"count":1,"href":"https:\/\/duckdeco.lt\/en\/wp-json\/wp\/v2\/product\/15804\/revisions"}],"predecessor-version":[{"id":15806,"href":"https:\/\/duckdeco.lt\/en\/wp-json\/wp\/v2\/product\/15804\/revisions\/15806"}],"wp:featuredmedia":[{"embeddable":true,"href":"https:\/\/duckdeco.lt\/en\/wp-json\/wp\/v2\/media\/15805"}],"wp:attachment":[{"href":"https:\/\/duckdeco.lt\/en\/wp-json\/wp\/v2\/media?parent=15804"}],"wp:term":[{"taxonomy":"product_brand","embeddable":true,"href":"https:\/\/duckdeco.lt\/en\/wp-json\/wp\/v2\/product_brand?post=15804"},{"taxonomy":"product_cat","embeddable":true,"href":"https:\/\/duckdeco.lt\/en\/wp-json\/wp\/v2\/product_cat?post=15804"},{"taxonomy":"product_tag","embeddable":true,"href":"https:\/\/duckdeco.lt\/en\/wp-json\/wp\/v2\/product_tag?post=15804"}],"curies":[{"name":"wp","href":"https:\/\/api.w.org\/{rel}","templated":true}]}}