{"id":15811,"date":"2026-02-26T16:41:40","date_gmt":"2026-02-26T14:41:40","guid":{"rendered":"https:\/\/duckdeco.lt\/?post_type=product&#038;p=15811"},"modified":"2026-02-26T16:41:41","modified_gmt":"2026-02-26T14:41:41","slug":"vaza-rose","status":"publish","type":"product","link":"https:\/\/duckdeco.lt\/en\/product\/vaza-rose\/","title":{"rendered":"Vaza Rose"},"content":{"rendered":"<ul>\n<li><span class=\"HwtZe\" lang=\"lt\"><span class=\"jCAhz ChMk0b\"><span class=\"ryNqvb\">Stilingas bet kokio interjero papildymas!<\/span><\/span> <span class=\"jCAhz ChMk0b\"><span class=\"ryNqvb\">Nesvarbu, ar ie\u0161kote vazos, kurioje gal\u0117tum\u0117te ant valgomojo stalo eksponuoti gra\u017ei\u0105 g\u0117li\u0173 puok\u0161t\u0119, ar ka\u017eko, kas papuo\u0161t\u0173 sienin\u0119 lentyn\u0105 ar g\u0117li\u0173 stov\u0105, \u0161ios fajansin\u0117s vazos visada yra puikus pasirinkimas!<\/span><\/span> <\/span><\/li>\n<li><span class=\"HwtZe\" lang=\"lt\">Detal\u0117s: Keramika\u00a0<\/span><\/li>\n<li><span class=\"HwtZe\" lang=\"lt\"><span class=\"HwtZe\" lang=\"lt\"><span class=\"jCAhz\"><span class=\"ryNqvb\">Spalva \u2013 ro\u017ein\u0117\/ \u017ealia.\u00a0<\/span><\/span><\/span><\/span><br \/>\n<table width=\"405\">\n<tbody>\n<tr>\n<td width=\"91\">I\u0161matavimai: Skersmuo 10,5 Auk\u0161tis 20 cm.<\/td>\n<\/tr>\n<\/tbody>\n<\/table>\n<p>&nbsp;<\/li>\n<\/ul>","protected":false},"excerpt":{"rendered":"<p>Stilingas bet kokio interjero papildymas! Nesvarbu, ar ie\u0161kote vazos, kurioje gal\u0117tum\u0117te ant valgomojo stalo eksponuoti gra\u017ei\u0105 g\u0117li\u0173 puok\u0161t\u0119, ar ka\u017eko, kas papuo\u0161t\u0173 sienin\u0119 lentyn\u0105 ar g\u0117li\u0173 stov\u0105, \u0161ios fajansin\u0117s vazos visada yra puikus pasirinkimas! Detal\u0117s: Keramika\u00a0 Spalva \u2013 ro\u017ein\u0117\/ \u017ealia.\u00a0 I\u0161matavimai: Skersmuo 10,5 Auk\u0161tis 20 cm. &nbsp;<\/p>","protected":false},"featured_media":15812,"template":"","meta":{"_monsterinsights_skip_tracking":false,"_monsterinsights_sitenote_active":false,"_monsterinsights_sitenote_note":"","_monsterinsights_sitenote_category":0},"product_brand":[],"product_cat":[95,101],"product_tag":[468],"class_list":{"0":"post-15811","1":"product","2":"type-product","3":"status-publish","4":"has-post-thumbnail","6":"product_cat-interjerui","7":"product_cat-vazos","8":"product_tag-keramikine-vaza","10":"first","11":"instock","12":"taxable","13":"shipping-taxable","14":"purchasable","15":"product-type-simple"},"_links":{"self":[{"href":"https:\/\/duckdeco.lt\/en\/wp-json\/wp\/v2\/product\/15811","targetHints":{"allow":["GET"]}}],"collection":[{"href":"https:\/\/duckdeco.lt\/en\/wp-json\/wp\/v2\/product"}],"about":[{"href":"https:\/\/duckdeco.lt\/en\/wp-json\/wp\/v2\/types\/product"}],"version-history":[{"count":1,"href":"https:\/\/duckdeco.lt\/en\/wp-json\/wp\/v2\/product\/15811\/revisions"}],"predecessor-version":[{"id":15814,"href":"https:\/\/duckdeco.lt\/en\/wp-json\/wp\/v2\/product\/15811\/revisions\/15814"}],"wp:featuredmedia":[{"embeddable":true,"href":"https:\/\/duckdeco.lt\/en\/wp-json\/wp\/v2\/media\/15812"}],"wp:attachment":[{"href":"https:\/\/duckdeco.lt\/en\/wp-json\/wp\/v2\/media?parent=15811"}],"wp:term":[{"taxonomy":"product_brand","embeddable":true,"href":"https:\/\/duckdeco.lt\/en\/wp-json\/wp\/v2\/product_brand?post=15811"},{"taxonomy":"product_cat","embeddable":true,"href":"https:\/\/duckdeco.lt\/en\/wp-json\/wp\/v2\/product_cat?post=15811"},{"taxonomy":"product_tag","embeddable":true,"href":"https:\/\/duckdeco.lt\/en\/wp-json\/wp\/v2\/product_tag?post=15811"}],"curies":[{"name":"wp","href":"https:\/\/api.w.org\/{rel}","templated":true}]}}