{"id":15835,"date":"2026-03-07T13:13:36","date_gmt":"2026-03-07T11:13:36","guid":{"rendered":"https:\/\/duckdeco.lt\/?post_type=product&#038;p=15835"},"modified":"2026-03-07T13:17:56","modified_gmt":"2026-03-07T11:17:56","slug":"vaza-pink-orange-32-5","status":"publish","type":"product","link":"https:\/\/duckdeco.lt\/en\/product\/vaza-pink-orange-32-5\/","title":{"rendered":"Vaza Pink Orange 32.5"},"content":{"rendered":"<ul>\n<li>Modernaus dizaino vaza i\u0161 Diga Colmore kolekcijos, subtilios formos, ry\u0161ki\u0173 pereinan\u010di\u0173 spalv\u0173. Tai ne vien interjero detal\u0117, kuri atliks savo funkcij\u0105, kartu tai taps ak\u012f traukian\u010dia nam\u0173 puo\u0161mena.<\/li>\n<li>Detal\u0117s: med\u017eiaga-stiklas.<\/li>\n<li>Spalva &#8211; ro\u017ein\u0117, oran\u017ein\u0117.<br \/>\n<table width=\"405\">\n<tbody>\n<tr>\n<td width=\"91\">I\u0161matavimai: Skersmuo 18 cm \/ Auk\u0161tis 32,5 cm.<\/td>\n<\/tr>\n<\/tbody>\n<\/table>\n<p>&nbsp;<\/li>\n<\/ul>","protected":false},"excerpt":{"rendered":"<p>Modernaus dizaino vaza i\u0161 Diga Colmore kolekcijos, subtilios formos, ry\u0161ki\u0173 pereinan\u010di\u0173 spalv\u0173. Tai ne vien interjero detal\u0117, kuri atliks savo funkcij\u0105, kartu tai taps ak\u012f traukian\u010dia nam\u0173 puo\u0161mena. Detal\u0117s: med\u017eiaga-stiklas. Spalva &#8211; ro\u017ein\u0117, oran\u017ein\u0117. I\u0161matavimai: Skersmuo 18 cm \/ Auk\u0161tis 32,5 cm. &nbsp;<\/p>","protected":false},"featured_media":15836,"template":"","meta":{"_monsterinsights_skip_tracking":false,"_monsterinsights_sitenote_active":false,"_monsterinsights_sitenote_note":"","_monsterinsights_sitenote_category":0},"product_brand":[],"product_cat":[106,103,122,101],"product_tag":[],"class_list":{"0":"post-15835","1":"product","2":"type-product","3":"status-publish","4":"has-post-thumbnail","6":"product_cat-dekoras-sventems","7":"product_cat-dovanu-idejos","8":"product_cat-ispardavimas","9":"product_cat-vazos","11":"first","12":"instock","13":"sale","14":"taxable","15":"shipping-taxable","16":"purchasable","17":"product-type-simple"},"_links":{"self":[{"href":"https:\/\/duckdeco.lt\/en\/wp-json\/wp\/v2\/product\/15835","targetHints":{"allow":["GET"]}}],"collection":[{"href":"https:\/\/duckdeco.lt\/en\/wp-json\/wp\/v2\/product"}],"about":[{"href":"https:\/\/duckdeco.lt\/en\/wp-json\/wp\/v2\/types\/product"}],"version-history":[{"count":1,"href":"https:\/\/duckdeco.lt\/en\/wp-json\/wp\/v2\/product\/15835\/revisions"}],"predecessor-version":[{"id":15838,"href":"https:\/\/duckdeco.lt\/en\/wp-json\/wp\/v2\/product\/15835\/revisions\/15838"}],"wp:featuredmedia":[{"embeddable":true,"href":"https:\/\/duckdeco.lt\/en\/wp-json\/wp\/v2\/media\/15836"}],"wp:attachment":[{"href":"https:\/\/duckdeco.lt\/en\/wp-json\/wp\/v2\/media?parent=15835"}],"wp:term":[{"taxonomy":"product_brand","embeddable":true,"href":"https:\/\/duckdeco.lt\/en\/wp-json\/wp\/v2\/product_brand?post=15835"},{"taxonomy":"product_cat","embeddable":true,"href":"https:\/\/duckdeco.lt\/en\/wp-json\/wp\/v2\/product_cat?post=15835"},{"taxonomy":"product_tag","embeddable":true,"href":"https:\/\/duckdeco.lt\/en\/wp-json\/wp\/v2\/product_tag?post=15835"}],"curies":[{"name":"wp","href":"https:\/\/api.w.org\/{rel}","templated":true}]}}