{"id":15840,"date":"2026-03-07T13:20:11","date_gmt":"2026-03-07T11:20:11","guid":{"rendered":"https:\/\/duckdeco.lt\/?post_type=product&#038;p=15840"},"modified":"2026-03-07T13:23:12","modified_gmt":"2026-03-07T11:23:12","slug":"vaza-yellow-purple-26","status":"publish","type":"product","link":"https:\/\/duckdeco.lt\/en\/product\/vaza-yellow-purple-26\/","title":{"rendered":"Vaza Yellow Purple 26"},"content":{"rendered":"<ul>\n<li>Modernaus dizaino vaza i\u0161 Diga Colmore kolekcijos, subtilios formos, ry\u0161ki\u0173 pereinan\u010di\u0173 spalv\u0173. Tai ne vien interjero detal\u0117, kuri atliks savo funkcij\u0105, kartu tai taps ak\u012f traukian\u010dia nam\u0173 puo\u0161mena.<\/li>\n<li>Detal\u0117s: med\u017eiaga-stiklas.<\/li>\n<li>Spalva &#8211; geltona, viol\u0117tin\u0117.<br \/>\n<table width=\"405\">\n<tbody>\n<tr>\n<td width=\"91\">I\u0161matavimai: Skersmuo 18 cm \/ Auk\u0161tis 26 cm.<\/td>\n<\/tr>\n<\/tbody>\n<\/table>\n<p>&nbsp;<\/li>\n<\/ul>","protected":false},"excerpt":{"rendered":"<p>Modernaus dizaino vaza i\u0161 Diga Colmore kolekcijos, subtilios formos, ry\u0161ki\u0173 pereinan\u010di\u0173 spalv\u0173. Tai ne vien interjero detal\u0117, kuri atliks savo funkcij\u0105, kartu tai taps ak\u012f traukian\u010dia nam\u0173 puo\u0161mena. Detal\u0117s: med\u017eiaga-stiklas. Spalva &#8211; geltona, viol\u0117tin\u0117. I\u0161matavimai: Skersmuo 18 cm \/ Auk\u0161tis 26 cm. &nbsp;<\/p>","protected":false},"featured_media":15841,"template":"","meta":{"_monsterinsights_skip_tracking":false,"_monsterinsights_sitenote_active":false,"_monsterinsights_sitenote_note":"","_monsterinsights_sitenote_category":0},"product_brand":[],"product_cat":[106,103,95,122,101],"product_tag":[],"class_list":{"0":"post-15840","1":"product","2":"type-product","3":"status-publish","4":"has-post-thumbnail","6":"product_cat-dekoras-sventems","7":"product_cat-dovanu-idejos","8":"product_cat-interjerui","9":"product_cat-ispardavimas","10":"product_cat-vazos","12":"first","13":"instock","14":"sale","15":"taxable","16":"shipping-taxable","17":"purchasable","18":"product-type-simple"},"_links":{"self":[{"href":"https:\/\/duckdeco.lt\/en\/wp-json\/wp\/v2\/product\/15840","targetHints":{"allow":["GET"]}}],"collection":[{"href":"https:\/\/duckdeco.lt\/en\/wp-json\/wp\/v2\/product"}],"about":[{"href":"https:\/\/duckdeco.lt\/en\/wp-json\/wp\/v2\/types\/product"}],"version-history":[{"count":1,"href":"https:\/\/duckdeco.lt\/en\/wp-json\/wp\/v2\/product\/15840\/revisions"}],"predecessor-version":[{"id":15842,"href":"https:\/\/duckdeco.lt\/en\/wp-json\/wp\/v2\/product\/15840\/revisions\/15842"}],"wp:featuredmedia":[{"embeddable":true,"href":"https:\/\/duckdeco.lt\/en\/wp-json\/wp\/v2\/media\/15841"}],"wp:attachment":[{"href":"https:\/\/duckdeco.lt\/en\/wp-json\/wp\/v2\/media?parent=15840"}],"wp:term":[{"taxonomy":"product_brand","embeddable":true,"href":"https:\/\/duckdeco.lt\/en\/wp-json\/wp\/v2\/product_brand?post=15840"},{"taxonomy":"product_cat","embeddable":true,"href":"https:\/\/duckdeco.lt\/en\/wp-json\/wp\/v2\/product_cat?post=15840"},{"taxonomy":"product_tag","embeddable":true,"href":"https:\/\/duckdeco.lt\/en\/wp-json\/wp\/v2\/product_tag?post=15840"}],"curies":[{"name":"wp","href":"https:\/\/api.w.org\/{rel}","templated":true}]}}