{"id":15853,"date":"2026-03-10T09:37:23","date_gmt":"2026-03-10T07:37:23","guid":{"rendered":"https:\/\/duckdeco.lt\/?post_type=product&#038;p=15853"},"modified":"2026-03-10T09:37:24","modified_gmt":"2026-03-10T07:37:24","slug":"vaza-nobu","status":"publish","type":"product","link":"https:\/\/duckdeco.lt\/en\/product\/vaza-nobu\/","title":{"rendered":"Vaza Nobu"},"content":{"rendered":"<ul>\n<li>Modernaus dizaino vaza, kuri kiekvienai erdvei suteiks elegancijos, su g\u0117l\u0117mis ar be j\u0173 tai dekoro elementas, kuris trauks kiekvieno ak\u012f.<\/li>\n<li>Detal\u0117s; med\u017eiaga &#8211; keramika.<\/li>\n<li>Spalva &#8211; balta.<br \/>\n<table width=\"405\">\n<tbody>\n<tr>\n<td width=\"91\">I\u0161matavimai: Skersmuo 17 cm \/ Auk\u0161tis 18,5 cm.<\/td>\n<\/tr>\n<\/tbody>\n<\/table>\n<p>&nbsp;<\/li>\n<\/ul>","protected":false},"excerpt":{"rendered":"<p>Modernaus dizaino vaza, kuri kiekvienai erdvei suteiks elegancijos, su g\u0117l\u0117mis ar be j\u0173 tai dekoro elementas, kuris trauks kiekvieno ak\u012f. Detal\u0117s; med\u017eiaga &#8211; keramika. Spalva &#8211; balta. I\u0161matavimai: Skersmuo 17 cm \/ Auk\u0161tis 18,5 cm. &nbsp;<\/p>","protected":false},"featured_media":15855,"template":"","meta":{"_monsterinsights_skip_tracking":false,"_monsterinsights_sitenote_active":false,"_monsterinsights_sitenote_note":"","_monsterinsights_sitenote_category":0},"product_brand":[],"product_cat":[95,101],"product_tag":[468],"class_list":{"0":"post-15853","1":"product","2":"type-product","3":"status-publish","4":"has-post-thumbnail","6":"product_cat-interjerui","7":"product_cat-vazos","8":"product_tag-keramikine-vaza","10":"first","11":"instock","12":"taxable","13":"shipping-taxable","14":"purchasable","15":"product-type-simple"},"_links":{"self":[{"href":"https:\/\/duckdeco.lt\/en\/wp-json\/wp\/v2\/product\/15853","targetHints":{"allow":["GET"]}}],"collection":[{"href":"https:\/\/duckdeco.lt\/en\/wp-json\/wp\/v2\/product"}],"about":[{"href":"https:\/\/duckdeco.lt\/en\/wp-json\/wp\/v2\/types\/product"}],"version-history":[{"count":1,"href":"https:\/\/duckdeco.lt\/en\/wp-json\/wp\/v2\/product\/15853\/revisions"}],"predecessor-version":[{"id":15857,"href":"https:\/\/duckdeco.lt\/en\/wp-json\/wp\/v2\/product\/15853\/revisions\/15857"}],"wp:featuredmedia":[{"embeddable":true,"href":"https:\/\/duckdeco.lt\/en\/wp-json\/wp\/v2\/media\/15855"}],"wp:attachment":[{"href":"https:\/\/duckdeco.lt\/en\/wp-json\/wp\/v2\/media?parent=15853"}],"wp:term":[{"taxonomy":"product_brand","embeddable":true,"href":"https:\/\/duckdeco.lt\/en\/wp-json\/wp\/v2\/product_brand?post=15853"},{"taxonomy":"product_cat","embeddable":true,"href":"https:\/\/duckdeco.lt\/en\/wp-json\/wp\/v2\/product_cat?post=15853"},{"taxonomy":"product_tag","embeddable":true,"href":"https:\/\/duckdeco.lt\/en\/wp-json\/wp\/v2\/product_tag?post=15853"}],"curies":[{"name":"wp","href":"https:\/\/api.w.org\/{rel}","templated":true}]}}