{"id":15862,"date":"2026-03-10T10:29:39","date_gmt":"2026-03-10T08:29:39","guid":{"rendered":"https:\/\/duckdeco.lt\/?post_type=product&#038;p=15862"},"modified":"2026-03-10T10:29:39","modified_gmt":"2026-03-10T08:29:39","slug":"vaza-flora","status":"publish","type":"product","link":"https:\/\/duckdeco.lt\/en\/product\/vaza-flora\/","title":{"rendered":"Vaza Flora"},"content":{"rendered":"<ul>\n<li>\u0160i gra\u017ei keramin\u0117 vaza i\u0161 karto patraukia ak\u012f savo unikalia forma ir garsty\u010di\u0173 spalva. Organi\u0161kos linijos ir i\u0161skirtin\u0117s detal\u0117s vir\u0161uje suteikia vazai meni\u0161k\u0105 i\u0161vaizd\u0105, o blizgus pavir\u0161ius \u2013 prabang\u0173 \u012fvaizd\u012f. Pad\u0117kite j\u0105 ant komodos, stalo ar palang\u0117s \u2013 su g\u0117l\u0117mis ar be j\u0173, ji bus puikus interjero akcentas.<\/li>\n<li>Detal\u0117s: med\u017eiaga &#8211; keramika.<\/li>\n<li>Spalva &#8211; kremin\u0117.<br \/>\n<table width=\"405\">\n<tbody>\n<tr>\n<td width=\"91\">I\u0161matavimai: Skersmuo 12.5 cm \/ Auk\u0161tis 32 cm.<\/td>\n<\/tr>\n<\/tbody>\n<\/table>\n<\/li>\n<\/ul>","protected":false},"excerpt":{"rendered":"<p>\u0160i gra\u017ei keramin\u0117 vaza i\u0161 karto patraukia ak\u012f savo unikalia forma ir garsty\u010di\u0173 spalva. Organi\u0161kos linijos ir i\u0161skirtin\u0117s detal\u0117s vir\u0161uje suteikia vazai meni\u0161k\u0105 i\u0161vaizd\u0105, o blizgus pavir\u0161ius \u2013 prabang\u0173 \u012fvaizd\u012f. Pad\u0117kite j\u0105 ant komodos, stalo ar palang\u0117s \u2013 su g\u0117l\u0117mis ar be j\u0173, ji bus puikus interjero akcentas. Detal\u0117s: med\u017eiaga &#8211; keramika. Spalva &#8211; kremin\u0117. &hellip; <br \/><a href=\"https:\/\/duckdeco.lt\/en\/product\/vaza-flora\/\" class=\"more-link\">Continue reading <span class=\"screen-reader-text\">Vaza Flora<\/span><\/a><\/p>","protected":false},"featured_media":15863,"template":"","meta":{"_monsterinsights_skip_tracking":false,"_monsterinsights_sitenote_active":false,"_monsterinsights_sitenote_note":"","_monsterinsights_sitenote_category":0},"product_brand":[],"product_cat":[101],"product_tag":[468],"class_list":{"0":"post-15862","1":"product","2":"type-product","3":"status-publish","4":"has-post-thumbnail","6":"product_cat-vazos","7":"product_tag-keramikine-vaza","9":"first","10":"instock","11":"taxable","12":"shipping-taxable","13":"purchasable","14":"product-type-simple"},"_links":{"self":[{"href":"https:\/\/duckdeco.lt\/en\/wp-json\/wp\/v2\/product\/15862","targetHints":{"allow":["GET"]}}],"collection":[{"href":"https:\/\/duckdeco.lt\/en\/wp-json\/wp\/v2\/product"}],"about":[{"href":"https:\/\/duckdeco.lt\/en\/wp-json\/wp\/v2\/types\/product"}],"version-history":[{"count":1,"href":"https:\/\/duckdeco.lt\/en\/wp-json\/wp\/v2\/product\/15862\/revisions"}],"predecessor-version":[{"id":15864,"href":"https:\/\/duckdeco.lt\/en\/wp-json\/wp\/v2\/product\/15862\/revisions\/15864"}],"wp:featuredmedia":[{"embeddable":true,"href":"https:\/\/duckdeco.lt\/en\/wp-json\/wp\/v2\/media\/15863"}],"wp:attachment":[{"href":"https:\/\/duckdeco.lt\/en\/wp-json\/wp\/v2\/media?parent=15862"}],"wp:term":[{"taxonomy":"product_brand","embeddable":true,"href":"https:\/\/duckdeco.lt\/en\/wp-json\/wp\/v2\/product_brand?post=15862"},{"taxonomy":"product_cat","embeddable":true,"href":"https:\/\/duckdeco.lt\/en\/wp-json\/wp\/v2\/product_cat?post=15862"},{"taxonomy":"product_tag","embeddable":true,"href":"https:\/\/duckdeco.lt\/en\/wp-json\/wp\/v2\/product_tag?post=15862"}],"curies":[{"name":"wp","href":"https:\/\/api.w.org\/{rel}","templated":true}]}}