{"id":15869,"date":"2026-03-10T12:29:18","date_gmt":"2026-03-10T10:29:18","guid":{"rendered":"https:\/\/duckdeco.lt\/?post_type=product&#038;p=15869"},"modified":"2026-03-10T12:29:18","modified_gmt":"2026-03-10T10:29:18","slug":"vaza-lorita","status":"publish","type":"product","link":"https:\/\/duckdeco.lt\/en\/product\/vaza-lorita\/","title":{"rendered":"Vaza Lorita"},"content":{"rendered":"<ul>\n<li>Modernaus dizaino, subtili\u0173 form\u0173 vaza, \u012fne\u0161 \u012f J\u016bs\u0173 erdv\u0119 elegancijos, suteiks i\u0161skirtinumo poj\u016bt\u012f. Pastatykite j\u0105 ant palang\u0117s, komodos ar ant valgomojo stalo su g\u0117l\u0117mis ar be j\u0173, j\u012f spinduliuos \u017eavesiu bet kurioje erdv\u0117je.<\/li>\n<li>Detal\u0117s: med\u017eiaga &#8211; keramika.<\/li>\n<li>Spalva &#8211; \u017ealia\/ kremin\u0117.<br \/>\n<table width=\"405\">\n<tbody>\n<tr>\n<td width=\"91\">I\u0161matavimai: Ilgis 30 cm \/ Plotis 16 cm \/ Auk\u0161tis 25 cm.<\/td>\n<\/tr>\n<\/tbody>\n<\/table>\n<p>&nbsp;<\/li>\n<\/ul>","protected":false},"excerpt":{"rendered":"<p>Modernaus dizaino, subtili\u0173 form\u0173 vaza, \u012fne\u0161 \u012f J\u016bs\u0173 erdv\u0119 elegancijos, suteiks i\u0161skirtinumo poj\u016bt\u012f. Pastatykite j\u0105 ant palang\u0117s, komodos ar ant valgomojo stalo su g\u0117l\u0117mis ar be j\u0173, j\u012f spinduliuos \u017eavesiu bet kurioje erdv\u0117je. Detal\u0117s: med\u017eiaga &#8211; keramika. Spalva &#8211; \u017ealia\/ kremin\u0117. I\u0161matavimai: Ilgis 30 cm \/ Plotis 16 cm \/ Auk\u0161tis 25 cm. &nbsp;<\/p>","protected":false},"featured_media":15871,"template":"","meta":{"_monsterinsights_skip_tracking":false,"_monsterinsights_sitenote_active":false,"_monsterinsights_sitenote_note":"","_monsterinsights_sitenote_category":0},"product_brand":[],"product_cat":[95,101],"product_tag":[468],"class_list":{"0":"post-15869","1":"product","2":"type-product","3":"status-publish","4":"has-post-thumbnail","6":"product_cat-interjerui","7":"product_cat-vazos","8":"product_tag-keramikine-vaza","10":"first","11":"instock","12":"taxable","13":"shipping-taxable","14":"purchasable","15":"product-type-simple"},"_links":{"self":[{"href":"https:\/\/duckdeco.lt\/en\/wp-json\/wp\/v2\/product\/15869","targetHints":{"allow":["GET"]}}],"collection":[{"href":"https:\/\/duckdeco.lt\/en\/wp-json\/wp\/v2\/product"}],"about":[{"href":"https:\/\/duckdeco.lt\/en\/wp-json\/wp\/v2\/types\/product"}],"version-history":[{"count":2,"href":"https:\/\/duckdeco.lt\/en\/wp-json\/wp\/v2\/product\/15869\/revisions"}],"predecessor-version":[{"id":15873,"href":"https:\/\/duckdeco.lt\/en\/wp-json\/wp\/v2\/product\/15869\/revisions\/15873"}],"wp:featuredmedia":[{"embeddable":true,"href":"https:\/\/duckdeco.lt\/en\/wp-json\/wp\/v2\/media\/15871"}],"wp:attachment":[{"href":"https:\/\/duckdeco.lt\/en\/wp-json\/wp\/v2\/media?parent=15869"}],"wp:term":[{"taxonomy":"product_brand","embeddable":true,"href":"https:\/\/duckdeco.lt\/en\/wp-json\/wp\/v2\/product_brand?post=15869"},{"taxonomy":"product_cat","embeddable":true,"href":"https:\/\/duckdeco.lt\/en\/wp-json\/wp\/v2\/product_cat?post=15869"},{"taxonomy":"product_tag","embeddable":true,"href":"https:\/\/duckdeco.lt\/en\/wp-json\/wp\/v2\/product_tag?post=15869"}],"curies":[{"name":"wp","href":"https:\/\/api.w.org\/{rel}","templated":true}]}}