{"id":15874,"date":"2026-03-10T13:02:30","date_gmt":"2026-03-10T11:02:30","guid":{"rendered":"https:\/\/duckdeco.lt\/?post_type=product&#038;p=15874"},"modified":"2026-03-10T13:02:30","modified_gmt":"2026-03-10T11:02:30","slug":"vaza-nature","status":"publish","type":"product","link":"https:\/\/duckdeco.lt\/en\/product\/vaza-nature\/","title":{"rendered":"Vaza Nature"},"content":{"rendered":"<ul>\n<li><span class=\"HwtZe\" lang=\"lt\"><span class=\"HwtZe\" lang=\"lt\"><span class=\"jCAhz ChMk0b\"><span class=\"ryNqvb\">Neutrali vaza, kuri j\u016bs\u0173 namuose sukurs ramyb\u0117s ir jaukumo poj\u016bt\u012f.<\/span><\/span> <span class=\"jCAhz ChMk0b\"><span class=\"ryNqvb\">Ji puikiai der\u0117s su kitais (\u017eem\u0117s) tonais ir aksesuarais.<\/span><\/span> <\/span><\/span><\/li>\n<li><span class=\"HwtZe\" lang=\"lt\"><span class=\"HwtZe\" lang=\"lt\"><span class=\"jCAhz ChMk0b\"><span class=\"ryNqvb\">Detal\u0117s: med\u017eiaga &#8211; keramika. <\/span><\/span><\/span><\/span><\/li>\n<li><span class=\"HwtZe\" lang=\"lt\"><span class=\"HwtZe\" lang=\"lt\"><span class=\"jCAhz ChMk0b\"><span class=\"ryNqvb\">Spalva &#8211; kremin\u0117.<\/span><\/span><\/span><\/span><br \/>\n<table width=\"405\">\n<tbody>\n<tr>\n<td width=\"91\">I\u0161matavimai: Skersmuo 13 cm \/ Auk\u0161tis 20.5 cm.<\/td>\n<\/tr>\n<\/tbody>\n<\/table>\n<p>&nbsp;<\/li>\n<\/ul>","protected":false},"excerpt":{"rendered":"<p>Neutrali vaza, kuri j\u016bs\u0173 namuose sukurs ramyb\u0117s ir jaukumo poj\u016bt\u012f. Ji puikiai der\u0117s su kitais (\u017eem\u0117s) tonais ir aksesuarais. Detal\u0117s: med\u017eiaga &#8211; keramika. Spalva &#8211; kremin\u0117. I\u0161matavimai: Skersmuo 13 cm \/ Auk\u0161tis 20.5 cm. &nbsp;<\/p>","protected":false},"featured_media":15875,"template":"","meta":{"_monsterinsights_skip_tracking":false,"_monsterinsights_sitenote_active":false,"_monsterinsights_sitenote_note":"","_monsterinsights_sitenote_category":0},"product_brand":[],"product_cat":[95,101],"product_tag":[468],"class_list":{"0":"post-15874","1":"product","2":"type-product","3":"status-publish","4":"has-post-thumbnail","6":"product_cat-interjerui","7":"product_cat-vazos","8":"product_tag-keramikine-vaza","10":"first","11":"instock","12":"taxable","13":"shipping-taxable","14":"purchasable","15":"product-type-simple"},"_links":{"self":[{"href":"https:\/\/duckdeco.lt\/en\/wp-json\/wp\/v2\/product\/15874","targetHints":{"allow":["GET"]}}],"collection":[{"href":"https:\/\/duckdeco.lt\/en\/wp-json\/wp\/v2\/product"}],"about":[{"href":"https:\/\/duckdeco.lt\/en\/wp-json\/wp\/v2\/types\/product"}],"version-history":[{"count":1,"href":"https:\/\/duckdeco.lt\/en\/wp-json\/wp\/v2\/product\/15874\/revisions"}],"predecessor-version":[{"id":15877,"href":"https:\/\/duckdeco.lt\/en\/wp-json\/wp\/v2\/product\/15874\/revisions\/15877"}],"wp:featuredmedia":[{"embeddable":true,"href":"https:\/\/duckdeco.lt\/en\/wp-json\/wp\/v2\/media\/15875"}],"wp:attachment":[{"href":"https:\/\/duckdeco.lt\/en\/wp-json\/wp\/v2\/media?parent=15874"}],"wp:term":[{"taxonomy":"product_brand","embeddable":true,"href":"https:\/\/duckdeco.lt\/en\/wp-json\/wp\/v2\/product_brand?post=15874"},{"taxonomy":"product_cat","embeddable":true,"href":"https:\/\/duckdeco.lt\/en\/wp-json\/wp\/v2\/product_cat?post=15874"},{"taxonomy":"product_tag","embeddable":true,"href":"https:\/\/duckdeco.lt\/en\/wp-json\/wp\/v2\/product_tag?post=15874"}],"curies":[{"name":"wp","href":"https:\/\/api.w.org\/{rel}","templated":true}]}}