{"id":15889,"date":"2026-03-10T14:24:34","date_gmt":"2026-03-10T12:24:34","guid":{"rendered":"https:\/\/duckdeco.lt\/?post_type=product&#038;p=15889"},"modified":"2026-03-10T14:24:34","modified_gmt":"2026-03-10T12:24:34","slug":"vaza-leanja-2","status":"publish","type":"product","link":"https:\/\/duckdeco.lt\/en\/product\/vaza-leanja-2\/","title":{"rendered":"Vaza Leanja"},"content":{"rendered":"<ul>\n<li>Vaza i\u0161 Daan Kromhaut prek\u0117s \u017eenklo kolekcijos, neutrali spalva, subtilios linijos, deran\u010dios tiek moderniame, tiek skandinavi\u0161kame stiliuje. Pamerkite puok\u0161t\u0119 g\u0117li\u0173, saus\u0173 \u0161akeli\u0173 ar tiesiog derinkite su kitais dekoro elementais savo namuose.<\/li>\n<li>Detal\u0117s: med\u017eiaga &#8211; keramika.<\/li>\n<li>Spalva &#8211; sm\u0117lio.<br \/>\n<table width=\"405\">\n<tbody>\n<tr>\n<td width=\"91\">I\u0161matavimai: Skersmuo 17 cm\/ Auk\u0161tis 31 cm.<\/td>\n<\/tr>\n<\/tbody>\n<\/table>\n<p>&nbsp;<\/li>\n<\/ul>","protected":false},"excerpt":{"rendered":"<p>Vaza i\u0161 Daan Kromhaut prek\u0117s \u017eenklo kolekcijos, neutrali spalva, subtilios linijos, deran\u010dios tiek moderniame, tiek skandinavi\u0161kame stiliuje. Pamerkite puok\u0161t\u0119 g\u0117li\u0173, saus\u0173 \u0161akeli\u0173 ar tiesiog derinkite su kitais dekoro elementais savo namuose. Detal\u0117s: med\u017eiaga &#8211; keramika. Spalva &#8211; sm\u0117lio. I\u0161matavimai: Skersmuo 17 cm\/ Auk\u0161tis 31 cm. &nbsp;<\/p>","protected":false},"featured_media":15890,"template":"","meta":{"_monsterinsights_skip_tracking":false,"_monsterinsights_sitenote_active":false,"_monsterinsights_sitenote_note":"","_monsterinsights_sitenote_category":0},"product_brand":[],"product_cat":[95,101],"product_tag":[468],"class_list":{"0":"post-15889","1":"product","2":"type-product","3":"status-publish","4":"has-post-thumbnail","6":"product_cat-interjerui","7":"product_cat-vazos","8":"product_tag-keramikine-vaza","10":"first","11":"instock","12":"taxable","13":"shipping-taxable","14":"purchasable","15":"product-type-simple"},"_links":{"self":[{"href":"https:\/\/duckdeco.lt\/en\/wp-json\/wp\/v2\/product\/15889","targetHints":{"allow":["GET"]}}],"collection":[{"href":"https:\/\/duckdeco.lt\/en\/wp-json\/wp\/v2\/product"}],"about":[{"href":"https:\/\/duckdeco.lt\/en\/wp-json\/wp\/v2\/types\/product"}],"version-history":[{"count":1,"href":"https:\/\/duckdeco.lt\/en\/wp-json\/wp\/v2\/product\/15889\/revisions"}],"predecessor-version":[{"id":15891,"href":"https:\/\/duckdeco.lt\/en\/wp-json\/wp\/v2\/product\/15889\/revisions\/15891"}],"wp:featuredmedia":[{"embeddable":true,"href":"https:\/\/duckdeco.lt\/en\/wp-json\/wp\/v2\/media\/15890"}],"wp:attachment":[{"href":"https:\/\/duckdeco.lt\/en\/wp-json\/wp\/v2\/media?parent=15889"}],"wp:term":[{"taxonomy":"product_brand","embeddable":true,"href":"https:\/\/duckdeco.lt\/en\/wp-json\/wp\/v2\/product_brand?post=15889"},{"taxonomy":"product_cat","embeddable":true,"href":"https:\/\/duckdeco.lt\/en\/wp-json\/wp\/v2\/product_cat?post=15889"},{"taxonomy":"product_tag","embeddable":true,"href":"https:\/\/duckdeco.lt\/en\/wp-json\/wp\/v2\/product_tag?post=15889"}],"curies":[{"name":"wp","href":"https:\/\/api.w.org\/{rel}","templated":true}]}}