{"id":15893,"date":"2026-03-10T15:11:08","date_gmt":"2026-03-10T13:11:08","guid":{"rendered":"https:\/\/duckdeco.lt\/?post_type=product&#038;p=15893"},"modified":"2026-03-10T15:11:08","modified_gmt":"2026-03-10T13:11:08","slug":"vaza-nature-i","status":"publish","type":"product","link":"https:\/\/duckdeco.lt\/en\/product\/vaza-nature-i\/","title":{"rendered":"Vaza Nature I"},"content":{"rendered":"<p>&nbsp;<\/p>\n<div class=\"tab-content\">\n<div id=\"tabs-list-description\" class=\"tab-pane active in\">\n<ul>\n<li><span class=\"HwtZe\" lang=\"lt\"><span class=\"jCAhz ChMk0b\"><span class=\"ryNqvb\">Neutrali vaza, kuri j\u016bs\u0173 namuose sukurs ramyb\u0117s ir jaukumo poj\u016bt\u012f.<\/span><\/span> <span class=\"jCAhz ChMk0b\"><span class=\"ryNqvb\">Ji puikiai der\u0117s su kitais (\u017eem\u0117s) tonais ir aksesuarais.<\/span><\/span> <\/span><\/li>\n<li><span class=\"HwtZe\" lang=\"lt\"><span class=\"jCAhz ChMk0b\"><span class=\"ryNqvb\">Detal\u0117s: med\u017eiaga \u2013 keramika. <\/span><\/span><\/span><\/li>\n<li><span class=\"HwtZe\" lang=\"lt\"><span class=\"jCAhz ChMk0b\"><span class=\"ryNqvb\">Spalva \u2013 kremin\u0117.<\/span><\/span><\/span><br \/>\n<table width=\"405\">\n<tbody>\n<tr>\n<td width=\"91\">I\u0161matavimai: Skersmuo 14 cm \/ Auk\u0161tis 28 cm.<\/td>\n<\/tr>\n<\/tbody>\n<\/table>\n<p>&nbsp;<\/li>\n<\/ul>\n<\/div>\n<\/div>","protected":false},"excerpt":{"rendered":"<p>&nbsp; Neutrali vaza, kuri j\u016bs\u0173 namuose sukurs ramyb\u0117s ir jaukumo poj\u016bt\u012f. Ji puikiai der\u0117s su kitais (\u017eem\u0117s) tonais ir aksesuarais. Detal\u0117s: med\u017eiaga \u2013 keramika. Spalva \u2013 kremin\u0117. I\u0161matavimai: Skersmuo 14 cm \/ Auk\u0161tis 28 cm. &nbsp;<\/p>","protected":false},"featured_media":15894,"template":"","meta":{"_monsterinsights_skip_tracking":false,"_monsterinsights_sitenote_active":false,"_monsterinsights_sitenote_note":"","_monsterinsights_sitenote_category":0},"product_brand":[],"product_cat":[95,101],"product_tag":[468],"class_list":{"0":"post-15893","1":"product","2":"type-product","3":"status-publish","4":"has-post-thumbnail","6":"product_cat-interjerui","7":"product_cat-vazos","8":"product_tag-keramikine-vaza","10":"first","11":"instock","12":"taxable","13":"shipping-taxable","14":"purchasable","15":"product-type-simple"},"_links":{"self":[{"href":"https:\/\/duckdeco.lt\/en\/wp-json\/wp\/v2\/product\/15893","targetHints":{"allow":["GET"]}}],"collection":[{"href":"https:\/\/duckdeco.lt\/en\/wp-json\/wp\/v2\/product"}],"about":[{"href":"https:\/\/duckdeco.lt\/en\/wp-json\/wp\/v2\/types\/product"}],"version-history":[{"count":1,"href":"https:\/\/duckdeco.lt\/en\/wp-json\/wp\/v2\/product\/15893\/revisions"}],"predecessor-version":[{"id":15895,"href":"https:\/\/duckdeco.lt\/en\/wp-json\/wp\/v2\/product\/15893\/revisions\/15895"}],"wp:featuredmedia":[{"embeddable":true,"href":"https:\/\/duckdeco.lt\/en\/wp-json\/wp\/v2\/media\/15894"}],"wp:attachment":[{"href":"https:\/\/duckdeco.lt\/en\/wp-json\/wp\/v2\/media?parent=15893"}],"wp:term":[{"taxonomy":"product_brand","embeddable":true,"href":"https:\/\/duckdeco.lt\/en\/wp-json\/wp\/v2\/product_brand?post=15893"},{"taxonomy":"product_cat","embeddable":true,"href":"https:\/\/duckdeco.lt\/en\/wp-json\/wp\/v2\/product_cat?post=15893"},{"taxonomy":"product_tag","embeddable":true,"href":"https:\/\/duckdeco.lt\/en\/wp-json\/wp\/v2\/product_tag?post=15893"}],"curies":[{"name":"wp","href":"https:\/\/api.w.org\/{rel}","templated":true}]}}